{"id":1152,"date":"2023-12-19T10:51:13","date_gmt":"2023-12-19T10:51:13","guid":{"rendered":"https:\/\/new.ekowatt.cz\/?page_id=1152"},"modified":"2026-02-10T14:53:41","modified_gmt":"2026-02-10T14:53:41","slug":"reference-audity","status":"publish","type":"page","link":"https:\/\/ekowatt.cz\/index.php\/reference-audity\/","title":{"rendered":"Reference audity"},"content":{"rendered":"\t\t<div data-elementor-type=\"wp-page\" data-elementor-id=\"1152\" class=\"elementor elementor-1152\">\n\t\t\t\t<div class=\"elementor-element elementor-element-35a97a2 e-flex e-con-boxed e-con e-parent\" data-id=\"35a97a2\" data-element_type=\"container\" data-settings=\"{&quot;background_background&quot;:&quot;classic&quot;}\">\n\t\t\t\t\t<div class=\"e-con-inner\">\n\t\t\t\t<div class=\"elementor-element elementor-element-863e587 elementor-widget elementor-widget-heading\" data-id=\"863e587\" data-element_type=\"widget\" data-widget_type=\"heading.default\">\n\t\t\t\t<div class=\"elementor-widget-container\">\n\t\t\t\t\t<h2 class=\"elementor-heading-title elementor-size-default\">Reference: Energetick\u00e9 audity a&nbsp;posudky<\/h2>\t\t\t\t<\/div>\n\t\t\t\t<\/div>\n\t\t\t\t\t<\/div>\n\t\t\t\t<\/div>\n\t\t<div class=\"elementor-element elementor-element-47e7d9a e-flex e-con-boxed e-con e-parent\" data-id=\"47e7d9a\" data-element_type=\"container\">\n\t\t\t\t\t<div class=\"e-con-inner\">\n\t\t\t\t<div class=\"elementor-element elementor-element-c899fc0 elementor-widget elementor-widget-ucaddon_post_blocks\" data-id=\"c899fc0\" data-element_type=\"widget\" data-widget_type=\"ucaddon_post_blocks.default\">\n\t\t\t\t<div class=\"elementor-widget-container\">\n\t\t\t\t\t\n<!-- start Post Blocks -->\n\t\t<link id=\"font-awesome-css\" href=\"https:\/\/ekowatt.cz\/wp-content\/plugins\/unlimited-elements-for-elementor\/assets_libraries\/font-awesome6\/fontawesome-all.min.css\" type=\"text\/css\" rel=\"stylesheet\">\n\t\t<link id=\"font-awesome-4-shim-css\" href=\"https:\/\/ekowatt.cz\/wp-content\/plugins\/unlimited-elements-for-elementor\/assets_libraries\/font-awesome6\/fontawesome-v4-shims.min.css\" type=\"text\/css\" rel=\"stylesheet\">\n\n<style>\/* widget: Post Blocks *\/\n\n\n\n#uc_post_blocks_elementor_c899fc0 {\n    display:grid;\n}\n#uc_post_blocks_elementor_c899fc0 .ue_post_blocks_box\n{\n  overflow:hidden;\n}\n\n#uc_post_blocks_elementor_c899fc0 .ue_post_blocks_image\n{\n  overflow:hidden;\n}\n#uc_post_blocks_elementor_c899fc0 .ue_post_blocks_image img\n{\n  width:100%;\n  display:block;\n}\n#uc_post_blocks_elementor_c899fc0 .ue_post_blocks_link a\n{\n  display:inline-block;\n  text-decoration:none;\n  text-align:center;\n}\n\n\n#uc_post_blocks_elementor_c899fc0 .ue-grid-item-meta-data\n{\n  display:inlin-flex;\n  flex-wrap: wrap;\n}\n\n.ue-grid-item-meta-data\n{\n  font-size:12px;\n}\n\n#uc_post_blocks_elementor_c899fc0 .ue-grid-item-meta-data-icon\n{\n  line-height:1em;\n}\n\n#uc_post_blocks_elementor_c899fc0 .ue-grid-item-meta-data-icon svg\n{\n  width:1em;\n  height:1em;\n}\n\n#uc_post_blocks_elementor_c899fc0 .ue_post_blocks_box{\n  display: flex;\n  flex-direction: column;\n}\n#uc_post_blocks_elementor_c899fc0 .ue_post_blocks_content{\n display: flex; flex-grow: 1;\n flex-direction: column;\n}\n#uc_post_blocks_elementor_c899fc0 .ue_post_blocks_link{ margin-top: auto;\n}\n\n.ue-grid-item-category a\n{\n  display:inline-block;\n  font-size:10px;\n  text-transform:uppercase;\n}\n\n\n\n\n<\/style>\n\n<div id=\"uc_post_blocks_elementor_c899fc0\" class=\"ue_post_blocks uc-items-wrapper \">\n    <div class=\"ue_post_blocks_box\">\n    <div class=\"ue_post_blocks_image\">\n    <a href=\"https:\/\/ekowatt.cz\/index.php\/2023\/12\/18\/jungmannova-plaza\/\" style=\"display:block;\"><img loading=\"lazy\" decoding=\"async\" src=\"https:\/\/ekowatt.cz\/wp-content\/uploads\/2023\/12\/blog-3.png\" alt=\"blog 3\" width=\"420\" height=\"280\"><\/a>\n  <\/div>\n    <div class=\"ue_post_blocks_content\">\n      \n     \n         \n    <div class=\"ue_post_blocks_title\"><a href=\"https:\/\/ekowatt.cz\/index.php\/2023\/12\/18\/jungmannova-plaza\/\">Jung\u00adman\u00adno\u00adva&nbsp;Plaza<\/a><\/div>    \n        \n    \n    <div class=\"ue_post_blocks_text\">Jung\u00adman\u00adno\u00adva Plaza\n\n\n\n\n\n\nVe studii \u00faspor pro rozs\u00e1h\u00adl\u00fd kancel\u00e1\u0159sk\u00fd kom\u00adplex jsme se zam\u011b\u0159ili na bezn\u00e1kladov\u00e1\u2026<\/div>        \t<div class=\"ue_post_blocks_link\">\n          <a class=\" \" href=\"https:\/\/ekowatt.cz\/index.php\/2023\/12\/18\/jungmannova-plaza\/\">\u010c\u00edst v\u00edce<\/a>\n    \t<\/div>\n      <\/div>\n<\/div>\n<div class=\"ue_post_blocks_box\">\n    <div class=\"ue_post_blocks_image\">\n    <a href=\"https:\/\/ekowatt.cz\/index.php\/2023\/12\/18\/florenc-office-center\/\" style=\"display:block;\"><img loading=\"lazy\" decoding=\"async\" src=\"https:\/\/ekowatt.cz\/wp-content\/uploads\/2023\/12\/blog-1.png\" alt=\"blog 1\" width=\"420\" height=\"280\"><\/a>\n  <\/div>\n    <div class=\"ue_post_blocks_content\">\n      \n     \n         \n    <div class=\"ue_post_blocks_title\"><a href=\"https:\/\/ekowatt.cz\/index.php\/2023\/12\/18\/florenc-office-center\/\">Flo\u00adrenc Office Center<\/a><\/div>    \n        \n    \n    <div class=\"ue_post_blocks_text\">Flo\u00adrenc Office Cen\u00adter\n\n\n\n\n\n\nS&nbsp;klien\u00adtem jsme se zam\u011b\u0159ili hlavn\u011b na nas\u00adtaven\u00ed kval\u00adit\u00adn\u011bj\u0161\u00ed regulace\u2026<\/div>        \t<div class=\"ue_post_blocks_link\">\n          <a class=\" \" href=\"https:\/\/ekowatt.cz\/index.php\/2023\/12\/18\/florenc-office-center\/\">\u010c\u00edst v\u00edce<\/a>\n    \t<\/div>\n      <\/div>\n<\/div>\n<div class=\"ue_post_blocks_box\">\n    <div class=\"ue_post_blocks_image\">\n    <a href=\"https:\/\/ekowatt.cz\/index.php\/2023\/12\/18\/ikea-a-avion-shopping-parky\/\" style=\"display:block;\"><img loading=\"lazy\" decoding=\"async\" src=\"https:\/\/ekowatt.cz\/wp-content\/uploads\/2023\/12\/blog-2.png\" alt=\"blog 2\" width=\"420\" height=\"280\"><\/a>\n  <\/div>\n    <div class=\"ue_post_blocks_content\">\n      \n     \n         \n    <div class=\"ue_post_blocks_title\"><a href=\"https:\/\/ekowatt.cz\/index.php\/2023\/12\/18\/ikea-a-avion-shopping-parky\/\">IKEA a&nbsp;Avion Shop\u00adping&nbsp;Parky<\/a><\/div>    \n        \n    \n    <div class=\"ue_post_blocks_text\">IKEA a&nbsp;Avion Shop\u00adping Parky\n\n\n\n\n\n\nEner\u00adget\u00adick\u00e9 audi\u00adty ve v\u0161ech pobo\u010dk\u00e1ch v&nbsp;\u010cR a&nbsp;SR se\u2026<\/div>        \t<div class=\"ue_post_blocks_link\">\n          <a class=\" \" href=\"https:\/\/ekowatt.cz\/index.php\/2023\/12\/18\/ikea-a-avion-shopping-parky\/\">\u010c\u00edst v\u00edce<\/a>\n    \t<\/div>\n      <\/div>\n<\/div>\n\n<\/div>\n<!-- end Post Blocks -->\t\t\t\t<\/div>\n\t\t\t\t<\/div>\n\t\t\t\t<div class=\"elementor-element elementor-element-d74350f elementor-align-center elementor-widget elementor-widget-button\" data-id=\"d74350f\" data-element_type=\"widget\" data-widget_type=\"button.default\">\n\t\t\t\t<div class=\"elementor-widget-container\">\n\t\t\t\t\t\t\t\t\t<div class=\"elementor-button-wrapper\">\n\t\t\t\t\t<a class=\"elementor-button elementor-button-link elementor-size-sm\" href=\"https:\/\/ekowatt.cz\/index.php\/vsechny-reference\/\">\n\t\t\t\t\t\t<span class=\"elementor-button-content-wrapper\">\n\t\t\t\t\t\t\t\t\t<span class=\"elementor-button-text\">V\u0161ech\u00adny reference<\/span>\n\t\t\t\t\t<\/span>\n\t\t\t\t\t<\/a>\n\t\t\t\t<\/div>\n\t\t\t\t\t\t\t\t<\/div>\n\t\t\t\t<\/div>\n\t\t\t\t\t<\/div>\n\t\t\t\t<\/div>\n\t\t<div class=\"elementor-element elementor-element-4ee6c6a1 e-flex e-con-boxed e-con e-parent\" data-id=\"4ee6c6a1\" data-element_type=\"container\" data-settings=\"{&quot;background_background&quot;:&quot;classic&quot;}\">\n\t\t\t\t\t<div class=\"e-con-inner\">\n\t\t<div class=\"elementor-element elementor-element-498820c3 e-con-full e-flex e-con e-child\" data-id=\"498820c3\" data-element_type=\"container\">\n\t\t\t\t<div class=\"elementor-element elementor-element-57448758 elementor-widget elementor-widget-image\" data-id=\"57448758\" data-element_type=\"widget\" data-widget_type=\"image.default\">\n\t\t\t\t<div class=\"elementor-widget-container\">\n\t\t\t\t\t\t\t\t\t\t\t\t\t\t\t\t<a href=\"https:\/\/www.strechy-praha.cz\/?utm_source=Ekowatt&amp;utm_medium=Banner&amp;utm_campaign=bez_vyhod_2023\">\n\t\t\t\t\t\t\t<img decoding=\"async\" src=\"https:\/\/ekowatt.cz\/wp-content\/uploads\/2025\/01\/CZ_STRECHY_bannery_zlevnena__468-x-60.png\" title alt loading=\"lazy\">\t\t\t\t\t\t\t\t<\/a>\n\t\t\t\t\t\t\t\t\t\t\t\t\t\t\t<\/div>\n\t\t\t\t<\/div>\n\t\t\t\t<div class=\"elementor-element elementor-element-71e9f40d elementor-widget elementor-widget-heading\" data-id=\"71e9f40d\" data-element_type=\"widget\" data-widget_type=\"heading.default\">\n\t\t\t\t<div class=\"elementor-widget-container\">\n\t\t\t\t\t<h2 class=\"elementor-heading-title elementor-size-default\"><a href=\"https:\/\/www.leed.cz\/\">EkoWATT je jednou z&nbsp;m\u00e1la firem v&nbsp;Evrop\u011b nab\u00edzej\u00edc\u00edch v\u0161echny certifikace budov<\/a><\/h2>\t\t\t\t<\/div>\n\t\t\t\t<\/div>\n\t\t<div class=\"elementor-element elementor-element-17b24d5c e-flex e-con-boxed e-con e-child\" data-id=\"17b24d5c\" data-element_type=\"container\">\n\t\t\t\t\t<div class=\"e-con-inner\">\n\t\t\t\t<div class=\"elementor-element elementor-element-2284e185 elementor-widget elementor-widget-image\" data-id=\"2284e185\" data-element_type=\"widget\" data-widget_type=\"image.default\">\n\t\t\t\t<div class=\"elementor-widget-container\">\n\t\t\t\t\t\t\t\t\t\t\t\t\t\t\t<img loading=\"lazy\" decoding=\"async\" width=\"150\" height=\"150\" src=\"https:\/\/ekowatt.cz\/wp-content\/uploads\/2023\/11\/credential-cert-bdc-150x150-1.png\" class=\"attachment-full size-full wp-image-300\" alt>\t\t\t\t\t\t\t\t\t\t\t\t\t\t\t<\/div>\n\t\t\t\t<\/div>\n\t\t\t\t<div class=\"elementor-element elementor-element-1bdc424a elementor-widget elementor-widget-image\" data-id=\"1bdc424a\" data-element_type=\"widget\" data-widget_type=\"image.default\">\n\t\t\t\t<div class=\"elementor-widget-container\">\n\t\t\t\t\t\t\t\t\t\t\t\t\t\t\t<img loading=\"lazy\" decoding=\"async\" width=\"150\" height=\"150\" src=\"https:\/\/ekowatt.cz\/wp-content\/uploads\/2023\/11\/credential-cert-idc-150x150-1.png\" class=\"attachment-full size-full wp-image-301\" alt>\t\t\t\t\t\t\t\t\t\t\t\t\t\t\t<\/div>\n\t\t\t\t<\/div>\n\t\t\t\t<div class=\"elementor-element elementor-element-528c5115 elementor-widget elementor-widget-image\" data-id=\"528c5115\" data-element_type=\"widget\" data-widget_type=\"image.default\">\n\t\t\t\t<div class=\"elementor-widget-container\">\n\t\t\t\t\t\t\t\t\t\t\t\t\t\t\t<img loading=\"lazy\" decoding=\"async\" width=\"150\" height=\"150\" src=\"https:\/\/ekowatt.cz\/wp-content\/uploads\/2023\/11\/credential-cert-om-150x150-1.png\" class=\"attachment-full size-full wp-image-302\" alt>\t\t\t\t\t\t\t\t\t\t\t\t\t\t\t<\/div>\n\t\t\t\t<\/div>\n\t\t\t\t<div class=\"elementor-element elementor-element-664b41ee elementor-widget elementor-widget-image\" data-id=\"664b41ee\" data-element_type=\"widget\" data-widget_type=\"image.default\">\n\t\t\t\t<div class=\"elementor-widget-container\">\n\t\t\t\t\t\t\t\t\t\t\t\t\t\t\t<img loading=\"lazy\" decoding=\"async\" width=\"150\" height=\"150\" src=\"https:\/\/ekowatt.cz\/wp-content\/uploads\/2023\/11\/breeam_accredited-professional-150x150-1.png\" class=\"attachment-full size-full wp-image-297\" alt>\t\t\t\t\t\t\t\t\t\t\t\t\t\t\t<\/div>\n\t\t\t\t<\/div>\n\t\t\t\t<div class=\"elementor-element elementor-element-29361707 elementor-widget elementor-widget-image\" data-id=\"29361707\" data-element_type=\"widget\" data-widget_type=\"image.default\">\n\t\t\t\t<div class=\"elementor-widget-container\">\n\t\t\t\t\t\t\t\t\t\t\t\t\t\t\t<img loading=\"lazy\" decoding=\"async\" width=\"150\" height=\"150\" src=\"https:\/\/ekowatt.cz\/wp-content\/uploads\/2023\/11\/breeam_licennsed-accessor-company-150x150-1.png\" class=\"attachment-full size-full wp-image-299\" alt>\t\t\t\t\t\t\t\t\t\t\t\t\t\t\t<\/div>\n\t\t\t\t<\/div>\n\t\t\t\t<div class=\"elementor-element elementor-element-3bfae956 elementor-widget elementor-widget-image\" data-id=\"3bfae956\" data-element_type=\"widget\" data-widget_type=\"image.default\">\n\t\t\t\t<div class=\"elementor-widget-container\">\n\t\t\t\t\t\t\t\t\t\t\t\t\t\t\t<img loading=\"lazy\" decoding=\"async\" width=\"153\" height=\"209\" src=\"https:\/\/ekowatt.cz\/wp-content\/uploads\/2023\/11\/breeam_in-use-auditor.png\" class=\"attachment-full size-full wp-image-298\" alt>\t\t\t\t\t\t\t\t\t\t\t\t\t\t\t<\/div>\n\t\t\t\t<\/div>\n\t\t\t\t<div class=\"elementor-element elementor-element-2408050b elementor-widget elementor-widget-image\" data-id=\"2408050b\" data-element_type=\"widget\" data-widget_type=\"image.default\">\n\t\t\t\t<div class=\"elementor-widget-container\">\n\t\t\t\t\t\t\t\t\t\t\t\t\t\t\t<img loading=\"lazy\" decoding=\"async\" width=\"150\" height=\"56\" src=\"https:\/\/ekowatt.cz\/wp-content\/uploads\/2023\/11\/iso_9001-1.png\" class=\"attachment-full size-full wp-image-303\" alt>\t\t\t\t\t\t\t\t\t\t\t\t\t\t\t<\/div>\n\t\t\t\t<\/div>\n\t\t\t\t\t<\/div>\n\t\t\t\t<\/div>\n\t\t\t\t<\/div>\n\t\t<div class=\"elementor-element elementor-element-6bccf66d e-con-full e-flex e-con e-child\" data-id=\"6bccf66d\" data-element_type=\"container\">\n\t\t\t\t<div class=\"elementor-element elementor-element-588d2449 elementor-widget elementor-widget-heading\" data-id=\"588d2449\" data-element_type=\"widget\" data-widget_type=\"heading.default\">\n\t\t\t\t<div class=\"elementor-widget-container\">\n\t\t\t\t\t<h2 class=\"elementor-heading-title elementor-size-default\">Na\u0161i partne\u0159i<\/h2>\t\t\t\t<\/div>\n\t\t\t\t<\/div>\n\t\t<div class=\"elementor-element elementor-element-3711c643 e-flex e-con-boxed e-con e-child\" data-id=\"3711c643\" data-element_type=\"container\">\n\t\t\t\t\t<div class=\"e-con-inner\">\n\t\t\t\t<div class=\"elementor-element elementor-element-61ad8349 elementor-widget elementor-widget-image\" data-id=\"61ad8349\" data-element_type=\"widget\" data-widget_type=\"image.default\">\n\t\t\t\t<div class=\"elementor-widget-container\">\n\t\t\t\t\t\t\t\t\t\t\t\t\t\t\t<img decoding=\"async\" src=\"https:\/\/ekowatt.cz\/wp-content\/uploads\/elementor\/thumbs\/Enerco-Logo-Mono@halfx-qwd4eqok2wory3b8yf2ftboe82r5eql74oo0toisy6.png\" title=\"Enerco \u2014 Logo \u2014 Mono@halfx\" alt=\"Enerco - Logo - Mono@halfx\" loading=\"lazy\">\t\t\t\t\t\t\t\t\t\t\t\t\t\t\t<\/div>\n\t\t\t\t<\/div>\n\t\t\t\t<div class=\"elementor-element elementor-element-2728fa5b elementor-widget elementor-widget-image\" data-id=\"2728fa5b\" data-element_type=\"widget\" data-widget_type=\"image.default\">\n\t\t\t\t<div class=\"elementor-widget-container\">\n\t\t\t\t\t\t\t\t\t\t\t\t\t\t\t<img loading=\"lazy\" decoding=\"async\" width=\"120\" height=\"40\" src=\"https:\/\/ekowatt.cz\/wp-content\/uploads\/2023\/11\/krasec_150.png\" class=\"attachment-thumbnail size-thumbnail wp-image-282\" alt>\t\t\t\t\t\t\t\t\t\t\t\t\t\t\t<\/div>\n\t\t\t\t<\/div>\n\t\t\t\t<div class=\"elementor-element elementor-element-5ddf808d elementor-widget elementor-widget-image\" data-id=\"5ddf808d\" data-element_type=\"widget\" data-widget_type=\"image.default\">\n\t\t\t\t<div class=\"elementor-widget-container\">\n\t\t\t\t\t\t\t\t\t\t\t\t\t\t\t<img decoding=\"async\" src=\"https:\/\/ekowatt.cz\/wp-content\/uploads\/elementor\/thumbs\/Frank-Bold-qvbkoqhphu2konl8vzyrd0ffrfl18xsu24da3o5upq.png\" title=\"Frank Bold\" alt=\"Frank Bold\" loading=\"lazy\">\t\t\t\t\t\t\t\t\t\t\t\t\t\t\t<\/div>\n\t\t\t\t<\/div>\n\t\t\t\t<div class=\"elementor-element elementor-element-11de7c6 elementor-widget elementor-widget-image\" data-id=\"11de7c6\" data-element_type=\"widget\" data-widget_type=\"image.default\">\n\t\t\t\t<div class=\"elementor-widget-container\">\n\t\t\t\t\t\t\t\t\t\t\t\t\t\t\t<img loading=\"lazy\" decoding=\"async\" width=\"120\" height=\"46\" src=\"https:\/\/ekowatt.cz\/wp-content\/uploads\/2023\/11\/logo-komunalni.original.png\" class=\"attachment-full size-full wp-image-285\" alt>\t\t\t\t\t\t\t\t\t\t\t\t\t\t\t<\/div>\n\t\t\t\t<\/div>\n\t\t\t\t<div class=\"elementor-element elementor-element-3b7dae33 elementor-widget elementor-widget-image\" data-id=\"3b7dae33\" data-element_type=\"widget\" data-widget_type=\"image.default\">\n\t\t\t\t<div class=\"elementor-widget-container\">\n\t\t\t\t\t\t\t\t\t\t\t\t\t\t\t<img loading=\"lazy\" decoding=\"async\" width=\"120\" height=\"29\" src=\"https:\/\/ekowatt.cz\/wp-content\/uploads\/2023\/11\/Prumyslova_ekologie_logo_CMYK.png\" class=\"attachment-full size-full wp-image-286\" alt>\t\t\t\t\t\t\t\t\t\t\t\t\t\t\t<\/div>\n\t\t\t\t<\/div>\n\t\t\t\t<div class=\"elementor-element elementor-element-5f60a826 elementor-widget elementor-widget-image\" data-id=\"5f60a826\" data-element_type=\"widget\" data-widget_type=\"image.default\">\n\t\t\t\t<div class=\"elementor-widget-container\">\n\t\t\t\t\t\t\t\t\t\t\t\t\t\t\t<img decoding=\"async\" src=\"https:\/\/ekowatt.cz\/wp-content\/uploads\/elementor\/thumbs\/nazeleno01-1-qffut062x4hhr3id89khbl9x8sn1i8o2jclcbeqzdw.gif\" title=\"nazeleno01\u20111\" alt=\"nazeleno01-1\" loading=\"lazy\">\t\t\t\t\t\t\t\t\t\t\t\t\t\t\t<\/div>\n\t\t\t\t<\/div>\n\t\t\t\t\t<\/div>\n\t\t\t\t<\/div>\n\t\t<div class=\"elementor-element elementor-element-2cbaaff0 e-flex e-con-boxed e-con e-child\" data-id=\"2cbaaff0\" data-element_type=\"container\">\n\t\t\t\t\t<div class=\"e-con-inner\">\n\t\t\t\t<div class=\"elementor-element elementor-element-64b9146a elementor-widget elementor-widget-image\" data-id=\"64b9146a\" data-element_type=\"widget\" data-widget_type=\"image.default\">\n\t\t\t\t<div class=\"elementor-widget-container\">\n\t\t\t\t\t\t\t\t\t\t\t\t\t\t\t<img loading=\"lazy\" decoding=\"async\" width=\"120\" height=\"120\" src=\"https:\/\/ekowatt.cz\/wp-content\/uploads\/2023\/11\/Clen_CPD_barevny_pruhledny_mensi.png\" class=\"attachment-thumbnail size-thumbnail wp-image-278\" alt>\t\t\t\t\t\t\t\t\t\t\t\t\t\t\t<\/div>\n\t\t\t\t<\/div>\n\t\t\t\t<div class=\"elementor-element elementor-element-7476a4a4 elementor-widget elementor-widget-image\" data-id=\"7476a4a4\" data-element_type=\"widget\" data-widget_type=\"image.default\">\n\t\t\t\t<div class=\"elementor-widget-container\">\n\t\t\t\t\t\t\t\t\t\t\t\t\t\t\t<img loading=\"lazy\" decoding=\"async\" width=\"120\" height=\"120\" src=\"https:\/\/ekowatt.cz\/wp-content\/uploads\/2023\/11\/CZGBC_logo-cz_web_rgb-150x150-1.png\" class=\"attachment-thumbnail size-thumbnail wp-image-279\" alt>\t\t\t\t\t\t\t\t\t\t\t\t\t\t\t<\/div>\n\t\t\t\t<\/div>\n\t\t\t\t<div class=\"elementor-element elementor-element-3e251f28 elementor-widget elementor-widget-image\" data-id=\"3e251f28\" data-element_type=\"widget\" data-widget_type=\"image.default\">\n\t\t\t\t<div class=\"elementor-widget-container\">\n\t\t\t\t\t\t\t\t\t\t\t\t\t\t\t<img decoding=\"async\" src=\"https:\/\/ekowatt.cz\/wp-content\/uploads\/elementor\/thumbs\/LOGO_1-rekonstrukce-stacu-qffurkgyh8iq0jlgm5800gbkklpuqvyu08pmx6vnhs.png\" title=\"LOGO_1-rekonstrukce-stacu\" alt=\"LOGO_1-rekonstrukce-stacu\" loading=\"lazy\">\t\t\t\t\t\t\t\t\t\t\t\t\t\t\t<\/div>\n\t\t\t\t<\/div>\n\t\t\t\t<div class=\"elementor-element elementor-element-63ff1c76 elementor-widget elementor-widget-image\" data-id=\"63ff1c76\" data-element_type=\"widget\" data-widget_type=\"image.default\">\n\t\t\t\t<div class=\"elementor-widget-container\">\n\t\t\t\t\t\t\t\t\t\t\t\t\t\t\t<img loading=\"lazy\" decoding=\"async\" width=\"88\" height=\"55\" src=\"https:\/\/ekowatt.cz\/wp-content\/uploads\/2023\/11\/Flag_of_Tibet.png\" class=\"attachment-full size-full wp-image-280\" alt>\t\t\t\t\t\t\t\t\t\t\t\t\t\t\t<\/div>\n\t\t\t\t<\/div>\n\t\t\t\t<div class=\"elementor-element elementor-element-520fa4e elementor-widget elementor-widget-image\" data-id=\"520fa4e\" data-element_type=\"widget\" data-widget_type=\"image.default\">\n\t\t\t\t<div class=\"elementor-widget-container\">\n\t\t\t\t\t\t\t\t\t\t\t\t\t\t\t<img loading=\"lazy\" decoding=\"async\" width=\"120\" height=\"52\" src=\"https:\/\/ekowatt.cz\/wp-content\/uploads\/2023\/11\/logo_spb_web.png\" class=\"attachment-full size-full wp-image-284\" alt>\t\t\t\t\t\t\t\t\t\t\t\t\t\t\t<\/div>\n\t\t\t\t<\/div>\n\t\t\t\t<div class=\"elementor-element elementor-element-a9760a4 elementor-widget elementor-widget-image\" data-id=\"a9760a4\" data-element_type=\"widget\" data-widget_type=\"image.default\">\n\t\t\t\t<div class=\"elementor-widget-container\">\n\t\t\t\t\t\t\t\t\t\t\t\t\t\t\t<img loading=\"lazy\" decoding=\"async\" width=\"120\" height=\"42\" src=\"https:\/\/ekowatt.cz\/wp-content\/uploads\/2023\/11\/ban_PENB.png\" class=\"attachment-thumbnail size-thumbnail wp-image-277\" alt>\t\t\t\t\t\t\t\t\t\t\t\t\t\t\t<\/div>\n\t\t\t\t<\/div>\n\t\t\t\t\t<\/div>\n\t\t\t\t<\/div>\n\t\t\t\t<\/div>\n\t\t<div class=\"elementor-element elementor-element-327648c2 e-con-full e-flex e-con e-child\" data-id=\"327648c2\" data-element_type=\"container\">\n\t\t\t\t<div class=\"elementor-element elementor-element-77c7a0a4 elementor-widget elementor-widget-heading\" data-id=\"77c7a0a4\" data-element_type=\"widget\" data-widget_type=\"heading.default\">\n\t\t\t\t<div class=\"elementor-widget-container\">\n\t\t\t\t\t<h2 class=\"elementor-heading-title elementor-size-default\">Kontakt<\/h2>\t\t\t\t<\/div>\n\t\t\t\t<\/div>\n\t\t\t\t<div class=\"elementor-element elementor-element-3eefcbc elementor-widget elementor-widget-text-editor\" data-id=\"3eefcbc\" data-element_type=\"widget\" data-widget_type=\"text-editor.default\">\n\t\t\t\t<div class=\"elementor-widget-container\">\n\t\t\t\t\t\t\t\t\t<p>Are\u00e1l \u0160tras\u00adburk<br>\u0160v\u00e1bky 52\/2<br>180 00 Pra\u00adha 8<br>Tel.: +420 266 710 247<br>e\u2011mail: <a href=\"mailto:%70%72%61%68%61%40%65%6b%6f%77%61%74%74%2e%63%7a\">info@ekowatt.cz<\/a><\/p>\t\t\t\t\t\t\t\t<\/div>\n\t\t\t\t<\/div>\n\t\t\t\t<\/div>\n\t\t\t\t\t<\/div>\n\t\t\t\t<\/div>\n\t\t\t\t<\/div>\n\t\t","protected":false},"excerpt":{"rendered":"<p>Ref\u00ader\u00adence: Ener\u00adget\u00adick\u00e9 audi\u00adty a&nbsp;posud\u00adky Jung\u00adman\u00adno\u00adva&nbsp;Plaza Jung\u00adman\u00adno\u00adva&nbsp;Plaza Ve studii \u00faspor pro rozs\u00e1h\u00adl\u00fd kancel\u00e1\u0159sk\u00fd kom\u00adplex jsme se zam\u011b\u0159ili na bezn\u00e1k\u00adladov\u00e1\u2026 \u010c\u00edst v\u00edce Flo\u00adrenc Office Cen\u00adter Flo\u00adrenc Office Cen\u00adter S&nbsp;klien\u00adtem jsme se zam\u011b\u0159ili hlavn\u011b na nas\u00adtaven\u00ed kval\u00adit\u00adn\u011bj\u0161\u00ed reg\u00adu\u00adlace v&nbsp;BMS,\u2026 \u010c\u00edst v\u00edce IKEA a&nbsp;Avion Shop\u00adping&nbsp;Parky IKEA a&nbsp;Avion Shop\u00adping&nbsp;Parky Ener\u00adget\u00adick\u00e9 audi\u00adty ve v\u0161ech pobo\u010dk\u00e1ch v&nbsp;\u010cR a&nbsp;SR se krom\u011b opat\u0159en\u00ed v\u2026&nbsp;[\u2026]<\/p>\n","protected":false},"author":1,"featured_media":0,"parent":0,"menu_order":0,"comment_status":"closed","ping_status":"closed","template":"","meta":{"wp_typography_post_enhancements_disabled":false,"site-sidebar-layout":"no-sidebar","site-content-layout":"","ast-site-content-layout":"full-width-container","site-content-style":"default","site-sidebar-style":"default","ast-global-header-display":"","ast-banner-title-visibility":"","ast-main-header-display":"","ast-hfb-above-header-display":"","ast-hfb-below-header-display":"","ast-hfb-mobile-header-display":"","site-post-title":"disabled","ast-breadcrumbs-content":"","ast-featured-img":"disabled","footer-sml-layout":"","ast-disable-related-posts":"","theme-transparent-header-meta":"","adv-header-id-meta":"","stick-header-meta":"","header-above-stick-meta":"","header-main-stick-meta":"","header-below-stick-meta":"","astra-migrate-meta-layouts":"default","ast-page-background-enabled":"default","ast-page-background-meta":{"desktop":{"background-color":"var(--ast-global-color-4)","background-image":"","background-repeat":"repeat","background-position":"center center","background-size":"auto","background-attachment":"scroll","background-type":"","background-media":"","overlay-type":"","overlay-color":"","overlay-opacity":"","overlay-gradient":""},"tablet":{"background-color":"","background-image":"","background-repeat":"repeat","background-position":"center center","background-size":"auto","background-attachment":"scroll","background-type":"","background-media":"","overlay-type":"","overlay-color":"","overlay-opacity":"","overlay-gradient":""},"mobile":{"background-color":"","background-image":"","background-repeat":"repeat","background-position":"center center","background-size":"auto","background-attachment":"scroll","background-type":"","background-media":"","overlay-type":"","overlay-color":"","overlay-opacity":"","overlay-gradient":""}},"ast-content-background-meta":{"desktop":{"background-color":"var(--ast-global-color-5)","background-image":"","background-repeat":"repeat","background-position":"center center","background-size":"auto","background-attachment":"scroll","background-type":"","background-media":"","overlay-type":"","overlay-color":"","overlay-opacity":"","overlay-gradient":""},"tablet":{"background-color":"var(--ast-global-color-5)","background-image":"","background-repeat":"repeat","background-position":"center center","background-size":"auto","background-attachment":"scroll","background-type":"","background-media":"","overlay-type":"","overlay-color":"","overlay-opacity":"","overlay-gradient":""},"mobile":{"background-color":"var(--ast-global-color-5)","background-image":"","background-repeat":"repeat","background-position":"center center","background-size":"auto","background-attachment":"scroll","background-type":"","background-media":"","overlay-type":"","overlay-color":"","overlay-opacity":"","overlay-gradient":""}},"footnotes":""},"class_list":["post-1152","page","type-page","status-publish","hentry"],"_links":{"self":[{"href":"https:\/\/ekowatt.cz\/index.php\/wp-json\/wp\/v2\/pages\/1152","targetHints":{"allow":["GET"]}}],"collection":[{"href":"https:\/\/ekowatt.cz\/index.php\/wp-json\/wp\/v2\/pages"}],"about":[{"href":"https:\/\/ekowatt.cz\/index.php\/wp-json\/wp\/v2\/types\/page"}],"author":[{"embeddable":true,"href":"https:\/\/ekowatt.cz\/index.php\/wp-json\/wp\/v2\/users\/1"}],"replies":[{"embeddable":true,"href":"https:\/\/ekowatt.cz\/index.php\/wp-json\/wp\/v2\/comments?post=1152"}],"version-history":[{"count":52,"href":"https:\/\/ekowatt.cz\/index.php\/wp-json\/wp\/v2\/pages\/1152\/revisions"}],"predecessor-version":[{"id":2682,"href":"https:\/\/ekowatt.cz\/index.php\/wp-json\/wp\/v2\/pages\/1152\/revisions\/2682"}],"wp:attachment":[{"href":"https:\/\/ekowatt.cz\/index.php\/wp-json\/wp\/v2\/media?parent=1152"}],"curies":[{"name":"wp","href":"https:\/\/api.w.org\/{rel}","templated":true}]}}