{"id":1160,"date":"2023-12-19T10:52:18","date_gmt":"2023-12-19T10:52:18","guid":{"rendered":"https:\/\/new.ekowatt.cz\/?page_id=1160"},"modified":"2026-02-10T14:58:19","modified_gmt":"2026-02-10T14:58:19","slug":"reference-nzu","status":"publish","type":"page","link":"https:\/\/ekowatt.cz\/index.php\/reference-nzu\/","title":{"rendered":"Reference NZU"},"content":{"rendered":"\t\t<div data-elementor-type=\"wp-page\" data-elementor-id=\"1160\" class=\"elementor elementor-1160\">\n\t\t\t\t<div class=\"elementor-element elementor-element-620500e6 e-flex e-con-boxed e-con e-parent\" data-id=\"620500e6\" data-element_type=\"container\" data-settings=\"{&quot;background_background&quot;:&quot;classic&quot;}\">\n\t\t\t\t\t<div class=\"e-con-inner\">\n\t\t\t\t<div class=\"elementor-element elementor-element-fddabe1 elementor-widget elementor-widget-heading\" data-id=\"fddabe1\" data-element_type=\"widget\" data-widget_type=\"heading.default\">\n\t\t\t\t<div class=\"elementor-widget-container\">\n\t\t\t\t\t<h2 class=\"elementor-heading-title elementor-size-default\">Reference: Dotace NZ\u00da (Nov\u00e1 zelen\u00e1 \u00faspor\u00e1m)<\/h2>\t\t\t\t<\/div>\n\t\t\t\t<\/div>\n\t\t\t\t\t<\/div>\n\t\t\t\t<\/div>\n\t\t<div class=\"elementor-element elementor-element-133c2971 e-flex e-con-boxed e-con e-parent\" data-id=\"133c2971\" data-element_type=\"container\">\n\t\t\t\t\t<div class=\"e-con-inner\">\n\t\t\t\t<div class=\"elementor-element elementor-element-681ce8e7 elementor-widget elementor-widget-ucaddon_post_blocks\" data-id=\"681ce8e7\" data-element_type=\"widget\" data-widget_type=\"ucaddon_post_blocks.default\">\n\t\t\t\t<div class=\"elementor-widget-container\">\n\t\t\t\t\t\n<!-- start Post Blocks -->\n\t\t<link id=\"font-awesome-css\" href=\"https:\/\/ekowatt.cz\/wp-content\/plugins\/unlimited-elements-for-elementor\/assets_libraries\/font-awesome6\/fontawesome-all.min.css\" type=\"text\/css\" rel=\"stylesheet\">\n\t\t<link id=\"font-awesome-4-shim-css\" href=\"https:\/\/ekowatt.cz\/wp-content\/plugins\/unlimited-elements-for-elementor\/assets_libraries\/font-awesome6\/fontawesome-v4-shims.min.css\" type=\"text\/css\" rel=\"stylesheet\">\n\n<style>\/* widget: Post Blocks *\/\n\n\n\n#uc_post_blocks_elementor_681ce8e7 {\n    display:grid;\n}\n#uc_post_blocks_elementor_681ce8e7 .ue_post_blocks_box\n{\n  overflow:hidden;\n}\n\n#uc_post_blocks_elementor_681ce8e7 .ue_post_blocks_image\n{\n  overflow:hidden;\n}\n#uc_post_blocks_elementor_681ce8e7 .ue_post_blocks_image img\n{\n  width:100%;\n  display:block;\n}\n#uc_post_blocks_elementor_681ce8e7 .ue_post_blocks_link a\n{\n  display:inline-block;\n  text-decoration:none;\n  text-align:center;\n}\n\n\n#uc_post_blocks_elementor_681ce8e7 .ue-grid-item-meta-data\n{\n  display:inlin-flex;\n  flex-wrap: wrap;\n}\n\n.ue-grid-item-meta-data\n{\n  font-size:12px;\n}\n\n#uc_post_blocks_elementor_681ce8e7 .ue-grid-item-meta-data-icon\n{\n  line-height:1em;\n}\n\n#uc_post_blocks_elementor_681ce8e7 .ue-grid-item-meta-data-icon svg\n{\n  width:1em;\n  height:1em;\n}\n\n#uc_post_blocks_elementor_681ce8e7 .ue_post_blocks_box{\n  display: flex;\n  flex-direction: column;\n}\n#uc_post_blocks_elementor_681ce8e7 .ue_post_blocks_content{\n display: flex; flex-grow: 1;\n flex-direction: column;\n}\n#uc_post_blocks_elementor_681ce8e7 .ue_post_blocks_link{ margin-top: auto;\n}\n\n.ue-grid-item-category a\n{\n  display:inline-block;\n  font-size:10px;\n  text-transform:uppercase;\n}\n\n\n\n\n<\/style>\n\n<div id=\"uc_post_blocks_elementor_681ce8e7\" class=\"ue_post_blocks uc-items-wrapper \">\n    <div class=\"ue_post_blocks_box\">\n    <div class=\"ue_post_blocks_image\">\n    <a href=\"https:\/\/ekowatt.cz\/index.php\/2023\/12\/19\/kulturni-dum-horni-bela\/\" style=\"display:block;\"><img loading=\"lazy\" decoding=\"async\" src=\"https:\/\/ekowatt.cz\/wp-content\/uploads\/2023\/12\/blog-22.jpg\" alt=\"blog 22\" width=\"420\" height=\"280\"><\/a>\n  <\/div>\n    <div class=\"ue_post_blocks_content\">\n      \n     \n         \n    <div class=\"ue_post_blocks_title\"><a href=\"https:\/\/ekowatt.cz\/index.php\/2023\/12\/19\/kulturni-dum-horni-bela\/\">Kul\u00adturn\u00ed d\u016fm Horn\u00ed&nbsp;B\u011bl\u00e1<\/a><\/div>    \n        \n    \n    <div class=\"ue_post_blocks_text\">Kul\u00adturn\u00ed d\u016fm Horn\u00ed&nbsp;B\u011bl\u00e1\n\n\n\n\nZ\u00edskan\u00e1 pod\u00adpo\u00adra OP\u017dP 450&nbsp;000\u2026<\/div>        \t<div class=\"ue_post_blocks_link\">\n          <a class=\" \" href=\"https:\/\/ekowatt.cz\/index.php\/2023\/12\/19\/kulturni-dum-horni-bela\/\">\u010c\u00edst v\u00edce<\/a>\n    \t<\/div>\n      <\/div>\n<\/div>\n<div class=\"ue_post_blocks_box\">\n    <div class=\"ue_post_blocks_image\">\n    <a href=\"https:\/\/ekowatt.cz\/index.php\/2023\/12\/19\/zs-hudlice\/\" style=\"display:block;\"><img loading=\"lazy\" decoding=\"async\" src=\"https:\/\/ekowatt.cz\/wp-content\/uploads\/2023\/12\/blog-21.jpg\" alt=\"blog 21\" width=\"420\" height=\"280\"><\/a>\n  <\/div>\n    <div class=\"ue_post_blocks_content\">\n      \n     \n         \n    <div class=\"ue_post_blocks_title\"><a href=\"https:\/\/ekowatt.cz\/index.php\/2023\/12\/19\/zs-hudlice\/\">Z\u0160 Hudlice<\/a><\/div>    \n        \n    \n    <div class=\"ue_post_blocks_text\">Z\u0160 Hudlice\n\n\n\n\nZ\u00edskan\u00e1 pod\u00adpo\u00adra cca 5&nbsp;mil. K\u010d, vlastn\u00ed\u2026<\/div>        \t<div class=\"ue_post_blocks_link\">\n          <a class=\" \" href=\"https:\/\/ekowatt.cz\/index.php\/2023\/12\/19\/zs-hudlice\/\">\u010c\u00edst v\u00edce<\/a>\n    \t<\/div>\n      <\/div>\n<\/div>\n<div class=\"ue_post_blocks_box\">\n    <div class=\"ue_post_blocks_image\">\n    <a href=\"https:\/\/ekowatt.cz\/index.php\/2023\/12\/19\/telocvicna-pri-zs-kralovice\/\" style=\"display:block;\"><img loading=\"lazy\" decoding=\"async\" src=\"https:\/\/ekowatt.cz\/wp-content\/uploads\/2023\/12\/blog-20.jpg\" alt=\"blog 20\" width=\"420\" height=\"280\"><\/a>\n  <\/div>\n    <div class=\"ue_post_blocks_content\">\n      \n     \n         \n    <div class=\"ue_post_blocks_title\"><a href=\"https:\/\/ekowatt.cz\/index.php\/2023\/12\/19\/telocvicna-pri-zs-kralovice\/\">T\u011blocvi\u010d\u00adna p\u0159i Z\u0160 Kralovice<\/a><\/div>    \n        \n    \n    <div class=\"ue_post_blocks_text\">T\u011blocvi\u010d\u00adna p\u0159i Z\u0160 Kralovice\n\n\n\n\nZ\u00edskan\u00e1 pod\u00adpo\u00adra OP\u017dP cca 3&nbsp;mil.\u2026<\/div>        \t<div class=\"ue_post_blocks_link\">\n          <a class=\" \" href=\"https:\/\/ekowatt.cz\/index.php\/2023\/12\/19\/telocvicna-pri-zs-kralovice\/\">\u010c\u00edst v\u00edce<\/a>\n    \t<\/div>\n      <\/div>\n<\/div>\n\n<\/div>\n<!-- end Post Blocks -->\t\t\t\t<\/div>\n\t\t\t\t<\/div>\n\t\t\t\t<div class=\"elementor-element elementor-element-8c1e8b3 elementor-align-center elementor-widget elementor-widget-button\" data-id=\"8c1e8b3\" data-element_type=\"widget\" data-widget_type=\"button.default\">\n\t\t\t\t<div class=\"elementor-widget-container\">\n\t\t\t\t\t\t\t\t\t<div class=\"elementor-button-wrapper\">\n\t\t\t\t\t<a class=\"elementor-button elementor-button-link elementor-size-sm\" href=\"https:\/\/ekowatt.cz\/index.php\/vsechny-reference\/\">\n\t\t\t\t\t\t<span class=\"elementor-button-content-wrapper\">\n\t\t\t\t\t\t\t\t\t<span class=\"elementor-button-text\">V\u0161ech\u00adny reference<\/span>\n\t\t\t\t\t<\/span>\n\t\t\t\t\t<\/a>\n\t\t\t\t<\/div>\n\t\t\t\t\t\t\t\t<\/div>\n\t\t\t\t<\/div>\n\t\t\t\t\t<\/div>\n\t\t\t\t<\/div>\n\t\t<div class=\"elementor-element elementor-element-657b3eb3 e-flex e-con-boxed e-con e-parent\" data-id=\"657b3eb3\" data-element_type=\"container\" data-settings=\"{&quot;background_background&quot;:&quot;classic&quot;}\">\n\t\t\t\t\t<div class=\"e-con-inner\">\n\t\t<div class=\"elementor-element elementor-element-60c18fd1 e-con-full e-flex e-con e-child\" data-id=\"60c18fd1\" data-element_type=\"container\">\n\t\t\t\t<div class=\"elementor-element elementor-element-2da7ddb5 elementor-widget elementor-widget-image\" data-id=\"2da7ddb5\" data-element_type=\"widget\" data-widget_type=\"image.default\">\n\t\t\t\t<div class=\"elementor-widget-container\">\n\t\t\t\t\t\t\t\t\t\t\t\t\t\t\t\t<a href=\"https:\/\/www.strechy-praha.cz\/?utm_source=Ekowatt&amp;utm_medium=Banner&amp;utm_campaign=bez_vyhod_2023\">\n\t\t\t\t\t\t\t<img decoding=\"async\" src=\"https:\/\/ekowatt.cz\/wp-content\/uploads\/2025\/01\/CZ_STRECHY_bannery_zlevnena__468-x-60.png\" title alt loading=\"lazy\">\t\t\t\t\t\t\t\t<\/a>\n\t\t\t\t\t\t\t\t\t\t\t\t\t\t\t<\/div>\n\t\t\t\t<\/div>\n\t\t\t\t<div class=\"elementor-element elementor-element-7e080430 elementor-widget elementor-widget-heading\" data-id=\"7e080430\" data-element_type=\"widget\" data-widget_type=\"heading.default\">\n\t\t\t\t<div class=\"elementor-widget-container\">\n\t\t\t\t\t<h2 class=\"elementor-heading-title elementor-size-default\"><a href=\"https:\/\/www.leed.cz\/\">EkoWATT je jednou z&nbsp;m\u00e1la firem v&nbsp;Evrop\u011b nab\u00edzej\u00edc\u00edch v\u0161echny certifikace budov<\/a><\/h2>\t\t\t\t<\/div>\n\t\t\t\t<\/div>\n\t\t<div class=\"elementor-element elementor-element-78ee2674 e-flex e-con-boxed e-con e-child\" data-id=\"78ee2674\" data-element_type=\"container\">\n\t\t\t\t\t<div class=\"e-con-inner\">\n\t\t\t\t<div class=\"elementor-element elementor-element-21f16c44 elementor-widget elementor-widget-image\" data-id=\"21f16c44\" data-element_type=\"widget\" data-widget_type=\"image.default\">\n\t\t\t\t<div class=\"elementor-widget-container\">\n\t\t\t\t\t\t\t\t\t\t\t\t\t\t\t<img loading=\"lazy\" decoding=\"async\" width=\"150\" height=\"150\" src=\"https:\/\/ekowatt.cz\/wp-content\/uploads\/2023\/11\/credential-cert-bdc-150x150-1.png\" class=\"attachment-full size-full wp-image-300\" alt>\t\t\t\t\t\t\t\t\t\t\t\t\t\t\t<\/div>\n\t\t\t\t<\/div>\n\t\t\t\t<div class=\"elementor-element elementor-element-35329265 elementor-widget elementor-widget-image\" data-id=\"35329265\" data-element_type=\"widget\" data-widget_type=\"image.default\">\n\t\t\t\t<div class=\"elementor-widget-container\">\n\t\t\t\t\t\t\t\t\t\t\t\t\t\t\t<img loading=\"lazy\" decoding=\"async\" width=\"150\" height=\"150\" src=\"https:\/\/ekowatt.cz\/wp-content\/uploads\/2023\/11\/credential-cert-idc-150x150-1.png\" class=\"attachment-full size-full wp-image-301\" alt>\t\t\t\t\t\t\t\t\t\t\t\t\t\t\t<\/div>\n\t\t\t\t<\/div>\n\t\t\t\t<div class=\"elementor-element elementor-element-6bfecedc elementor-widget elementor-widget-image\" data-id=\"6bfecedc\" data-element_type=\"widget\" data-widget_type=\"image.default\">\n\t\t\t\t<div class=\"elementor-widget-container\">\n\t\t\t\t\t\t\t\t\t\t\t\t\t\t\t<img loading=\"lazy\" decoding=\"async\" width=\"150\" height=\"150\" src=\"https:\/\/ekowatt.cz\/wp-content\/uploads\/2023\/11\/credential-cert-om-150x150-1.png\" class=\"attachment-full size-full wp-image-302\" alt>\t\t\t\t\t\t\t\t\t\t\t\t\t\t\t<\/div>\n\t\t\t\t<\/div>\n\t\t\t\t<div class=\"elementor-element elementor-element-5e47f9c2 elementor-widget elementor-widget-image\" data-id=\"5e47f9c2\" data-element_type=\"widget\" data-widget_type=\"image.default\">\n\t\t\t\t<div class=\"elementor-widget-container\">\n\t\t\t\t\t\t\t\t\t\t\t\t\t\t\t<img loading=\"lazy\" decoding=\"async\" width=\"150\" height=\"150\" src=\"https:\/\/ekowatt.cz\/wp-content\/uploads\/2023\/11\/breeam_accredited-professional-150x150-1.png\" class=\"attachment-full size-full wp-image-297\" alt>\t\t\t\t\t\t\t\t\t\t\t\t\t\t\t<\/div>\n\t\t\t\t<\/div>\n\t\t\t\t<div class=\"elementor-element elementor-element-1279e61a elementor-widget elementor-widget-image\" data-id=\"1279e61a\" data-element_type=\"widget\" data-widget_type=\"image.default\">\n\t\t\t\t<div class=\"elementor-widget-container\">\n\t\t\t\t\t\t\t\t\t\t\t\t\t\t\t<img loading=\"lazy\" decoding=\"async\" width=\"150\" height=\"150\" src=\"https:\/\/ekowatt.cz\/wp-content\/uploads\/2023\/11\/breeam_licennsed-accessor-company-150x150-1.png\" class=\"attachment-full size-full wp-image-299\" alt>\t\t\t\t\t\t\t\t\t\t\t\t\t\t\t<\/div>\n\t\t\t\t<\/div>\n\t\t\t\t<div class=\"elementor-element elementor-element-7168601f elementor-widget elementor-widget-image\" data-id=\"7168601f\" data-element_type=\"widget\" data-widget_type=\"image.default\">\n\t\t\t\t<div class=\"elementor-widget-container\">\n\t\t\t\t\t\t\t\t\t\t\t\t\t\t\t<img loading=\"lazy\" decoding=\"async\" width=\"153\" height=\"209\" src=\"https:\/\/ekowatt.cz\/wp-content\/uploads\/2023\/11\/breeam_in-use-auditor.png\" class=\"attachment-full size-full wp-image-298\" alt>\t\t\t\t\t\t\t\t\t\t\t\t\t\t\t<\/div>\n\t\t\t\t<\/div>\n\t\t\t\t<div class=\"elementor-element elementor-element-5bfdb0f1 elementor-widget elementor-widget-image\" data-id=\"5bfdb0f1\" data-element_type=\"widget\" data-widget_type=\"image.default\">\n\t\t\t\t<div class=\"elementor-widget-container\">\n\t\t\t\t\t\t\t\t\t\t\t\t\t\t\t<img loading=\"lazy\" decoding=\"async\" width=\"150\" height=\"56\" src=\"https:\/\/ekowatt.cz\/wp-content\/uploads\/2023\/11\/iso_9001-1.png\" class=\"attachment-full size-full wp-image-303\" alt>\t\t\t\t\t\t\t\t\t\t\t\t\t\t\t<\/div>\n\t\t\t\t<\/div>\n\t\t\t\t\t<\/div>\n\t\t\t\t<\/div>\n\t\t\t\t<\/div>\n\t\t<div class=\"elementor-element elementor-element-2b4fa61 e-con-full e-flex e-con e-child\" data-id=\"2b4fa61\" data-element_type=\"container\">\n\t\t\t\t<div class=\"elementor-element elementor-element-4084731 elementor-widget elementor-widget-heading\" data-id=\"4084731\" data-element_type=\"widget\" data-widget_type=\"heading.default\">\n\t\t\t\t<div class=\"elementor-widget-container\">\n\t\t\t\t\t<h2 class=\"elementor-heading-title elementor-size-default\">Na\u0161i partne\u0159i<\/h2>\t\t\t\t<\/div>\n\t\t\t\t<\/div>\n\t\t<div class=\"elementor-element elementor-element-45947037 e-flex e-con-boxed e-con e-child\" data-id=\"45947037\" data-element_type=\"container\">\n\t\t\t\t\t<div class=\"e-con-inner\">\n\t\t\t\t<div class=\"elementor-element elementor-element-666ae81e elementor-widget elementor-widget-image\" data-id=\"666ae81e\" data-element_type=\"widget\" data-widget_type=\"image.default\">\n\t\t\t\t<div class=\"elementor-widget-container\">\n\t\t\t\t\t\t\t\t\t\t\t\t\t\t\t<img decoding=\"async\" src=\"https:\/\/ekowatt.cz\/wp-content\/uploads\/elementor\/thumbs\/Enerco-Logo-Mono@halfx-qwd4eqok2wory3b8yf2ftboe82r5eql74oo0toisy6.png\" title=\"Enerco \u2014 Logo \u2014 Mono@halfx\" alt=\"Enerco - Logo - Mono@halfx\" loading=\"lazy\">\t\t\t\t\t\t\t\t\t\t\t\t\t\t\t<\/div>\n\t\t\t\t<\/div>\n\t\t\t\t<div class=\"elementor-element elementor-element-6a985313 elementor-widget elementor-widget-image\" data-id=\"6a985313\" data-element_type=\"widget\" data-widget_type=\"image.default\">\n\t\t\t\t<div class=\"elementor-widget-container\">\n\t\t\t\t\t\t\t\t\t\t\t\t\t\t\t<img loading=\"lazy\" decoding=\"async\" width=\"120\" height=\"40\" src=\"https:\/\/ekowatt.cz\/wp-content\/uploads\/2023\/11\/krasec_150.png\" class=\"attachment-thumbnail size-thumbnail wp-image-282\" alt>\t\t\t\t\t\t\t\t\t\t\t\t\t\t\t<\/div>\n\t\t\t\t<\/div>\n\t\t\t\t<div class=\"elementor-element elementor-element-7a3830ad elementor-widget elementor-widget-image\" data-id=\"7a3830ad\" data-element_type=\"widget\" data-widget_type=\"image.default\">\n\t\t\t\t<div class=\"elementor-widget-container\">\n\t\t\t\t\t\t\t\t\t\t\t\t\t\t\t<img decoding=\"async\" src=\"https:\/\/ekowatt.cz\/wp-content\/uploads\/elementor\/thumbs\/Frank-Bold-qvbkoqhphu2konl8vzyrd0ffrfl18xsu24da3o5upq.png\" title=\"Frank Bold\" alt=\"Frank Bold\" loading=\"lazy\">\t\t\t\t\t\t\t\t\t\t\t\t\t\t\t<\/div>\n\t\t\t\t<\/div>\n\t\t\t\t<div class=\"elementor-element elementor-element-39bf8c55 elementor-widget elementor-widget-image\" data-id=\"39bf8c55\" data-element_type=\"widget\" data-widget_type=\"image.default\">\n\t\t\t\t<div class=\"elementor-widget-container\">\n\t\t\t\t\t\t\t\t\t\t\t\t\t\t\t<img loading=\"lazy\" decoding=\"async\" width=\"120\" height=\"46\" src=\"https:\/\/ekowatt.cz\/wp-content\/uploads\/2023\/11\/logo-komunalni.original.png\" class=\"attachment-full size-full wp-image-285\" alt>\t\t\t\t\t\t\t\t\t\t\t\t\t\t\t<\/div>\n\t\t\t\t<\/div>\n\t\t\t\t<div class=\"elementor-element elementor-element-70b7c3eb elementor-widget elementor-widget-image\" data-id=\"70b7c3eb\" data-element_type=\"widget\" data-widget_type=\"image.default\">\n\t\t\t\t<div class=\"elementor-widget-container\">\n\t\t\t\t\t\t\t\t\t\t\t\t\t\t\t<img loading=\"lazy\" decoding=\"async\" width=\"120\" height=\"29\" src=\"https:\/\/ekowatt.cz\/wp-content\/uploads\/2023\/11\/Prumyslova_ekologie_logo_CMYK.png\" class=\"attachment-full size-full wp-image-286\" alt>\t\t\t\t\t\t\t\t\t\t\t\t\t\t\t<\/div>\n\t\t\t\t<\/div>\n\t\t\t\t<div class=\"elementor-element elementor-element-1663d735 elementor-widget elementor-widget-image\" data-id=\"1663d735\" data-element_type=\"widget\" data-widget_type=\"image.default\">\n\t\t\t\t<div class=\"elementor-widget-container\">\n\t\t\t\t\t\t\t\t\t\t\t\t\t\t\t<img decoding=\"async\" src=\"https:\/\/ekowatt.cz\/wp-content\/uploads\/elementor\/thumbs\/nazeleno01-1-qffut062x4hhr3id89khbl9x8sn1i8o2jclcbeqzdw.gif\" title=\"nazeleno01\u20111\" alt=\"nazeleno01-1\" loading=\"lazy\">\t\t\t\t\t\t\t\t\t\t\t\t\t\t\t<\/div>\n\t\t\t\t<\/div>\n\t\t\t\t\t<\/div>\n\t\t\t\t<\/div>\n\t\t<div class=\"elementor-element elementor-element-50f4e81c e-flex e-con-boxed e-con e-child\" data-id=\"50f4e81c\" data-element_type=\"container\">\n\t\t\t\t\t<div class=\"e-con-inner\">\n\t\t\t\t<div class=\"elementor-element elementor-element-3d187c76 elementor-widget elementor-widget-image\" data-id=\"3d187c76\" data-element_type=\"widget\" data-widget_type=\"image.default\">\n\t\t\t\t<div class=\"elementor-widget-container\">\n\t\t\t\t\t\t\t\t\t\t\t\t\t\t\t<img loading=\"lazy\" decoding=\"async\" width=\"120\" height=\"120\" src=\"https:\/\/ekowatt.cz\/wp-content\/uploads\/2023\/11\/Clen_CPD_barevny_pruhledny_mensi.png\" class=\"attachment-thumbnail size-thumbnail wp-image-278\" alt>\t\t\t\t\t\t\t\t\t\t\t\t\t\t\t<\/div>\n\t\t\t\t<\/div>\n\t\t\t\t<div class=\"elementor-element elementor-element-4682192a elementor-widget elementor-widget-image\" data-id=\"4682192a\" data-element_type=\"widget\" data-widget_type=\"image.default\">\n\t\t\t\t<div class=\"elementor-widget-container\">\n\t\t\t\t\t\t\t\t\t\t\t\t\t\t\t<img loading=\"lazy\" decoding=\"async\" width=\"120\" height=\"120\" src=\"https:\/\/ekowatt.cz\/wp-content\/uploads\/2023\/11\/CZGBC_logo-cz_web_rgb-150x150-1.png\" class=\"attachment-thumbnail size-thumbnail wp-image-279\" alt>\t\t\t\t\t\t\t\t\t\t\t\t\t\t\t<\/div>\n\t\t\t\t<\/div>\n\t\t\t\t<div class=\"elementor-element elementor-element-12210db2 elementor-widget elementor-widget-image\" data-id=\"12210db2\" data-element_type=\"widget\" data-widget_type=\"image.default\">\n\t\t\t\t<div class=\"elementor-widget-container\">\n\t\t\t\t\t\t\t\t\t\t\t\t\t\t\t<img decoding=\"async\" src=\"https:\/\/ekowatt.cz\/wp-content\/uploads\/elementor\/thumbs\/LOGO_1-rekonstrukce-stacu-qffurkgyh8iq0jlgm5800gbkklpuqvyu08pmx6vnhs.png\" title=\"LOGO_1-rekonstrukce-stacu\" alt=\"LOGO_1-rekonstrukce-stacu\" loading=\"lazy\">\t\t\t\t\t\t\t\t\t\t\t\t\t\t\t<\/div>\n\t\t\t\t<\/div>\n\t\t\t\t<div class=\"elementor-element elementor-element-3014bad0 elementor-widget elementor-widget-image\" data-id=\"3014bad0\" data-element_type=\"widget\" data-widget_type=\"image.default\">\n\t\t\t\t<div class=\"elementor-widget-container\">\n\t\t\t\t\t\t\t\t\t\t\t\t\t\t\t<img loading=\"lazy\" decoding=\"async\" width=\"88\" height=\"55\" src=\"https:\/\/ekowatt.cz\/wp-content\/uploads\/2023\/11\/Flag_of_Tibet.png\" class=\"attachment-full size-full wp-image-280\" alt>\t\t\t\t\t\t\t\t\t\t\t\t\t\t\t<\/div>\n\t\t\t\t<\/div>\n\t\t\t\t<div class=\"elementor-element elementor-element-6340d89a elementor-widget elementor-widget-image\" data-id=\"6340d89a\" data-element_type=\"widget\" data-widget_type=\"image.default\">\n\t\t\t\t<div class=\"elementor-widget-container\">\n\t\t\t\t\t\t\t\t\t\t\t\t\t\t\t<img loading=\"lazy\" decoding=\"async\" width=\"120\" height=\"52\" src=\"https:\/\/ekowatt.cz\/wp-content\/uploads\/2023\/11\/logo_spb_web.png\" class=\"attachment-full size-full wp-image-284\" alt>\t\t\t\t\t\t\t\t\t\t\t\t\t\t\t<\/div>\n\t\t\t\t<\/div>\n\t\t\t\t<div class=\"elementor-element elementor-element-7863d9ce elementor-widget elementor-widget-image\" data-id=\"7863d9ce\" data-element_type=\"widget\" data-widget_type=\"image.default\">\n\t\t\t\t<div class=\"elementor-widget-container\">\n\t\t\t\t\t\t\t\t\t\t\t\t\t\t\t<img loading=\"lazy\" decoding=\"async\" width=\"120\" height=\"42\" src=\"https:\/\/ekowatt.cz\/wp-content\/uploads\/2023\/11\/ban_PENB.png\" class=\"attachment-thumbnail size-thumbnail wp-image-277\" alt>\t\t\t\t\t\t\t\t\t\t\t\t\t\t\t<\/div>\n\t\t\t\t<\/div>\n\t\t\t\t\t<\/div>\n\t\t\t\t<\/div>\n\t\t\t\t<\/div>\n\t\t<div class=\"elementor-element elementor-element-e57a12e e-con-full e-flex e-con e-child\" data-id=\"e57a12e\" data-element_type=\"container\">\n\t\t\t\t<div class=\"elementor-element elementor-element-498f4bb0 elementor-widget elementor-widget-heading\" data-id=\"498f4bb0\" data-element_type=\"widget\" data-widget_type=\"heading.default\">\n\t\t\t\t<div class=\"elementor-widget-container\">\n\t\t\t\t\t<h2 class=\"elementor-heading-title elementor-size-default\">Kontakt<\/h2>\t\t\t\t<\/div>\n\t\t\t\t<\/div>\n\t\t\t\t<div class=\"elementor-element elementor-element-44667457 elementor-widget elementor-widget-text-editor\" data-id=\"44667457\" data-element_type=\"widget\" data-widget_type=\"text-editor.default\">\n\t\t\t\t<div class=\"elementor-widget-container\">\n\t\t\t\t\t\t\t\t\t<p>Are\u00e1l \u0160tras\u00adburk<br>\u0160v\u00e1bky 52\/2<br>180 00 Pra\u00adha 8<br>Tel.: +420 266 710 247<br>e\u2011mail: <a href=\"mailto:%70%72%61%68%61%40%65%6b%6f%77%61%74%74%2e%63%7a\">info@ekowatt.cz<\/a><\/p>\t\t\t\t\t\t\t\t<\/div>\n\t\t\t\t<\/div>\n\t\t\t\t<\/div>\n\t\t\t\t\t<\/div>\n\t\t\t\t<\/div>\n\t\t\t\t<\/div>\n\t\t","protected":false},"excerpt":{"rendered":"<p>Ref\u00ader\u00adence: Dotace NZ\u00da (Nov\u00e1 zelen\u00e1 \u00faspor\u00e1m) Kul\u00adturn\u00ed d\u016fm Horn\u00ed&nbsp;B\u011bl\u00e1 Kul\u00adturn\u00ed d\u016fm Horn\u00ed&nbsp;B\u011bl\u00e1 Z\u00edskan\u00e1 pod\u00adpo\u00adra OP\u017dP 450 000&nbsp;K\u010d,\u2026 \u010c\u00edst v\u00edce Z\u0160 Hudlice Z\u0160 Hudlice Z\u00edskan\u00e1 pod\u00adpo\u00adra cca 5&nbsp;mil. K\u010d, vlast\u00adn\u00ed inves\u00adtice\u2026 \u010c\u00edst v\u00edce T\u011blocvi\u010d\u00adna p\u0159i Z\u0160 Kralovice T\u011blocvi\u010d\u00adna p\u0159i Z\u0160 Kralovice Z\u00edskan\u00e1 pod\u00adpo\u00adra OP\u017dP cca 3&nbsp;mil.\u2026 \u010c\u00edst v\u00edce V\u0161ech\u00adny ref\u00ader\u00adence EkoWATT je jed\u00adnou z&nbsp;m\u00e1la firem v&nbsp;Evrop\u011b&nbsp;[\u2026]<\/p>\n","protected":false},"author":1,"featured_media":0,"parent":0,"menu_order":0,"comment_status":"closed","ping_status":"closed","template":"","meta":{"wp_typography_post_enhancements_disabled":false,"site-sidebar-layout":"no-sidebar","site-content-layout":"","ast-site-content-layout":"full-width-container","site-content-style":"default","site-sidebar-style":"default","ast-global-header-display":"","ast-banner-title-visibility":"","ast-main-header-display":"","ast-hfb-above-header-display":"","ast-hfb-below-header-display":"","ast-hfb-mobile-header-display":"","site-post-title":"disabled","ast-breadcrumbs-content":"","ast-featured-img":"disabled","footer-sml-layout":"","ast-disable-related-posts":"","theme-transparent-header-meta":"","adv-header-id-meta":"","stick-header-meta":"","header-above-stick-meta":"","header-main-stick-meta":"","header-below-stick-meta":"","astra-migrate-meta-layouts":"default","ast-page-background-enabled":"default","ast-page-background-meta":{"desktop":{"background-color":"var(--ast-global-color-4)","background-image":"","background-repeat":"repeat","background-position":"center center","background-size":"auto","background-attachment":"scroll","background-type":"","background-media":"","overlay-type":"","overlay-color":"","overlay-opacity":"","overlay-gradient":""},"tablet":{"background-color":"","background-image":"","background-repeat":"repeat","background-position":"center center","background-size":"auto","background-attachment":"scroll","background-type":"","background-media":"","overlay-type":"","overlay-color":"","overlay-opacity":"","overlay-gradient":""},"mobile":{"background-color":"","background-image":"","background-repeat":"repeat","background-position":"center center","background-size":"auto","background-attachment":"scroll","background-type":"","background-media":"","overlay-type":"","overlay-color":"","overlay-opacity":"","overlay-gradient":""}},"ast-content-background-meta":{"desktop":{"background-color":"var(--ast-global-color-5)","background-image":"","background-repeat":"repeat","background-position":"center center","background-size":"auto","background-attachment":"scroll","background-type":"","background-media":"","overlay-type":"","overlay-color":"","overlay-opacity":"","overlay-gradient":""},"tablet":{"background-color":"var(--ast-global-color-5)","background-image":"","background-repeat":"repeat","background-position":"center center","background-size":"auto","background-attachment":"scroll","background-type":"","background-media":"","overlay-type":"","overlay-color":"","overlay-opacity":"","overlay-gradient":""},"mobile":{"background-color":"var(--ast-global-color-5)","background-image":"","background-repeat":"repeat","background-position":"center center","background-size":"auto","background-attachment":"scroll","background-type":"","background-media":"","overlay-type":"","overlay-color":"","overlay-opacity":"","overlay-gradient":""}},"footnotes":""},"class_list":["post-1160","page","type-page","status-publish","hentry"],"_links":{"self":[{"href":"https:\/\/ekowatt.cz\/index.php\/wp-json\/wp\/v2\/pages\/1160","targetHints":{"allow":["GET"]}}],"collection":[{"href":"https:\/\/ekowatt.cz\/index.php\/wp-json\/wp\/v2\/pages"}],"about":[{"href":"https:\/\/ekowatt.cz\/index.php\/wp-json\/wp\/v2\/types\/page"}],"author":[{"embeddable":true,"href":"https:\/\/ekowatt.cz\/index.php\/wp-json\/wp\/v2\/users\/1"}],"replies":[{"embeddable":true,"href":"https:\/\/ekowatt.cz\/index.php\/wp-json\/wp\/v2\/comments?post=1160"}],"version-history":[{"count":37,"href":"https:\/\/ekowatt.cz\/index.php\/wp-json\/wp\/v2\/pages\/1160\/revisions"}],"predecessor-version":[{"id":2700,"href":"https:\/\/ekowatt.cz\/index.php\/wp-json\/wp\/v2\/pages\/1160\/revisions\/2700"}],"wp:attachment":[{"href":"https:\/\/ekowatt.cz\/index.php\/wp-json\/wp\/v2\/media?parent=1160"}],"curies":[{"name":"wp","href":"https:\/\/api.w.org\/{rel}","templated":true}]}}