{"id":1162,"date":"2023-12-19T10:52:34","date_gmt":"2023-12-19T10:52:34","guid":{"rendered":"https:\/\/new.ekowatt.cz\/?page_id=1162"},"modified":"2026-02-10T14:59:24","modified_gmt":"2026-02-10T14:59:24","slug":"reference-poradenstvi","status":"publish","type":"page","link":"https:\/\/ekowatt.cz\/index.php\/reference-poradenstvi\/","title":{"rendered":"Reference poradenstv\u00ed"},"content":{"rendered":"\t\t<div data-elementor-type=\"wp-page\" data-elementor-id=\"1162\" class=\"elementor elementor-1162\">\n\t\t\t\t<div class=\"elementor-element elementor-element-5d04186c e-flex e-con-boxed e-con e-parent\" data-id=\"5d04186c\" data-element_type=\"container\" data-settings=\"{&quot;background_background&quot;:&quot;classic&quot;}\">\n\t\t\t\t\t<div class=\"e-con-inner\">\n\t\t\t\t<div class=\"elementor-element elementor-element-2a463dd2 elementor-widget elementor-widget-heading\" data-id=\"2a463dd2\" data-element_type=\"widget\" data-widget_type=\"heading.default\">\n\t\t\t\t<div class=\"elementor-widget-container\">\n\t\t\t\t\t<h2 class=\"elementor-heading-title elementor-size-default\">Reference: Ostatn\u00ed poradensk\u00e9 slu\u017eby<\/h2>\t\t\t\t<\/div>\n\t\t\t\t<\/div>\n\t\t\t\t\t<\/div>\n\t\t\t\t<\/div>\n\t\t<div class=\"elementor-element elementor-element-213c056b e-flex e-con-boxed e-con e-parent\" data-id=\"213c056b\" data-element_type=\"container\">\n\t\t\t\t\t<div class=\"e-con-inner\">\n\t\t\t\t<div class=\"elementor-element elementor-element-706ac0af elementor-widget elementor-widget-ucaddon_post_blocks\" data-id=\"706ac0af\" data-element_type=\"widget\" data-widget_type=\"ucaddon_post_blocks.default\">\n\t\t\t\t<div class=\"elementor-widget-container\">\n\t\t\t\t\t\n<!-- start Post Blocks -->\n\t\t<link id=\"font-awesome-css\" href=\"https:\/\/ekowatt.cz\/wp-content\/plugins\/unlimited-elements-for-elementor\/assets_libraries\/font-awesome6\/fontawesome-all.min.css\" type=\"text\/css\" rel=\"stylesheet\">\n\t\t<link id=\"font-awesome-4-shim-css\" href=\"https:\/\/ekowatt.cz\/wp-content\/plugins\/unlimited-elements-for-elementor\/assets_libraries\/font-awesome6\/fontawesome-v4-shims.min.css\" type=\"text\/css\" rel=\"stylesheet\">\n\n<style>\/* widget: Post Blocks *\/\n\n\n\n#uc_post_blocks_elementor_706ac0af {\n    display:grid;\n}\n#uc_post_blocks_elementor_706ac0af .ue_post_blocks_box\n{\n  overflow:hidden;\n}\n\n#uc_post_blocks_elementor_706ac0af .ue_post_blocks_image\n{\n  overflow:hidden;\n}\n#uc_post_blocks_elementor_706ac0af .ue_post_blocks_image img\n{\n  width:100%;\n  display:block;\n}\n#uc_post_blocks_elementor_706ac0af .ue_post_blocks_link a\n{\n  display:inline-block;\n  text-decoration:none;\n  text-align:center;\n}\n\n\n#uc_post_blocks_elementor_706ac0af .ue-grid-item-meta-data\n{\n  display:inlin-flex;\n  flex-wrap: wrap;\n}\n\n.ue-grid-item-meta-data\n{\n  font-size:12px;\n}\n\n#uc_post_blocks_elementor_706ac0af .ue-grid-item-meta-data-icon\n{\n  line-height:1em;\n}\n\n#uc_post_blocks_elementor_706ac0af .ue-grid-item-meta-data-icon svg\n{\n  width:1em;\n  height:1em;\n}\n\n#uc_post_blocks_elementor_706ac0af .ue_post_blocks_box{\n  display: flex;\n  flex-direction: column;\n}\n#uc_post_blocks_elementor_706ac0af .ue_post_blocks_content{\n display: flex; flex-grow: 1;\n flex-direction: column;\n}\n#uc_post_blocks_elementor_706ac0af .ue_post_blocks_link{ margin-top: auto;\n}\n\n.ue-grid-item-category a\n{\n  display:inline-block;\n  font-size:10px;\n  text-transform:uppercase;\n}\n\n\n\n\n<\/style>\n\n<div id=\"uc_post_blocks_elementor_706ac0af\" class=\"ue_post_blocks uc-items-wrapper \">\n    <div class=\"ue_post_blocks_box\">\n    <div class=\"ue_post_blocks_image\">\n    <a href=\"https:\/\/ekowatt.cz\/index.php\/2023\/12\/19\/administrativni-budova-florenc-office-center\/\" style=\"display:block;\"><img loading=\"lazy\" decoding=\"async\" src=\"https:\/\/ekowatt.cz\/wp-content\/uploads\/2023\/12\/blog-1.png\" alt=\"blog 1\" width=\"420\" height=\"280\"><\/a>\n  <\/div>\n    <div class=\"ue_post_blocks_content\">\n      \n     \n         \n    <div class=\"ue_post_blocks_title\"><a href=\"https:\/\/ekowatt.cz\/index.php\/2023\/12\/19\/administrativni-budova-florenc-office-center\/\">Admin\u00adis\u00adtra\u00adtivn\u00ed budo\u00adva Flo\u00adrenc Office Center<\/a><\/div>    \n        \n    \n    <div class=\"ue_post_blocks_text\">Admin\u00adis\u00adtra\u00adtivn\u00ed budo\u00adva Flo\u00adrenc Office Cen\u00adter\n\n\n\n\nBudo\u00adva z&nbsp;roku\u2026<\/div>        \t<div class=\"ue_post_blocks_link\">\n          <a class=\" \" href=\"https:\/\/ekowatt.cz\/index.php\/2023\/12\/19\/administrativni-budova-florenc-office-center\/\">\u010c\u00edst v\u00edce<\/a>\n    \t<\/div>\n      <\/div>\n<\/div>\n<div class=\"ue_post_blocks_box\">\n    <div class=\"ue_post_blocks_image\">\n    <a href=\"https:\/\/ekowatt.cz\/index.php\/2023\/12\/19\/administrativne-obchodni-centrum-myslbek\/\" style=\"display:block;\"><img loading=\"lazy\" decoding=\"async\" src=\"https:\/\/ekowatt.cz\/wp-content\/uploads\/2023\/12\/blog-24-1.jpg\" alt=\"blog 24\" width=\"420\" height=\"280\"><\/a>\n  <\/div>\n    <div class=\"ue_post_blocks_content\">\n      \n     \n         \n    <div class=\"ue_post_blocks_title\"><a href=\"https:\/\/ekowatt.cz\/index.php\/2023\/12\/19\/administrativne-obchodni-centrum-myslbek\/\">Admin\u00adis\u00adtra\u00adtivn\u011b obchod\u00adn\u00ed cen\u00adtrum Myslbek<\/a><\/div>    \n        \n    \n    <div class=\"ue_post_blocks_text\">Admin\u00adis\u00adtra\u00adtivn\u011b obchod\u00adn\u00ed cen\u00adtrum Myslbek\n\n\n\n\nSedmipodla\u017en\u00ed\u2026<\/div>        \t<div class=\"ue_post_blocks_link\">\n          <a class=\" \" href=\"https:\/\/ekowatt.cz\/index.php\/2023\/12\/19\/administrativne-obchodni-centrum-myslbek\/\">\u010c\u00edst v\u00edce<\/a>\n    \t<\/div>\n      <\/div>\n<\/div>\n<div class=\"ue_post_blocks_box\">\n    <div class=\"ue_post_blocks_image\">\n    <a href=\"https:\/\/ekowatt.cz\/index.php\/2023\/12\/19\/administrativne-obchodni-centrum-ibc-international-business-center\/\" style=\"display:block;\"><img loading=\"lazy\" decoding=\"async\" src=\"https:\/\/ekowatt.cz\/wp-content\/uploads\/2023\/12\/blog-23.jpg\" alt=\"blog 23\" width=\"420\" height=\"280\"><\/a>\n  <\/div>\n    <div class=\"ue_post_blocks_content\">\n      \n     \n         \n    <div class=\"ue_post_blocks_title\"><a href=\"https:\/\/ekowatt.cz\/index.php\/2023\/12\/19\/administrativne-obchodni-centrum-ibc-international-business-center\/\">Admin\u00adis\u00adtra\u00adtivn\u011b obchod\u00adn\u00ed cen\u00adtrum IBC (Inter\u00adna\u00adtion\u00adal Busi\u00adness Center)<\/a><\/div>    \n        \n    \n    <div class=\"ue_post_blocks_text\">Admin\u00adis\u00adtra\u00adtivn\u011b obchod\u00adn\u00ed cen\u00adtrum IBC (Inter\u00adna\u00adtion\u00adal Business\u2026<\/div>        \t<div class=\"ue_post_blocks_link\">\n          <a class=\" \" href=\"https:\/\/ekowatt.cz\/index.php\/2023\/12\/19\/administrativne-obchodni-centrum-ibc-international-business-center\/\">\u010c\u00edst v\u00edce<\/a>\n    \t<\/div>\n      <\/div>\n<\/div>\n\n<\/div>\n<!-- end Post Blocks -->\t\t\t\t<\/div>\n\t\t\t\t<\/div>\n\t\t\t\t<div class=\"elementor-element elementor-element-860dc23 elementor-align-center elementor-widget elementor-widget-button\" data-id=\"860dc23\" data-element_type=\"widget\" data-widget_type=\"button.default\">\n\t\t\t\t<div class=\"elementor-widget-container\">\n\t\t\t\t\t\t\t\t\t<div class=\"elementor-button-wrapper\">\n\t\t\t\t\t<a class=\"elementor-button elementor-button-link elementor-size-sm\" href=\"https:\/\/ekowatt.cz\/index.php\/vsechny-reference\/\">\n\t\t\t\t\t\t<span class=\"elementor-button-content-wrapper\">\n\t\t\t\t\t\t\t\t\t<span class=\"elementor-button-text\">V\u0161ech\u00adny reference<\/span>\n\t\t\t\t\t<\/span>\n\t\t\t\t\t<\/a>\n\t\t\t\t<\/div>\n\t\t\t\t\t\t\t\t<\/div>\n\t\t\t\t<\/div>\n\t\t\t\t\t<\/div>\n\t\t\t\t<\/div>\n\t\t<div class=\"elementor-element elementor-element-3cc0e9d6 e-flex e-con-boxed e-con e-parent\" data-id=\"3cc0e9d6\" data-element_type=\"container\" data-settings=\"{&quot;background_background&quot;:&quot;classic&quot;}\">\n\t\t\t\t\t<div class=\"e-con-inner\">\n\t\t<div class=\"elementor-element elementor-element-1c550ed5 e-con-full e-flex e-con e-child\" data-id=\"1c550ed5\" data-element_type=\"container\">\n\t\t\t\t<div class=\"elementor-element elementor-element-4a7bd355 elementor-widget elementor-widget-image\" data-id=\"4a7bd355\" data-element_type=\"widget\" data-widget_type=\"image.default\">\n\t\t\t\t<div class=\"elementor-widget-container\">\n\t\t\t\t\t\t\t\t\t\t\t\t\t\t\t\t<a href=\"https:\/\/www.strechy-praha.cz\/?utm_source=Ekowatt&amp;utm_medium=Banner&amp;utm_campaign=bez_vyhod_2023\">\n\t\t\t\t\t\t\t<img decoding=\"async\" src=\"https:\/\/ekowatt.cz\/wp-content\/uploads\/2025\/01\/CZ_STRECHY_bannery_zlevnena__468-x-60.png\" title alt loading=\"lazy\">\t\t\t\t\t\t\t\t<\/a>\n\t\t\t\t\t\t\t\t\t\t\t\t\t\t\t<\/div>\n\t\t\t\t<\/div>\n\t\t\t\t<div class=\"elementor-element elementor-element-5405ff20 elementor-widget elementor-widget-heading\" data-id=\"5405ff20\" data-element_type=\"widget\" data-widget_type=\"heading.default\">\n\t\t\t\t<div class=\"elementor-widget-container\">\n\t\t\t\t\t<h2 class=\"elementor-heading-title elementor-size-default\"><a href=\"https:\/\/www.leed.cz\/\">EkoWATT je jednou z&nbsp;m\u00e1la firem v&nbsp;Evrop\u011b nab\u00edzej\u00edc\u00edch v\u0161echny certifikace budov<\/a><\/h2>\t\t\t\t<\/div>\n\t\t\t\t<\/div>\n\t\t<div class=\"elementor-element elementor-element-57b29b85 e-flex e-con-boxed e-con e-child\" data-id=\"57b29b85\" data-element_type=\"container\">\n\t\t\t\t\t<div class=\"e-con-inner\">\n\t\t\t\t<div class=\"elementor-element elementor-element-4acf6158 elementor-widget elementor-widget-image\" data-id=\"4acf6158\" data-element_type=\"widget\" data-widget_type=\"image.default\">\n\t\t\t\t<div class=\"elementor-widget-container\">\n\t\t\t\t\t\t\t\t\t\t\t\t\t\t\t<img loading=\"lazy\" decoding=\"async\" width=\"150\" height=\"150\" src=\"https:\/\/ekowatt.cz\/wp-content\/uploads\/2023\/11\/credential-cert-bdc-150x150-1.png\" class=\"attachment-full size-full wp-image-300\" alt>\t\t\t\t\t\t\t\t\t\t\t\t\t\t\t<\/div>\n\t\t\t\t<\/div>\n\t\t\t\t<div class=\"elementor-element elementor-element-6b1b5943 elementor-widget elementor-widget-image\" data-id=\"6b1b5943\" data-element_type=\"widget\" data-widget_type=\"image.default\">\n\t\t\t\t<div class=\"elementor-widget-container\">\n\t\t\t\t\t\t\t\t\t\t\t\t\t\t\t<img loading=\"lazy\" decoding=\"async\" width=\"150\" height=\"150\" src=\"https:\/\/ekowatt.cz\/wp-content\/uploads\/2023\/11\/credential-cert-idc-150x150-1.png\" class=\"attachment-full size-full wp-image-301\" alt>\t\t\t\t\t\t\t\t\t\t\t\t\t\t\t<\/div>\n\t\t\t\t<\/div>\n\t\t\t\t<div class=\"elementor-element elementor-element-482ecbd8 elementor-widget elementor-widget-image\" data-id=\"482ecbd8\" data-element_type=\"widget\" data-widget_type=\"image.default\">\n\t\t\t\t<div class=\"elementor-widget-container\">\n\t\t\t\t\t\t\t\t\t\t\t\t\t\t\t<img loading=\"lazy\" decoding=\"async\" width=\"150\" height=\"150\" src=\"https:\/\/ekowatt.cz\/wp-content\/uploads\/2023\/11\/credential-cert-om-150x150-1.png\" class=\"attachment-full size-full wp-image-302\" alt>\t\t\t\t\t\t\t\t\t\t\t\t\t\t\t<\/div>\n\t\t\t\t<\/div>\n\t\t\t\t<div class=\"elementor-element elementor-element-36d79cd1 elementor-widget elementor-widget-image\" data-id=\"36d79cd1\" data-element_type=\"widget\" data-widget_type=\"image.default\">\n\t\t\t\t<div class=\"elementor-widget-container\">\n\t\t\t\t\t\t\t\t\t\t\t\t\t\t\t<img loading=\"lazy\" decoding=\"async\" width=\"150\" height=\"150\" src=\"https:\/\/ekowatt.cz\/wp-content\/uploads\/2023\/11\/breeam_accredited-professional-150x150-1.png\" class=\"attachment-full size-full wp-image-297\" alt>\t\t\t\t\t\t\t\t\t\t\t\t\t\t\t<\/div>\n\t\t\t\t<\/div>\n\t\t\t\t<div class=\"elementor-element elementor-element-25ba4113 elementor-widget elementor-widget-image\" data-id=\"25ba4113\" data-element_type=\"widget\" data-widget_type=\"image.default\">\n\t\t\t\t<div class=\"elementor-widget-container\">\n\t\t\t\t\t\t\t\t\t\t\t\t\t\t\t<img loading=\"lazy\" decoding=\"async\" width=\"150\" height=\"150\" src=\"https:\/\/ekowatt.cz\/wp-content\/uploads\/2023\/11\/breeam_licennsed-accessor-company-150x150-1.png\" class=\"attachment-full size-full wp-image-299\" alt>\t\t\t\t\t\t\t\t\t\t\t\t\t\t\t<\/div>\n\t\t\t\t<\/div>\n\t\t\t\t<div class=\"elementor-element elementor-element-77f2e959 elementor-widget elementor-widget-image\" data-id=\"77f2e959\" data-element_type=\"widget\" data-widget_type=\"image.default\">\n\t\t\t\t<div class=\"elementor-widget-container\">\n\t\t\t\t\t\t\t\t\t\t\t\t\t\t\t<img loading=\"lazy\" decoding=\"async\" width=\"153\" height=\"209\" src=\"https:\/\/ekowatt.cz\/wp-content\/uploads\/2023\/11\/breeam_in-use-auditor.png\" class=\"attachment-full size-full wp-image-298\" alt>\t\t\t\t\t\t\t\t\t\t\t\t\t\t\t<\/div>\n\t\t\t\t<\/div>\n\t\t\t\t<div class=\"elementor-element elementor-element-49898069 elementor-widget elementor-widget-image\" data-id=\"49898069\" data-element_type=\"widget\" data-widget_type=\"image.default\">\n\t\t\t\t<div class=\"elementor-widget-container\">\n\t\t\t\t\t\t\t\t\t\t\t\t\t\t\t<img loading=\"lazy\" decoding=\"async\" width=\"150\" height=\"56\" src=\"https:\/\/ekowatt.cz\/wp-content\/uploads\/2023\/11\/iso_9001-1.png\" class=\"attachment-full size-full wp-image-303\" alt>\t\t\t\t\t\t\t\t\t\t\t\t\t\t\t<\/div>\n\t\t\t\t<\/div>\n\t\t\t\t\t<\/div>\n\t\t\t\t<\/div>\n\t\t\t\t<\/div>\n\t\t<div class=\"elementor-element elementor-element-61a383d0 e-con-full e-flex e-con e-child\" data-id=\"61a383d0\" data-element_type=\"container\">\n\t\t\t\t<div class=\"elementor-element elementor-element-1f6c76e8 elementor-widget elementor-widget-heading\" data-id=\"1f6c76e8\" data-element_type=\"widget\" data-widget_type=\"heading.default\">\n\t\t\t\t<div class=\"elementor-widget-container\">\n\t\t\t\t\t<h2 class=\"elementor-heading-title elementor-size-default\">Na\u0161i partne\u0159i<\/h2>\t\t\t\t<\/div>\n\t\t\t\t<\/div>\n\t\t<div class=\"elementor-element elementor-element-735db492 e-flex e-con-boxed e-con e-child\" data-id=\"735db492\" data-element_type=\"container\">\n\t\t\t\t\t<div class=\"e-con-inner\">\n\t\t\t\t<div class=\"elementor-element elementor-element-260224aa elementor-widget elementor-widget-image\" data-id=\"260224aa\" data-element_type=\"widget\" data-widget_type=\"image.default\">\n\t\t\t\t<div class=\"elementor-widget-container\">\n\t\t\t\t\t\t\t\t\t\t\t\t\t\t\t<img decoding=\"async\" src=\"https:\/\/ekowatt.cz\/wp-content\/uploads\/elementor\/thumbs\/Enerco-Logo-Mono@halfx-qwd4eqok2wory3b8yf2ftboe82r5eql74oo0toisy6.png\" title=\"Enerco \u2014 Logo \u2014 Mono@halfx\" alt=\"Enerco - Logo - Mono@halfx\" loading=\"lazy\">\t\t\t\t\t\t\t\t\t\t\t\t\t\t\t<\/div>\n\t\t\t\t<\/div>\n\t\t\t\t<div class=\"elementor-element elementor-element-d3870c8 elementor-widget elementor-widget-image\" data-id=\"d3870c8\" data-element_type=\"widget\" data-widget_type=\"image.default\">\n\t\t\t\t<div class=\"elementor-widget-container\">\n\t\t\t\t\t\t\t\t\t\t\t\t\t\t\t<img loading=\"lazy\" decoding=\"async\" width=\"120\" height=\"40\" src=\"https:\/\/ekowatt.cz\/wp-content\/uploads\/2023\/11\/krasec_150.png\" class=\"attachment-thumbnail size-thumbnail wp-image-282\" alt>\t\t\t\t\t\t\t\t\t\t\t\t\t\t\t<\/div>\n\t\t\t\t<\/div>\n\t\t\t\t<div class=\"elementor-element elementor-element-304f446e elementor-widget elementor-widget-image\" data-id=\"304f446e\" data-element_type=\"widget\" data-widget_type=\"image.default\">\n\t\t\t\t<div class=\"elementor-widget-container\">\n\t\t\t\t\t\t\t\t\t\t\t\t\t\t\t<img decoding=\"async\" src=\"https:\/\/ekowatt.cz\/wp-content\/uploads\/elementor\/thumbs\/Frank-Bold-qvbkoqhphu2konl8vzyrd0ffrfl18xsu24da3o5upq.png\" title=\"Frank Bold\" alt=\"Frank Bold\" loading=\"lazy\">\t\t\t\t\t\t\t\t\t\t\t\t\t\t\t<\/div>\n\t\t\t\t<\/div>\n\t\t\t\t<div class=\"elementor-element elementor-element-6da92dc3 elementor-widget elementor-widget-image\" data-id=\"6da92dc3\" data-element_type=\"widget\" data-widget_type=\"image.default\">\n\t\t\t\t<div class=\"elementor-widget-container\">\n\t\t\t\t\t\t\t\t\t\t\t\t\t\t\t<img loading=\"lazy\" decoding=\"async\" width=\"120\" height=\"46\" src=\"https:\/\/ekowatt.cz\/wp-content\/uploads\/2023\/11\/logo-komunalni.original.png\" class=\"attachment-full size-full wp-image-285\" alt>\t\t\t\t\t\t\t\t\t\t\t\t\t\t\t<\/div>\n\t\t\t\t<\/div>\n\t\t\t\t<div class=\"elementor-element elementor-element-dbf44f2 elementor-widget elementor-widget-image\" data-id=\"dbf44f2\" data-element_type=\"widget\" data-widget_type=\"image.default\">\n\t\t\t\t<div class=\"elementor-widget-container\">\n\t\t\t\t\t\t\t\t\t\t\t\t\t\t\t<img loading=\"lazy\" decoding=\"async\" width=\"120\" height=\"29\" src=\"https:\/\/ekowatt.cz\/wp-content\/uploads\/2023\/11\/Prumyslova_ekologie_logo_CMYK.png\" class=\"attachment-full size-full wp-image-286\" alt>\t\t\t\t\t\t\t\t\t\t\t\t\t\t\t<\/div>\n\t\t\t\t<\/div>\n\t\t\t\t<div class=\"elementor-element elementor-element-79e4a87 elementor-widget elementor-widget-image\" data-id=\"79e4a87\" data-element_type=\"widget\" data-widget_type=\"image.default\">\n\t\t\t\t<div class=\"elementor-widget-container\">\n\t\t\t\t\t\t\t\t\t\t\t\t\t\t\t<img decoding=\"async\" src=\"https:\/\/ekowatt.cz\/wp-content\/uploads\/elementor\/thumbs\/nazeleno01-1-qffut062x4hhr3id89khbl9x8sn1i8o2jclcbeqzdw.gif\" title=\"nazeleno01\u20111\" alt=\"nazeleno01-1\" loading=\"lazy\">\t\t\t\t\t\t\t\t\t\t\t\t\t\t\t<\/div>\n\t\t\t\t<\/div>\n\t\t\t\t\t<\/div>\n\t\t\t\t<\/div>\n\t\t<div class=\"elementor-element elementor-element-6f6d1fb e-flex e-con-boxed e-con e-child\" data-id=\"6f6d1fb\" data-element_type=\"container\">\n\t\t\t\t\t<div class=\"e-con-inner\">\n\t\t\t\t<div class=\"elementor-element elementor-element-2aedfd60 elementor-widget elementor-widget-image\" data-id=\"2aedfd60\" data-element_type=\"widget\" data-widget_type=\"image.default\">\n\t\t\t\t<div class=\"elementor-widget-container\">\n\t\t\t\t\t\t\t\t\t\t\t\t\t\t\t<img loading=\"lazy\" decoding=\"async\" width=\"120\" height=\"120\" src=\"https:\/\/ekowatt.cz\/wp-content\/uploads\/2023\/11\/Clen_CPD_barevny_pruhledny_mensi.png\" class=\"attachment-thumbnail size-thumbnail wp-image-278\" alt>\t\t\t\t\t\t\t\t\t\t\t\t\t\t\t<\/div>\n\t\t\t\t<\/div>\n\t\t\t\t<div class=\"elementor-element elementor-element-21a6baee elementor-widget elementor-widget-image\" data-id=\"21a6baee\" data-element_type=\"widget\" data-widget_type=\"image.default\">\n\t\t\t\t<div class=\"elementor-widget-container\">\n\t\t\t\t\t\t\t\t\t\t\t\t\t\t\t<img loading=\"lazy\" decoding=\"async\" width=\"120\" height=\"120\" src=\"https:\/\/ekowatt.cz\/wp-content\/uploads\/2023\/11\/CZGBC_logo-cz_web_rgb-150x150-1.png\" class=\"attachment-thumbnail size-thumbnail wp-image-279\" alt>\t\t\t\t\t\t\t\t\t\t\t\t\t\t\t<\/div>\n\t\t\t\t<\/div>\n\t\t\t\t<div class=\"elementor-element elementor-element-3a772c1f elementor-widget elementor-widget-image\" data-id=\"3a772c1f\" data-element_type=\"widget\" data-widget_type=\"image.default\">\n\t\t\t\t<div class=\"elementor-widget-container\">\n\t\t\t\t\t\t\t\t\t\t\t\t\t\t\t<img decoding=\"async\" src=\"https:\/\/ekowatt.cz\/wp-content\/uploads\/elementor\/thumbs\/LOGO_1-rekonstrukce-stacu-qffurkgyh8iq0jlgm5800gbkklpuqvyu08pmx6vnhs.png\" title=\"LOGO_1-rekonstrukce-stacu\" alt=\"LOGO_1-rekonstrukce-stacu\" loading=\"lazy\">\t\t\t\t\t\t\t\t\t\t\t\t\t\t\t<\/div>\n\t\t\t\t<\/div>\n\t\t\t\t<div class=\"elementor-element elementor-element-7a242237 elementor-widget elementor-widget-image\" data-id=\"7a242237\" data-element_type=\"widget\" data-widget_type=\"image.default\">\n\t\t\t\t<div class=\"elementor-widget-container\">\n\t\t\t\t\t\t\t\t\t\t\t\t\t\t\t<img loading=\"lazy\" decoding=\"async\" width=\"88\" height=\"55\" src=\"https:\/\/ekowatt.cz\/wp-content\/uploads\/2023\/11\/Flag_of_Tibet.png\" class=\"attachment-full size-full wp-image-280\" alt>\t\t\t\t\t\t\t\t\t\t\t\t\t\t\t<\/div>\n\t\t\t\t<\/div>\n\t\t\t\t<div class=\"elementor-element elementor-element-694ea2fc elementor-widget elementor-widget-image\" data-id=\"694ea2fc\" data-element_type=\"widget\" data-widget_type=\"image.default\">\n\t\t\t\t<div class=\"elementor-widget-container\">\n\t\t\t\t\t\t\t\t\t\t\t\t\t\t\t<img loading=\"lazy\" decoding=\"async\" width=\"120\" height=\"52\" src=\"https:\/\/ekowatt.cz\/wp-content\/uploads\/2023\/11\/logo_spb_web.png\" class=\"attachment-full size-full wp-image-284\" alt>\t\t\t\t\t\t\t\t\t\t\t\t\t\t\t<\/div>\n\t\t\t\t<\/div>\n\t\t\t\t<div class=\"elementor-element elementor-element-2fbf286a elementor-widget elementor-widget-image\" data-id=\"2fbf286a\" data-element_type=\"widget\" data-widget_type=\"image.default\">\n\t\t\t\t<div class=\"elementor-widget-container\">\n\t\t\t\t\t\t\t\t\t\t\t\t\t\t\t<img loading=\"lazy\" decoding=\"async\" width=\"120\" height=\"42\" src=\"https:\/\/ekowatt.cz\/wp-content\/uploads\/2023\/11\/ban_PENB.png\" class=\"attachment-thumbnail size-thumbnail wp-image-277\" alt>\t\t\t\t\t\t\t\t\t\t\t\t\t\t\t<\/div>\n\t\t\t\t<\/div>\n\t\t\t\t\t<\/div>\n\t\t\t\t<\/div>\n\t\t\t\t<\/div>\n\t\t<div class=\"elementor-element elementor-element-1c7423b9 e-con-full e-flex e-con e-child\" data-id=\"1c7423b9\" data-element_type=\"container\">\n\t\t\t\t<div class=\"elementor-element elementor-element-11f7d3c6 elementor-widget elementor-widget-heading\" data-id=\"11f7d3c6\" data-element_type=\"widget\" data-widget_type=\"heading.default\">\n\t\t\t\t<div class=\"elementor-widget-container\">\n\t\t\t\t\t<h2 class=\"elementor-heading-title elementor-size-default\">Kontakt<\/h2>\t\t\t\t<\/div>\n\t\t\t\t<\/div>\n\t\t\t\t<div class=\"elementor-element elementor-element-30baa2f5 elementor-widget elementor-widget-text-editor\" data-id=\"30baa2f5\" data-element_type=\"widget\" data-widget_type=\"text-editor.default\">\n\t\t\t\t<div class=\"elementor-widget-container\">\n\t\t\t\t\t\t\t\t\t<p>Are\u00e1l \u0160tras\u00adburk<br>\u0160v\u00e1bky 52\/2<br>180 00 Pra\u00adha 8<br>Tel.: +420 266 710 247<br>e\u2011mail: <a href=\"mailto:%70%72%61%68%61%40%65%6b%6f%77%61%74%74%2e%63%7a\">info@ekowatt.cz<\/a><\/p>\t\t\t\t\t\t\t\t<\/div>\n\t\t\t\t<\/div>\n\t\t\t\t<\/div>\n\t\t\t\t\t<\/div>\n\t\t\t\t<\/div>\n\t\t\t\t<\/div>\n\t\t","protected":false},"excerpt":{"rendered":"<p>Ref\u00ader\u00adence: Ostat\u00adn\u00ed poraden\u00adsk\u00e9 slu\u017e\u00adby Admin\u00adis\u00adtra\u00adtivn\u00ed budo\u00adva Flo\u00adrenc Office Cen\u00adter Admin\u00adis\u00adtra\u00adtivn\u00ed budo\u00adva Flo\u00adrenc Office Cen\u00adter Budo\u00adva z&nbsp;roku\u2026 \u010c\u00edst v\u00edce Admin\u00adis\u00adtra\u00adtivn\u011b obchod\u00adn\u00ed cen\u00adtrum Myslbek Admin\u00adis\u00adtra\u00adtivn\u011b obchod\u00adn\u00ed cen\u00adtrum Myslbek Sed\u00admipod\u00adla\u017en\u00ed objekt\u2026 \u010c\u00edst v\u00edce Admin\u00adis\u00adtra\u00adtivn\u011b obchod\u00adn\u00ed cen\u00adtrum IBC (Inter\u00adna\u00adtion\u00adal Busi\u00adness Cen\u00adter) Admin\u00adis\u00adtra\u00adtivn\u011b obchod\u00adn\u00ed cen\u00adtrum IBC (Inter\u00adna\u00adtion\u00adal Busi\u00adness\u2026 \u010c\u00edst v\u00edce V\u0161ech\u00adny ref\u00ader\u00adence EkoWATT je jed\u00adnou z&nbsp;m\u00e1la firem v&nbsp;Evrop\u011b nab\u00edze\u00adj\u00edc\u00edch v\u0161echny&nbsp;[\u2026]<\/p>\n","protected":false},"author":1,"featured_media":0,"parent":0,"menu_order":0,"comment_status":"closed","ping_status":"closed","template":"","meta":{"wp_typography_post_enhancements_disabled":false,"site-sidebar-layout":"no-sidebar","site-content-layout":"","ast-site-content-layout":"full-width-container","site-content-style":"default","site-sidebar-style":"default","ast-global-header-display":"","ast-banner-title-visibility":"","ast-main-header-display":"","ast-hfb-above-header-display":"","ast-hfb-below-header-display":"","ast-hfb-mobile-header-display":"","site-post-title":"disabled","ast-breadcrumbs-content":"","ast-featured-img":"disabled","footer-sml-layout":"","ast-disable-related-posts":"","theme-transparent-header-meta":"","adv-header-id-meta":"","stick-header-meta":"","header-above-stick-meta":"","header-main-stick-meta":"","header-below-stick-meta":"","astra-migrate-meta-layouts":"default","ast-page-background-enabled":"default","ast-page-background-meta":{"desktop":{"background-color":"var(--ast-global-color-4)","background-image":"","background-repeat":"repeat","background-position":"center center","background-size":"auto","background-attachment":"scroll","background-type":"","background-media":"","overlay-type":"","overlay-color":"","overlay-opacity":"","overlay-gradient":""},"tablet":{"background-color":"","background-image":"","background-repeat":"repeat","background-position":"center center","background-size":"auto","background-attachment":"scroll","background-type":"","background-media":"","overlay-type":"","overlay-color":"","overlay-opacity":"","overlay-gradient":""},"mobile":{"background-color":"","background-image":"","background-repeat":"repeat","background-position":"center center","background-size":"auto","background-attachment":"scroll","background-type":"","background-media":"","overlay-type":"","overlay-color":"","overlay-opacity":"","overlay-gradient":""}},"ast-content-background-meta":{"desktop":{"background-color":"var(--ast-global-color-5)","background-image":"","background-repeat":"repeat","background-position":"center center","background-size":"auto","background-attachment":"scroll","background-type":"","background-media":"","overlay-type":"","overlay-color":"","overlay-opacity":"","overlay-gradient":""},"tablet":{"background-color":"var(--ast-global-color-5)","background-image":"","background-repeat":"repeat","background-position":"center center","background-size":"auto","background-attachment":"scroll","background-type":"","background-media":"","overlay-type":"","overlay-color":"","overlay-opacity":"","overlay-gradient":""},"mobile":{"background-color":"var(--ast-global-color-5)","background-image":"","background-repeat":"repeat","background-position":"center center","background-size":"auto","background-attachment":"scroll","background-type":"","background-media":"","overlay-type":"","overlay-color":"","overlay-opacity":"","overlay-gradient":""}},"footnotes":""},"class_list":["post-1162","page","type-page","status-publish","hentry"],"_links":{"self":[{"href":"https:\/\/ekowatt.cz\/index.php\/wp-json\/wp\/v2\/pages\/1162","targetHints":{"allow":["GET"]}}],"collection":[{"href":"https:\/\/ekowatt.cz\/index.php\/wp-json\/wp\/v2\/pages"}],"about":[{"href":"https:\/\/ekowatt.cz\/index.php\/wp-json\/wp\/v2\/types\/page"}],"author":[{"embeddable":true,"href":"https:\/\/ekowatt.cz\/index.php\/wp-json\/wp\/v2\/users\/1"}],"replies":[{"embeddable":true,"href":"https:\/\/ekowatt.cz\/index.php\/wp-json\/wp\/v2\/comments?post=1162"}],"version-history":[{"count":34,"href":"https:\/\/ekowatt.cz\/index.php\/wp-json\/wp\/v2\/pages\/1162\/revisions"}],"predecessor-version":[{"id":2703,"href":"https:\/\/ekowatt.cz\/index.php\/wp-json\/wp\/v2\/pages\/1162\/revisions\/2703"}],"wp:attachment":[{"href":"https:\/\/ekowatt.cz\/index.php\/wp-json\/wp\/v2\/media?parent=1162"}],"curies":[{"name":"wp","href":"https:\/\/api.w.org\/{rel}","templated":true}]}}