{"id":1248,"date":"2023-12-19T11:58:23","date_gmt":"2023-12-19T11:58:23","guid":{"rendered":"https:\/\/new.ekowatt.cz\/?page_id=1248"},"modified":"2026-02-10T14:56:38","modified_gmt":"2026-02-10T14:56:38","slug":"reference-uspory-2","status":"publish","type":"page","link":"https:\/\/ekowatt.cz\/index.php\/reference-uspory-2\/","title":{"rendered":"Reference \u00faspory"},"content":{"rendered":"\t\t<div data-elementor-type=\"wp-page\" data-elementor-id=\"1248\" class=\"elementor elementor-1248\">\n\t\t\t\t<div class=\"elementor-element elementor-element-4847f578 e-flex e-con-boxed e-con e-parent\" data-id=\"4847f578\" data-element_type=\"container\" data-settings=\"{&quot;background_background&quot;:&quot;classic&quot;}\">\n\t\t\t\t\t<div class=\"e-con-inner\">\n\t\t\t\t<div class=\"elementor-element elementor-element-1489a4e6 elementor-widget elementor-widget-heading\" data-id=\"1489a4e6\" data-element_type=\"widget\" data-widget_type=\"heading.default\">\n\t\t\t\t<div class=\"elementor-widget-container\">\n\t\t\t\t\t<h2 class=\"elementor-heading-title elementor-size-default\">Reference: Studie energetick\u00fdch \u00faspor \n<br>a ekonomick\u00e9 optimalizace<\/h2>\t\t\t\t<\/div>\n\t\t\t\t<\/div>\n\t\t\t\t\t<\/div>\n\t\t\t\t<\/div>\n\t\t<div class=\"elementor-element elementor-element-437895b4 e-flex e-con-boxed e-con e-parent\" data-id=\"437895b4\" data-element_type=\"container\">\n\t\t\t\t\t<div class=\"e-con-inner\">\n\t\t\t\t<div class=\"elementor-element elementor-element-4f921363 elementor-widget elementor-widget-ucaddon_post_blocks\" data-id=\"4f921363\" data-element_type=\"widget\" data-widget_type=\"ucaddon_post_blocks.default\">\n\t\t\t\t<div class=\"elementor-widget-container\">\n\t\t\t\t\t\n<!-- start Post Blocks -->\n\t\t<link id=\"font-awesome-css\" href=\"https:\/\/ekowatt.cz\/wp-content\/plugins\/unlimited-elements-for-elementor\/assets_libraries\/font-awesome6\/fontawesome-all.min.css\" type=\"text\/css\" rel=\"stylesheet\">\n\t\t<link id=\"font-awesome-4-shim-css\" href=\"https:\/\/ekowatt.cz\/wp-content\/plugins\/unlimited-elements-for-elementor\/assets_libraries\/font-awesome6\/fontawesome-v4-shims.min.css\" type=\"text\/css\" rel=\"stylesheet\">\n\n<style>\/* widget: Post Blocks *\/\n\n\n\n#uc_post_blocks_elementor_4f921363 {\n    display:grid;\n}\n#uc_post_blocks_elementor_4f921363 .ue_post_blocks_box\n{\n  overflow:hidden;\n}\n\n#uc_post_blocks_elementor_4f921363 .ue_post_blocks_image\n{\n  overflow:hidden;\n}\n#uc_post_blocks_elementor_4f921363 .ue_post_blocks_image img\n{\n  width:100%;\n  display:block;\n}\n#uc_post_blocks_elementor_4f921363 .ue_post_blocks_link a\n{\n  display:inline-block;\n  text-decoration:none;\n  text-align:center;\n}\n\n\n#uc_post_blocks_elementor_4f921363 .ue-grid-item-meta-data\n{\n  display:inlin-flex;\n  flex-wrap: wrap;\n}\n\n.ue-grid-item-meta-data\n{\n  font-size:12px;\n}\n\n#uc_post_blocks_elementor_4f921363 .ue-grid-item-meta-data-icon\n{\n  line-height:1em;\n}\n\n#uc_post_blocks_elementor_4f921363 .ue-grid-item-meta-data-icon svg\n{\n  width:1em;\n  height:1em;\n}\n\n#uc_post_blocks_elementor_4f921363 .ue_post_blocks_box{\n  display: flex;\n  flex-direction: column;\n}\n#uc_post_blocks_elementor_4f921363 .ue_post_blocks_content{\n display: flex; flex-grow: 1;\n flex-direction: column;\n}\n#uc_post_blocks_elementor_4f921363 .ue_post_blocks_link{ margin-top: auto;\n}\n\n.ue-grid-item-category a\n{\n  display:inline-block;\n  font-size:10px;\n  text-transform:uppercase;\n}\n\n\n\n\n<\/style>\n\n<div id=\"uc_post_blocks_elementor_4f921363\" class=\"ue_post_blocks uc-items-wrapper \">\n    <div class=\"ue_post_blocks_box\">\n    <div class=\"ue_post_blocks_image\">\n    <a href=\"https:\/\/ekowatt.cz\/index.php\/2023\/12\/19\/administrativni-budova-a-obchodni-galerie-nove-butovice\/\" style=\"display:block;\"><img loading=\"lazy\" decoding=\"async\" src=\"https:\/\/ekowatt.cz\/wp-content\/uploads\/2023\/12\/Nove-Butovice.png\" alt=\"Nove Butovice\" width=\"420\" height=\"280\"><\/a>\n  <\/div>\n    <div class=\"ue_post_blocks_content\">\n      \n     \n         \n    <div class=\"ue_post_blocks_title\"><a href=\"https:\/\/ekowatt.cz\/index.php\/2023\/12\/19\/administrativni-budova-a-obchodni-galerie-nove-butovice\/\">Admin\u00adis\u00adtra\u00adtivn\u00ed budo\u00adva a&nbsp;Obchod\u00adn\u00ed galerie Nov\u00e9 Butovice<\/a><\/div>    \n        \n    \n    <div class=\"ue_post_blocks_text\">Admin\u00adis\u00adtra\u00adtivn\u00ed budo\u00adva a&nbsp;Obchod\u00adn\u00ed galerie Nov\u00e9 Butovice\n\n\n\n\nVe\u2026<\/div>        \t<div class=\"ue_post_blocks_link\">\n          <a class=\" \" href=\"https:\/\/ekowatt.cz\/index.php\/2023\/12\/19\/administrativni-budova-a-obchodni-galerie-nove-butovice\/\">\u010c\u00edst v\u00edce<\/a>\n    \t<\/div>\n      <\/div>\n<\/div>\n<div class=\"ue_post_blocks_box\">\n    <div class=\"ue_post_blocks_image\">\n    <a href=\"https:\/\/ekowatt.cz\/index.php\/2023\/12\/19\/krajsky-urad-libereckeho-kraje\/\" style=\"display:block;\"><img loading=\"lazy\" decoding=\"async\" src=\"https:\/\/ekowatt.cz\/wp-content\/uploads\/2023\/12\/Krajsky-urad-liberec.png\" alt=\"Krajsky urad liberec\" width=\"420\" height=\"280\"><\/a>\n  <\/div>\n    <div class=\"ue_post_blocks_content\">\n      \n     \n         \n    <div class=\"ue_post_blocks_title\"><a href=\"https:\/\/ekowatt.cz\/index.php\/2023\/12\/19\/krajsky-urad-libereckeho-kraje\/\">Kra\u00adjsk\u00fd \u00fa\u0159ad Libereck\u00ad\u00e9ho&nbsp;kraje<\/a><\/div>    \n        \n    \n    <div class=\"ue_post_blocks_text\">Kra\u00adjsk\u00fd \u00fa\u0159ad Libereck\u00ad\u00e9ho kra\u00adje\n\n\n\n\nV&nbsp;nejvy\u0161\u0161\u00ed budov\u011b v&nbsp;kraji\u2026<\/div>        \t<div class=\"ue_post_blocks_link\">\n          <a class=\" \" href=\"https:\/\/ekowatt.cz\/index.php\/2023\/12\/19\/krajsky-urad-libereckeho-kraje\/\">\u010c\u00edst v\u00edce<\/a>\n    \t<\/div>\n      <\/div>\n<\/div>\n<div class=\"ue_post_blocks_box\">\n    <div class=\"ue_post_blocks_image\">\n    <a href=\"https:\/\/ekowatt.cz\/index.php\/2023\/12\/19\/andel-media-centrum-na-smichove\/\" style=\"display:block;\"><img loading=\"lazy\" decoding=\"async\" src=\"https:\/\/ekowatt.cz\/wp-content\/uploads\/2023\/12\/Andel-media-centrum.png\" alt=\"Andel media centrum\" width=\"420\" height=\"280\"><\/a>\n  <\/div>\n    <div class=\"ue_post_blocks_content\">\n      \n     \n         \n    <div class=\"ue_post_blocks_title\"><a href=\"https:\/\/ekowatt.cz\/index.php\/2023\/12\/19\/andel-media-centrum-na-smichove\/\">And\u011bl Media Cen\u00adtrum na Sm\u00edchov\u011b<\/a><\/div>    \n        \n    \n    <div class=\"ue_post_blocks_text\">And\u011bl Media Cen\u00adtrum na Sm\u00ed\u00adchov\u011b\n\n\n\n\nTech\u00adnick\u00e1 a&nbsp;ekonomick\u00e1\u2026<\/div>        \t<div class=\"ue_post_blocks_link\">\n          <a class=\" \" href=\"https:\/\/ekowatt.cz\/index.php\/2023\/12\/19\/andel-media-centrum-na-smichove\/\">\u010c\u00edst v\u00edce<\/a>\n    \t<\/div>\n      <\/div>\n<\/div>\n\n<\/div>\n<!-- end Post Blocks -->\t\t\t\t<\/div>\n\t\t\t\t<\/div>\n\t\t\t\t<div class=\"elementor-element elementor-element-7d081ce elementor-align-center elementor-widget elementor-widget-button\" data-id=\"7d081ce\" data-element_type=\"widget\" data-widget_type=\"button.default\">\n\t\t\t\t<div class=\"elementor-widget-container\">\n\t\t\t\t\t\t\t\t\t<div class=\"elementor-button-wrapper\">\n\t\t\t\t\t<a class=\"elementor-button elementor-button-link elementor-size-sm\" href=\"https:\/\/ekowatt.cz\/index.php\/vsechny-reference\/\">\n\t\t\t\t\t\t<span class=\"elementor-button-content-wrapper\">\n\t\t\t\t\t\t\t\t\t<span class=\"elementor-button-text\">V\u0161ech\u00adny reference<\/span>\n\t\t\t\t\t<\/span>\n\t\t\t\t\t<\/a>\n\t\t\t\t<\/div>\n\t\t\t\t\t\t\t\t<\/div>\n\t\t\t\t<\/div>\n\t\t\t\t\t<\/div>\n\t\t\t\t<\/div>\n\t\t<div class=\"elementor-element elementor-element-14ddc6e6 e-flex e-con-boxed e-con e-parent\" data-id=\"14ddc6e6\" data-element_type=\"container\" data-settings=\"{&quot;background_background&quot;:&quot;classic&quot;}\">\n\t\t\t\t\t<div class=\"e-con-inner\">\n\t\t<div class=\"elementor-element elementor-element-6eb1d738 e-con-full e-flex e-con e-child\" data-id=\"6eb1d738\" data-element_type=\"container\">\n\t\t\t\t<div class=\"elementor-element elementor-element-6500a802 elementor-widget elementor-widget-image\" data-id=\"6500a802\" data-element_type=\"widget\" data-widget_type=\"image.default\">\n\t\t\t\t<div class=\"elementor-widget-container\">\n\t\t\t\t\t\t\t\t\t\t\t\t\t\t\t\t<a href=\"https:\/\/www.strechy-praha.cz\/?utm_source=Ekowatt&amp;utm_medium=Banner&amp;utm_campaign=bez_vyhod_2023\">\n\t\t\t\t\t\t\t<img decoding=\"async\" src=\"https:\/\/ekowatt.cz\/wp-content\/uploads\/2025\/01\/CZ_STRECHY_bannery_zlevnena__468-x-60.png\" title alt loading=\"lazy\">\t\t\t\t\t\t\t\t<\/a>\n\t\t\t\t\t\t\t\t\t\t\t\t\t\t\t<\/div>\n\t\t\t\t<\/div>\n\t\t\t\t<div class=\"elementor-element elementor-element-1aa4c12e elementor-widget elementor-widget-heading\" data-id=\"1aa4c12e\" data-element_type=\"widget\" data-widget_type=\"heading.default\">\n\t\t\t\t<div class=\"elementor-widget-container\">\n\t\t\t\t\t<h2 class=\"elementor-heading-title elementor-size-default\"><a href=\"https:\/\/www.leed.cz\/\">EkoWATT je jednou z&nbsp;m\u00e1la firem v&nbsp;Evrop\u011b nab\u00edzej\u00edc\u00edch v\u0161echny certifikace budov<\/a><\/h2>\t\t\t\t<\/div>\n\t\t\t\t<\/div>\n\t\t<div class=\"elementor-element elementor-element-5221b41f e-flex e-con-boxed e-con e-child\" data-id=\"5221b41f\" data-element_type=\"container\">\n\t\t\t\t\t<div class=\"e-con-inner\">\n\t\t\t\t<div class=\"elementor-element elementor-element-11240548 elementor-widget elementor-widget-image\" data-id=\"11240548\" data-element_type=\"widget\" data-widget_type=\"image.default\">\n\t\t\t\t<div class=\"elementor-widget-container\">\n\t\t\t\t\t\t\t\t\t\t\t\t\t\t\t<img loading=\"lazy\" decoding=\"async\" width=\"150\" height=\"150\" src=\"https:\/\/ekowatt.cz\/wp-content\/uploads\/2023\/11\/credential-cert-bdc-150x150-1.png\" class=\"attachment-full size-full wp-image-300\" alt>\t\t\t\t\t\t\t\t\t\t\t\t\t\t\t<\/div>\n\t\t\t\t<\/div>\n\t\t\t\t<div class=\"elementor-element elementor-element-577b4561 elementor-widget elementor-widget-image\" data-id=\"577b4561\" data-element_type=\"widget\" data-widget_type=\"image.default\">\n\t\t\t\t<div class=\"elementor-widget-container\">\n\t\t\t\t\t\t\t\t\t\t\t\t\t\t\t<img loading=\"lazy\" decoding=\"async\" width=\"150\" height=\"150\" src=\"https:\/\/ekowatt.cz\/wp-content\/uploads\/2023\/11\/credential-cert-idc-150x150-1.png\" class=\"attachment-full size-full wp-image-301\" alt>\t\t\t\t\t\t\t\t\t\t\t\t\t\t\t<\/div>\n\t\t\t\t<\/div>\n\t\t\t\t<div class=\"elementor-element elementor-element-525d53d4 elementor-widget elementor-widget-image\" data-id=\"525d53d4\" data-element_type=\"widget\" data-widget_type=\"image.default\">\n\t\t\t\t<div class=\"elementor-widget-container\">\n\t\t\t\t\t\t\t\t\t\t\t\t\t\t\t<img loading=\"lazy\" decoding=\"async\" width=\"150\" height=\"150\" src=\"https:\/\/ekowatt.cz\/wp-content\/uploads\/2023\/11\/credential-cert-om-150x150-1.png\" class=\"attachment-full size-full wp-image-302\" alt>\t\t\t\t\t\t\t\t\t\t\t\t\t\t\t<\/div>\n\t\t\t\t<\/div>\n\t\t\t\t<div class=\"elementor-element elementor-element-598fa65d elementor-widget elementor-widget-image\" data-id=\"598fa65d\" data-element_type=\"widget\" data-widget_type=\"image.default\">\n\t\t\t\t<div class=\"elementor-widget-container\">\n\t\t\t\t\t\t\t\t\t\t\t\t\t\t\t<img loading=\"lazy\" decoding=\"async\" width=\"150\" height=\"150\" src=\"https:\/\/ekowatt.cz\/wp-content\/uploads\/2023\/11\/breeam_accredited-professional-150x150-1.png\" class=\"attachment-full size-full wp-image-297\" alt>\t\t\t\t\t\t\t\t\t\t\t\t\t\t\t<\/div>\n\t\t\t\t<\/div>\n\t\t\t\t<div class=\"elementor-element elementor-element-68bb31f elementor-widget elementor-widget-image\" data-id=\"68bb31f\" data-element_type=\"widget\" data-widget_type=\"image.default\">\n\t\t\t\t<div class=\"elementor-widget-container\">\n\t\t\t\t\t\t\t\t\t\t\t\t\t\t\t<img loading=\"lazy\" decoding=\"async\" width=\"150\" height=\"150\" src=\"https:\/\/ekowatt.cz\/wp-content\/uploads\/2023\/11\/breeam_licennsed-accessor-company-150x150-1.png\" class=\"attachment-full size-full wp-image-299\" alt>\t\t\t\t\t\t\t\t\t\t\t\t\t\t\t<\/div>\n\t\t\t\t<\/div>\n\t\t\t\t<div class=\"elementor-element elementor-element-3897091f elementor-widget elementor-widget-image\" data-id=\"3897091f\" data-element_type=\"widget\" data-widget_type=\"image.default\">\n\t\t\t\t<div class=\"elementor-widget-container\">\n\t\t\t\t\t\t\t\t\t\t\t\t\t\t\t<img loading=\"lazy\" decoding=\"async\" width=\"153\" height=\"209\" src=\"https:\/\/ekowatt.cz\/wp-content\/uploads\/2023\/11\/breeam_in-use-auditor.png\" class=\"attachment-full size-full wp-image-298\" alt>\t\t\t\t\t\t\t\t\t\t\t\t\t\t\t<\/div>\n\t\t\t\t<\/div>\n\t\t\t\t<div class=\"elementor-element elementor-element-2a9d323d elementor-widget elementor-widget-image\" data-id=\"2a9d323d\" data-element_type=\"widget\" data-widget_type=\"image.default\">\n\t\t\t\t<div class=\"elementor-widget-container\">\n\t\t\t\t\t\t\t\t\t\t\t\t\t\t\t<img loading=\"lazy\" decoding=\"async\" width=\"150\" height=\"56\" src=\"https:\/\/ekowatt.cz\/wp-content\/uploads\/2023\/11\/iso_9001-1.png\" class=\"attachment-full size-full wp-image-303\" alt>\t\t\t\t\t\t\t\t\t\t\t\t\t\t\t<\/div>\n\t\t\t\t<\/div>\n\t\t\t\t\t<\/div>\n\t\t\t\t<\/div>\n\t\t\t\t<\/div>\n\t\t<div class=\"elementor-element elementor-element-204afa4c e-con-full e-flex e-con e-child\" data-id=\"204afa4c\" data-element_type=\"container\">\n\t\t\t\t<div class=\"elementor-element elementor-element-62e42efd elementor-widget elementor-widget-heading\" data-id=\"62e42efd\" data-element_type=\"widget\" data-widget_type=\"heading.default\">\n\t\t\t\t<div class=\"elementor-widget-container\">\n\t\t\t\t\t<h2 class=\"elementor-heading-title elementor-size-default\">Na\u0161i partne\u0159i<\/h2>\t\t\t\t<\/div>\n\t\t\t\t<\/div>\n\t\t<div class=\"elementor-element elementor-element-210e2df8 e-flex e-con-boxed e-con e-child\" data-id=\"210e2df8\" data-element_type=\"container\">\n\t\t\t\t\t<div class=\"e-con-inner\">\n\t\t\t\t<div class=\"elementor-element elementor-element-44d62a51 elementor-widget elementor-widget-image\" data-id=\"44d62a51\" data-element_type=\"widget\" data-widget_type=\"image.default\">\n\t\t\t\t<div class=\"elementor-widget-container\">\n\t\t\t\t\t\t\t\t\t\t\t\t\t\t\t<img decoding=\"async\" src=\"https:\/\/ekowatt.cz\/wp-content\/uploads\/elementor\/thumbs\/Enerco-Logo-Mono@halfx-qwd4eqok2wory3b8yf2ftboe82r5eql74oo0toisy6.png\" title=\"Enerco \u2014 Logo \u2014 Mono@halfx\" alt=\"Enerco - Logo - Mono@halfx\" loading=\"lazy\">\t\t\t\t\t\t\t\t\t\t\t\t\t\t\t<\/div>\n\t\t\t\t<\/div>\n\t\t\t\t<div class=\"elementor-element elementor-element-11f02114 elementor-widget elementor-widget-image\" data-id=\"11f02114\" data-element_type=\"widget\" data-widget_type=\"image.default\">\n\t\t\t\t<div class=\"elementor-widget-container\">\n\t\t\t\t\t\t\t\t\t\t\t\t\t\t\t<img loading=\"lazy\" decoding=\"async\" width=\"120\" height=\"40\" src=\"https:\/\/ekowatt.cz\/wp-content\/uploads\/2023\/11\/krasec_150.png\" class=\"attachment-thumbnail size-thumbnail wp-image-282\" alt>\t\t\t\t\t\t\t\t\t\t\t\t\t\t\t<\/div>\n\t\t\t\t<\/div>\n\t\t\t\t<div class=\"elementor-element elementor-element-63118ace elementor-widget elementor-widget-image\" data-id=\"63118ace\" data-element_type=\"widget\" data-widget_type=\"image.default\">\n\t\t\t\t<div class=\"elementor-widget-container\">\n\t\t\t\t\t\t\t\t\t\t\t\t\t\t\t<img decoding=\"async\" src=\"https:\/\/ekowatt.cz\/wp-content\/uploads\/elementor\/thumbs\/Frank-Bold-qvbkoqhphu2konl8vzyrd0ffrfl18xsu24da3o5upq.png\" title=\"Frank Bold\" alt=\"Frank Bold\" loading=\"lazy\">\t\t\t\t\t\t\t\t\t\t\t\t\t\t\t<\/div>\n\t\t\t\t<\/div>\n\t\t\t\t<div class=\"elementor-element elementor-element-6e32676f elementor-widget elementor-widget-image\" data-id=\"6e32676f\" data-element_type=\"widget\" data-widget_type=\"image.default\">\n\t\t\t\t<div class=\"elementor-widget-container\">\n\t\t\t\t\t\t\t\t\t\t\t\t\t\t\t<img loading=\"lazy\" decoding=\"async\" width=\"120\" height=\"46\" src=\"https:\/\/ekowatt.cz\/wp-content\/uploads\/2023\/11\/logo-komunalni.original.png\" class=\"attachment-full size-full wp-image-285\" alt>\t\t\t\t\t\t\t\t\t\t\t\t\t\t\t<\/div>\n\t\t\t\t<\/div>\n\t\t\t\t<div class=\"elementor-element elementor-element-54dcfef4 elementor-widget elementor-widget-image\" data-id=\"54dcfef4\" data-element_type=\"widget\" data-widget_type=\"image.default\">\n\t\t\t\t<div class=\"elementor-widget-container\">\n\t\t\t\t\t\t\t\t\t\t\t\t\t\t\t<img loading=\"lazy\" decoding=\"async\" width=\"120\" height=\"29\" src=\"https:\/\/ekowatt.cz\/wp-content\/uploads\/2023\/11\/Prumyslova_ekologie_logo_CMYK.png\" class=\"attachment-full size-full wp-image-286\" alt>\t\t\t\t\t\t\t\t\t\t\t\t\t\t\t<\/div>\n\t\t\t\t<\/div>\n\t\t\t\t<div class=\"elementor-element elementor-element-221e5eae elementor-widget elementor-widget-image\" data-id=\"221e5eae\" data-element_type=\"widget\" data-widget_type=\"image.default\">\n\t\t\t\t<div class=\"elementor-widget-container\">\n\t\t\t\t\t\t\t\t\t\t\t\t\t\t\t<img decoding=\"async\" src=\"https:\/\/ekowatt.cz\/wp-content\/uploads\/elementor\/thumbs\/nazeleno01-1-qffut062x4hhr3id89khbl9x8sn1i8o2jclcbeqzdw.gif\" title=\"nazeleno01\u20111\" alt=\"nazeleno01-1\" loading=\"lazy\">\t\t\t\t\t\t\t\t\t\t\t\t\t\t\t<\/div>\n\t\t\t\t<\/div>\n\t\t\t\t\t<\/div>\n\t\t\t\t<\/div>\n\t\t<div class=\"elementor-element elementor-element-7802291d e-flex e-con-boxed e-con e-child\" data-id=\"7802291d\" data-element_type=\"container\">\n\t\t\t\t\t<div class=\"e-con-inner\">\n\t\t\t\t<div class=\"elementor-element elementor-element-18c0b02d elementor-widget elementor-widget-image\" data-id=\"18c0b02d\" data-element_type=\"widget\" data-widget_type=\"image.default\">\n\t\t\t\t<div class=\"elementor-widget-container\">\n\t\t\t\t\t\t\t\t\t\t\t\t\t\t\t<img loading=\"lazy\" decoding=\"async\" width=\"120\" height=\"120\" src=\"https:\/\/ekowatt.cz\/wp-content\/uploads\/2023\/11\/Clen_CPD_barevny_pruhledny_mensi.png\" class=\"attachment-thumbnail size-thumbnail wp-image-278\" alt>\t\t\t\t\t\t\t\t\t\t\t\t\t\t\t<\/div>\n\t\t\t\t<\/div>\n\t\t\t\t<div class=\"elementor-element elementor-element-3a67757a elementor-widget elementor-widget-image\" data-id=\"3a67757a\" data-element_type=\"widget\" data-widget_type=\"image.default\">\n\t\t\t\t<div class=\"elementor-widget-container\">\n\t\t\t\t\t\t\t\t\t\t\t\t\t\t\t<img loading=\"lazy\" decoding=\"async\" width=\"120\" height=\"120\" src=\"https:\/\/ekowatt.cz\/wp-content\/uploads\/2023\/11\/CZGBC_logo-cz_web_rgb-150x150-1.png\" class=\"attachment-thumbnail size-thumbnail wp-image-279\" alt>\t\t\t\t\t\t\t\t\t\t\t\t\t\t\t<\/div>\n\t\t\t\t<\/div>\n\t\t\t\t<div class=\"elementor-element elementor-element-4d554a1f elementor-widget elementor-widget-image\" data-id=\"4d554a1f\" data-element_type=\"widget\" data-widget_type=\"image.default\">\n\t\t\t\t<div class=\"elementor-widget-container\">\n\t\t\t\t\t\t\t\t\t\t\t\t\t\t\t<img decoding=\"async\" src=\"https:\/\/ekowatt.cz\/wp-content\/uploads\/elementor\/thumbs\/LOGO_1-rekonstrukce-stacu-qffurkgyh8iq0jlgm5800gbkklpuqvyu08pmx6vnhs.png\" title=\"LOGO_1-rekonstrukce-stacu\" alt=\"LOGO_1-rekonstrukce-stacu\" loading=\"lazy\">\t\t\t\t\t\t\t\t\t\t\t\t\t\t\t<\/div>\n\t\t\t\t<\/div>\n\t\t\t\t<div class=\"elementor-element elementor-element-25f962b6 elementor-widget elementor-widget-image\" data-id=\"25f962b6\" data-element_type=\"widget\" data-widget_type=\"image.default\">\n\t\t\t\t<div class=\"elementor-widget-container\">\n\t\t\t\t\t\t\t\t\t\t\t\t\t\t\t<img loading=\"lazy\" decoding=\"async\" width=\"88\" height=\"55\" src=\"https:\/\/ekowatt.cz\/wp-content\/uploads\/2023\/11\/Flag_of_Tibet.png\" class=\"attachment-full size-full wp-image-280\" alt>\t\t\t\t\t\t\t\t\t\t\t\t\t\t\t<\/div>\n\t\t\t\t<\/div>\n\t\t\t\t<div class=\"elementor-element elementor-element-4504ed5c elementor-widget elementor-widget-image\" data-id=\"4504ed5c\" data-element_type=\"widget\" data-widget_type=\"image.default\">\n\t\t\t\t<div class=\"elementor-widget-container\">\n\t\t\t\t\t\t\t\t\t\t\t\t\t\t\t<img loading=\"lazy\" decoding=\"async\" width=\"120\" height=\"52\" src=\"https:\/\/ekowatt.cz\/wp-content\/uploads\/2023\/11\/logo_spb_web.png\" class=\"attachment-full size-full wp-image-284\" alt>\t\t\t\t\t\t\t\t\t\t\t\t\t\t\t<\/div>\n\t\t\t\t<\/div>\n\t\t\t\t<div class=\"elementor-element elementor-element-420d338f elementor-widget elementor-widget-image\" data-id=\"420d338f\" data-element_type=\"widget\" data-widget_type=\"image.default\">\n\t\t\t\t<div class=\"elementor-widget-container\">\n\t\t\t\t\t\t\t\t\t\t\t\t\t\t\t<img loading=\"lazy\" decoding=\"async\" width=\"120\" height=\"42\" src=\"https:\/\/ekowatt.cz\/wp-content\/uploads\/2023\/11\/ban_PENB.png\" class=\"attachment-thumbnail size-thumbnail wp-image-277\" alt>\t\t\t\t\t\t\t\t\t\t\t\t\t\t\t<\/div>\n\t\t\t\t<\/div>\n\t\t\t\t\t<\/div>\n\t\t\t\t<\/div>\n\t\t\t\t<\/div>\n\t\t<div class=\"elementor-element elementor-element-29103f5b e-con-full e-flex e-con e-child\" data-id=\"29103f5b\" data-element_type=\"container\">\n\t\t\t\t<div class=\"elementor-element elementor-element-23d7e7ea elementor-widget elementor-widget-heading\" data-id=\"23d7e7ea\" data-element_type=\"widget\" data-widget_type=\"heading.default\">\n\t\t\t\t<div class=\"elementor-widget-container\">\n\t\t\t\t\t<h2 class=\"elementor-heading-title elementor-size-default\">Kontakt<\/h2>\t\t\t\t<\/div>\n\t\t\t\t<\/div>\n\t\t\t\t<div class=\"elementor-element elementor-element-5b1fbdac elementor-widget elementor-widget-text-editor\" data-id=\"5b1fbdac\" data-element_type=\"widget\" data-widget_type=\"text-editor.default\">\n\t\t\t\t<div class=\"elementor-widget-container\">\n\t\t\t\t\t\t\t\t\t<p>Are\u00e1l \u0160tras\u00adburk<br>\u0160v\u00e1bky 52\/2<br>180 00 Pra\u00adha 8<br>Tel.: +420 266 710 247<br>e\u2011mail: <a href=\"mailto:%70%72%61%68%61%40%65%6b%6f%77%61%74%74%2e%63%7a\">info@ekowatt.cz<\/a><\/p>\t\t\t\t\t\t\t\t<\/div>\n\t\t\t\t<\/div>\n\t\t\t\t<\/div>\n\t\t\t\t\t<\/div>\n\t\t\t\t<\/div>\n\t\t\t\t<\/div>\n\t\t","protected":false},"excerpt":{"rendered":"<p>Ref\u00ader\u00adence: Studie ener\u00adget\u00adick\u00ad\u00fdch \u00faspor a&nbsp;eko\u00adnom\u00adick\u00e9 opti\u00admal\u00adizace Admin\u00adis\u00adtra\u00adtivn\u00ed budo\u00adva a&nbsp;Obchod\u00adn\u00ed galerie Nov\u00e9 Butovice Admin\u00adis\u00adtra\u00adtivn\u00ed budo\u00adva a&nbsp;Obchod\u00adn\u00ed galerie Nov\u00e9 Butovice Ve\u2026 \u010c\u00edst v\u00edce Kra\u00adjsk\u00fd \u00fa\u0159ad Libereck\u00ad\u00e9ho&nbsp;kra\u00adje Kra\u00adjsk\u00fd \u00fa\u0159ad Libereck\u00ad\u00e9ho&nbsp;kra\u00adje V&nbsp;nejvy\u0161\u0161\u00ed budov\u011b v&nbsp;kra\u00adji\u2026 \u010c\u00edst v\u00edce And\u011bl Media Cen\u00adtrum na Sm\u00ed\u00adchov\u011b And\u011bl Media Cen\u00adtrum na Sm\u00ed\u00adchov\u011b Tech\u00adnick\u00e1 a&nbsp;eko\u00adnom\u00adick\u00e1 studie\u2026 \u010c\u00edst v\u00edce V\u0161ech\u00adny ref\u00ader\u00adence EkoWATT je jed\u00adnou z&nbsp;m\u00e1la firem&nbsp;[\u2026]<\/p>\n","protected":false},"author":1,"featured_media":0,"parent":0,"menu_order":0,"comment_status":"closed","ping_status":"closed","template":"","meta":{"wp_typography_post_enhancements_disabled":false,"site-sidebar-layout":"no-sidebar","site-content-layout":"","ast-site-content-layout":"full-width-container","site-content-style":"default","site-sidebar-style":"default","ast-global-header-display":"","ast-banner-title-visibility":"","ast-main-header-display":"","ast-hfb-above-header-display":"","ast-hfb-below-header-display":"","ast-hfb-mobile-header-display":"","site-post-title":"disabled","ast-breadcrumbs-content":"","ast-featured-img":"disabled","footer-sml-layout":"","ast-disable-related-posts":"","theme-transparent-header-meta":"","adv-header-id-meta":"","stick-header-meta":"","header-above-stick-meta":"","header-main-stick-meta":"","header-below-stick-meta":"","astra-migrate-meta-layouts":"default","ast-page-background-enabled":"default","ast-page-background-meta":{"desktop":{"background-color":"var(--ast-global-color-4)","background-image":"","background-repeat":"repeat","background-position":"center center","background-size":"auto","background-attachment":"scroll","background-type":"","background-media":"","overlay-type":"","overlay-color":"","overlay-opacity":"","overlay-gradient":""},"tablet":{"background-color":"","background-image":"","background-repeat":"repeat","background-position":"center center","background-size":"auto","background-attachment":"scroll","background-type":"","background-media":"","overlay-type":"","overlay-color":"","overlay-opacity":"","overlay-gradient":""},"mobile":{"background-color":"","background-image":"","background-repeat":"repeat","background-position":"center center","background-size":"auto","background-attachment":"scroll","background-type":"","background-media":"","overlay-type":"","overlay-color":"","overlay-opacity":"","overlay-gradient":""}},"ast-content-background-meta":{"desktop":{"background-color":"var(--ast-global-color-5)","background-image":"","background-repeat":"repeat","background-position":"center center","background-size":"auto","background-attachment":"scroll","background-type":"","background-media":"","overlay-type":"","overlay-color":"","overlay-opacity":"","overlay-gradient":""},"tablet":{"background-color":"var(--ast-global-color-5)","background-image":"","background-repeat":"repeat","background-position":"center center","background-size":"auto","background-attachment":"scroll","background-type":"","background-media":"","overlay-type":"","overlay-color":"","overlay-opacity":"","overlay-gradient":""},"mobile":{"background-color":"var(--ast-global-color-5)","background-image":"","background-repeat":"repeat","background-position":"center center","background-size":"auto","background-attachment":"scroll","background-type":"","background-media":"","overlay-type":"","overlay-color":"","overlay-opacity":"","overlay-gradient":""}},"footnotes":""},"class_list":["post-1248","page","type-page","status-publish","hentry"],"_links":{"self":[{"href":"https:\/\/ekowatt.cz\/index.php\/wp-json\/wp\/v2\/pages\/1248","targetHints":{"allow":["GET"]}}],"collection":[{"href":"https:\/\/ekowatt.cz\/index.php\/wp-json\/wp\/v2\/pages"}],"about":[{"href":"https:\/\/ekowatt.cz\/index.php\/wp-json\/wp\/v2\/types\/page"}],"author":[{"embeddable":true,"href":"https:\/\/ekowatt.cz\/index.php\/wp-json\/wp\/v2\/users\/1"}],"replies":[{"embeddable":true,"href":"https:\/\/ekowatt.cz\/index.php\/wp-json\/wp\/v2\/comments?post=1248"}],"version-history":[{"count":43,"href":"https:\/\/ekowatt.cz\/index.php\/wp-json\/wp\/v2\/pages\/1248\/revisions"}],"predecessor-version":[{"id":2694,"href":"https:\/\/ekowatt.cz\/index.php\/wp-json\/wp\/v2\/pages\/1248\/revisions\/2694"}],"wp:attachment":[{"href":"https:\/\/ekowatt.cz\/index.php\/wp-json\/wp\/v2\/media?parent=1248"}],"curies":[{"name":"wp","href":"https:\/\/api.w.org\/{rel}","templated":true}]}}