{"id":16,"date":"2023-11-09T10:52:35","date_gmt":"2023-11-09T10:52:35","guid":{"rendered":"https:\/\/new.ekowatt.cz\/?page_id=16"},"modified":"2026-03-02T12:29:39","modified_gmt":"2026-03-02T12:29:39","slug":"kontakt","status":"publish","type":"page","link":"https:\/\/ekowatt.cz\/index.php\/kontakt\/","title":{"rendered":"Kontakt"},"content":{"rendered":"\t\t<div data-elementor-type=\"wp-page\" data-elementor-id=\"16\" class=\"elementor elementor-16\">\n\t\t\t\t<div class=\"elementor-element elementor-element-7c14fdb e-con-full e-flex e-con e-parent\" data-id=\"7c14fdb\" data-element_type=\"container\" data-settings=\"{&quot;background_background&quot;:&quot;classic&quot;}\">\n\t\t<div class=\"elementor-element elementor-element-8421a14 e-con-full e-flex e-con e-child\" data-id=\"8421a14\" data-element_type=\"container\" data-settings=\"{&quot;background_background&quot;:&quot;classic&quot;}\">\n\t\t\t\t<div class=\"elementor-element elementor-element-e1f8a60 elementor-widget elementor-widget-heading\" data-id=\"e1f8a60\" data-element_type=\"widget\" data-widget_type=\"heading.default\">\n\t\t\t\t<div class=\"elementor-widget-container\">\n\t\t\t\t\t<h2 class=\"elementor-heading-title elementor-size-default\">Kontakty<\/h2>\t\t\t\t<\/div>\n\t\t\t\t<\/div>\n\t\t\t\t<\/div>\n\t\t<div class=\"elementor-element elementor-element-13e67db e-con-full e-flex e-con e-child\" data-id=\"13e67db\" data-element_type=\"container\">\n\t\t\t\t<div class=\"elementor-element elementor-element-97dd87c elementor-widget elementor-widget-heading\" data-id=\"97dd87c\" data-element_type=\"widget\" data-widget_type=\"heading.default\">\n\t\t\t\t<div class=\"elementor-widget-container\">\n\t\t\t\t\t<h2 class=\"elementor-heading-title elementor-size-default\">Faktura\u010dn\u00ed \u00fadaje, s\u00eddlo:<\/h2>\t\t\t\t<\/div>\n\t\t\t\t<\/div>\n\t\t\t\t<div class=\"elementor-element elementor-element-a288b7a elementor-widget elementor-widget-heading\" data-id=\"a288b7a\" data-element_type=\"widget\" data-widget_type=\"heading.default\">\n\t\t\t\t<div class=\"elementor-widget-container\">\n\t\t\t\t\t<h2 class=\"elementor-heading-title elementor-size-default\">EkoWATT CZ s. r.&nbsp;o.<\/h2>\t\t\t\t<\/div>\n\t\t\t\t<\/div>\n\t\t\t\t<div class=\"elementor-element elementor-element-cc8899f elementor-widget elementor-widget-text-editor\" data-id=\"cc8899f\" data-element_type=\"widget\" data-widget_type=\"text-editor.default\">\n\t\t\t\t<div class=\"elementor-widget-container\">\n\t\t\t\t\t\t\t\t\t<p>Are\u00e1l \u0160tras\u00adburk, \u0160v\u00e1bky 52\/2,<br>180 00 Pra\u00adha 8<br>pr\u00e1vn\u00ed for\u00adma: spole\u010dnost s&nbsp;r. o.<br>Reg\u00adis\u00adtrace u&nbsp;M\u011bst\u00adsk\u00e9ho soudu v&nbsp;Praze pod \u010d\u00edslem odd\u00ad\u00edl C, vlo\u017e\u00adka 113704<br>I\u010c: 27 59 98 17<br>DI\u010c: CZ 27 59 98 17<br>datov\u00e1 schr\u00e1n\u00adka: y3r3fum<br>e\u2011mail:&nbsp;<a href=\"mailto:%69%6e%66%6f%40%65%6b%6f%77%61%74%74%2e%63%7a\">info@ekowatt.cz<\/a><\/p>\t\t\t\t\t\t\t\t<\/div>\n\t\t\t\t<\/div>\n\t\t\t\t<div class=\"elementor-element elementor-element-857e02e elementor-widget elementor-widget-heading\" data-id=\"857e02e\" data-element_type=\"widget\" data-widget_type=\"heading.default\">\n\t\t\t\t<div class=\"elementor-widget-container\">\n\t\t\t\t\t<h2 class=\"elementor-heading-title elementor-size-default\">EkoWATT z.s.\n<\/h2>\t\t\t\t<\/div>\n\t\t\t\t<\/div>\n\t\t\t\t<div class=\"elementor-element elementor-element-ec960d6 elementor-widget elementor-widget-text-editor\" data-id=\"ec960d6\" data-element_type=\"widget\" data-widget_type=\"text-editor.default\">\n\t\t\t\t<div class=\"elementor-widget-container\">\n\t\t\t\t\t\t\t\t\t<p>\u0160v\u00e1bky 2, 180 00 Pra\u00adha 8<br>pr\u00e1vn\u00ed for\u00adma: spolek<br>Zap\u00ads\u00e1n ve spolkov\u00e9m rejst\u0159\u00edku veden\u00e9m u&nbsp;M\u011bst\u00adsk\u00e9ho soudu v&nbsp;Praze v&nbsp;odd\u00ad\u00edlu L, vlo\u017ece \u010d\u00eds\u00adlo 9162<br>I\u010c: 45 25 05 53<br>DI\u010c: CZ 45 25 05 53<br>datov\u00e1 schr\u00e1n\u00adka: pty4bu9<br>e\u2011mail:&nbsp;<a href=\"mailto:%69%6e%66%6f%40%65%6b%6f%77%61%74%74%2e%63%7a\">info@ekowatt.cz<\/a><\/p>\t\t\t\t\t\t\t\t<\/div>\n\t\t\t\t<\/div>\n\t\t\t\t<\/div>\n\t\t<div class=\"elementor-element elementor-element-5ae8f71 e-con-full e-flex e-con e-child\" data-id=\"5ae8f71\" data-element_type=\"container\">\n\t\t\t\t<div class=\"elementor-element elementor-element-a782ef6 elementor-widget elementor-widget-heading\" data-id=\"a782ef6\" data-element_type=\"widget\" data-widget_type=\"heading.default\">\n\t\t\t\t<div class=\"elementor-widget-container\">\n\t\t\t\t\t<h2 class=\"elementor-heading-title elementor-size-default\">Kontaktn\u00ed \u00fadaje, n\u00e1v\u0161t\u011bvy, korespondence<\/h2>\t\t\t\t<\/div>\n\t\t\t\t<\/div>\n\t\t\t\t<div class=\"elementor-element elementor-element-457b1d8 elementor-widget elementor-widget-heading\" data-id=\"457b1d8\" data-element_type=\"widget\" data-widget_type=\"heading.default\">\n\t\t\t\t<div class=\"elementor-widget-container\">\n\t\t\t\t\t<h2 class=\"elementor-heading-title elementor-size-default\">EkoWATT Praha<\/h2>\t\t\t\t<\/div>\n\t\t\t\t<\/div>\n\t\t\t\t<div class=\"elementor-element elementor-element-78d440a elementor-widget elementor-widget-text-editor\" data-id=\"78d440a\" data-element_type=\"widget\" data-widget_type=\"text-editor.default\">\n\t\t\t\t<div class=\"elementor-widget-container\">\n\t\t\t\t\t\t\t\t\t<p>Are\u00e1l \u0160tras\u00adburk<br>\u0160v\u00e1bky 52\/2<br>180 00 Pra\u00adha 8<br>Tel.: +420 777 366 276,&nbsp;777 366 277, 266 710&nbsp;247<\/p><p>e\u2011mail:&nbsp;<a href=\"mailto:%70%72%61%68%61%40%65%6b%6f%77%61%74%74%2e%63%7a\">info@ekowatt.cz<\/a><\/p><p>dopravn\u00ed spo\u00adjen\u00ed: metro\/tramvaj, zast\u00e1v\u00adka Pal\u00admov\u00adka nebo Invalidovna<\/p>\t\t\t\t\t\t\t\t<\/div>\n\t\t\t\t<\/div>\n\t\t\t\t<div class=\"elementor-element elementor-element-8f13606 elementor-widget elementor-widget-heading\" data-id=\"8f13606\" data-element_type=\"widget\" data-widget_type=\"heading.default\">\n\t\t\t\t<div class=\"elementor-widget-container\">\n\t\t\t\t\t<h2 class=\"elementor-heading-title elementor-size-default\">EkoWATT \u010cesk\u00e9 Bud\u011bjovice<\/h2>\t\t\t\t<\/div>\n\t\t\t\t<\/div>\n\t\t\t\t<div class=\"elementor-element elementor-element-0cc55a1 elementor-widget elementor-widget-text-editor\" data-id=\"0cc55a1\" data-element_type=\"widget\" data-widget_type=\"text-editor.default\">\n\t\t\t\t<div class=\"elementor-widget-container\">\n\t\t\t\t\t\t\t\t\t<p>\u017di\u017eko\u00adva 1914\/1a<br>370 01 \u010cesk\u00e9 Bud\u011bjovice<br>Tel: +420 774 697 901<br>e\u2011mail:&nbsp;<a href=\"mailto:%63%62%40%65%6b%6f%77%61%74%74%2e%63%7a\">cb@ekowatt.cz<\/a><\/p>\t\t\t\t\t\t\t\t<\/div>\n\t\t\t\t<\/div>\n\t\t\t\t<div class=\"elementor-element elementor-element-d9c6bb4 elementor-widget elementor-widget-heading\" data-id=\"d9c6bb4\" data-element_type=\"widget\" data-widget_type=\"heading.default\">\n\t\t\t\t<div class=\"elementor-widget-container\">\n\t\t\t\t\t<h2 class=\"elementor-heading-title elementor-size-default\">Obchodn\u00ed podm\u00ednky<\/h2>\t\t\t\t<\/div>\n\t\t\t\t<\/div>\n\t\t\t\t<div class=\"elementor-element elementor-element-0002f7d elementor-widget elementor-widget-text-editor\" data-id=\"0002f7d\" data-element_type=\"widget\" data-widget_type=\"text-editor.default\">\n\t\t\t\t<div class=\"elementor-widget-container\">\n\t\t\t\t\t\t\t\t\t<p>V\u0161eobec\u00adn\u00e9 obchod\u00adn\u00ed pod\u00adm\u00ednky EkoWATT CZ <strong><a href=\"https:\/\/ekowatt.cz\/wp-content\/uploads\/2024\/12\/VOP-EkoWATT-CZ-s.r.o.pdf\" target=\"_blank\" rel=\"noopener\">ke sta\u017een\u00ed<\/a><\/strong><\/p>\t\t\t\t\t\t\t\t<\/div>\n\t\t\t\t<\/div>\n\t\t\t\t<\/div>\n\t\t\t\t<\/div>\n\t\t\t\t<\/div>\n\t\t","protected":false},"excerpt":{"rendered":"<p>Kon\u00adtak\u00adty Fak\u00adtu\u00adra\u010dn\u00ed \u00fada\u00adje, s\u00edd\u00adlo: EkoWATT CZ s. r.&nbsp;o. Are\u00e1l \u0160tras\u00adburk, \u0160v\u00e1bky 52\/2,180 00 Pra\u00adha 8pr\u00e1vn\u00ed for\u00adma: spole\u010dnost s&nbsp;r. o.Reg\u00adis\u00adtrace u&nbsp;M\u011bst\u00adsk\u00e9ho soudu v&nbsp;Praze pod \u010d\u00edslem odd\u00ad\u00edl C, vlo\u017e\u00adka 113704I\u010c: 27 59 98 17DI\u010c: CZ 27 59 98 17datov\u00e1 schr\u00e1n\u00adka: y3r3fume\u2011mail:&nbsp;info@ekowatt.cz EkoWATT z.s. \u0160v\u00e1bky 2, 180 00 Pra\u00adha 8pr\u00e1vn\u00ed for\u00adma: spolekZap\u00ads\u00e1n ve spolkov\u00e9m rejst\u0159\u00edku veden\u00e9m u&nbsp;M\u011bst\u00adsk\u00e9ho&nbsp;soudu&nbsp;[\u2026]<\/p>\n","protected":false},"author":1,"featured_media":0,"parent":0,"menu_order":0,"comment_status":"closed","ping_status":"closed","template":"","meta":{"wp_typography_post_enhancements_disabled":false,"site-sidebar-layout":"no-sidebar","site-content-layout":"","ast-site-content-layout":"full-width-container","site-content-style":"default","site-sidebar-style":"default","ast-global-header-display":"","ast-banner-title-visibility":"","ast-main-header-display":"","ast-hfb-above-header-display":"","ast-hfb-below-header-display":"","ast-hfb-mobile-header-display":"","site-post-title":"disabled","ast-breadcrumbs-content":"","ast-featured-img":"disabled","footer-sml-layout":"","ast-disable-related-posts":"","theme-transparent-header-meta":"","adv-header-id-meta":"","stick-header-meta":"","header-above-stick-meta":"","header-main-stick-meta":"","header-below-stick-meta":"","astra-migrate-meta-layouts":"default","ast-page-background-enabled":"default","ast-page-background-meta":{"desktop":{"background-color":"var(--ast-global-color-4)","background-image":"","background-repeat":"repeat","background-position":"center center","background-size":"auto","background-attachment":"scroll","background-type":"","background-media":"","overlay-type":"","overlay-color":"","overlay-opacity":"","overlay-gradient":""},"tablet":{"background-color":"","background-image":"","background-repeat":"repeat","background-position":"center center","background-size":"auto","background-attachment":"scroll","background-type":"","background-media":"","overlay-type":"","overlay-color":"","overlay-opacity":"","overlay-gradient":""},"mobile":{"background-color":"","background-image":"","background-repeat":"repeat","background-position":"center center","background-size":"auto","background-attachment":"scroll","background-type":"","background-media":"","overlay-type":"","overlay-color":"","overlay-opacity":"","overlay-gradient":""}},"ast-content-background-meta":{"desktop":{"background-color":"var(--ast-global-color-5)","background-image":"","background-repeat":"repeat","background-position":"center center","background-size":"auto","background-attachment":"scroll","background-type":"","background-media":"","overlay-type":"","overlay-color":"","overlay-opacity":"","overlay-gradient":""},"tablet":{"background-color":"var(--ast-global-color-5)","background-image":"","background-repeat":"repeat","background-position":"center center","background-size":"auto","background-attachment":"scroll","background-type":"","background-media":"","overlay-type":"","overlay-color":"","overlay-opacity":"","overlay-gradient":""},"mobile":{"background-color":"var(--ast-global-color-5)","background-image":"","background-repeat":"repeat","background-position":"center center","background-size":"auto","background-attachment":"scroll","background-type":"","background-media":"","overlay-type":"","overlay-color":"","overlay-opacity":"","overlay-gradient":""}},"footnotes":""},"class_list":["post-16","page","type-page","status-publish","hentry"],"_links":{"self":[{"href":"https:\/\/ekowatt.cz\/index.php\/wp-json\/wp\/v2\/pages\/16","targetHints":{"allow":["GET"]}}],"collection":[{"href":"https:\/\/ekowatt.cz\/index.php\/wp-json\/wp\/v2\/pages"}],"about":[{"href":"https:\/\/ekowatt.cz\/index.php\/wp-json\/wp\/v2\/types\/page"}],"author":[{"embeddable":true,"href":"https:\/\/ekowatt.cz\/index.php\/wp-json\/wp\/v2\/users\/1"}],"replies":[{"embeddable":true,"href":"https:\/\/ekowatt.cz\/index.php\/wp-json\/wp\/v2\/comments?post=16"}],"version-history":[{"count":112,"href":"https:\/\/ekowatt.cz\/index.php\/wp-json\/wp\/v2\/pages\/16\/revisions"}],"predecessor-version":[{"id":2800,"href":"https:\/\/ekowatt.cz\/index.php\/wp-json\/wp\/v2\/pages\/16\/revisions\/2800"}],"wp:attachment":[{"href":"https:\/\/ekowatt.cz\/index.php\/wp-json\/wp\/v2\/media?parent=16"}],"curies":[{"name":"wp","href":"https:\/\/api.w.org\/{rel}","templated":true}]}}