{"id":1665,"date":"2024-05-28T15:10:09","date_gmt":"2024-05-28T15:10:09","guid":{"rendered":"https:\/\/new.ekowatt.cz\/?page_id=1665"},"modified":"2026-02-24T11:39:20","modified_gmt":"2026-02-24T11:39:20","slug":"kariera","status":"publish","type":"page","link":"https:\/\/ekowatt.cz\/index.php\/kariera\/","title":{"rendered":"Kari\u00e9ra"},"content":{"rendered":"\t\t<div data-elementor-type=\"wp-page\" data-elementor-id=\"1665\" class=\"elementor elementor-1665\">\n\t\t\t\t<div class=\"elementor-element elementor-element-65a124aa e-flex e-con-boxed e-con e-parent\" data-id=\"65a124aa\" data-element_type=\"container\" data-settings=\"{&quot;background_background&quot;:&quot;classic&quot;}\">\n\t\t\t\t\t<div class=\"e-con-inner\">\n\t\t\t\t<div class=\"elementor-element elementor-element-1edc9ddf elementor-widget elementor-widget-heading\" data-id=\"1edc9ddf\" data-element_type=\"widget\" data-widget_type=\"heading.default\">\n\t\t\t\t<div class=\"elementor-widget-container\">\n\t\t\t\t\t<h2 class=\"elementor-heading-title elementor-size-default\">Hled\u00e1me nov\u00e9 kolegy do&nbsp;t\u00fdmu!<\/h2>\t\t\t\t<\/div>\n\t\t\t\t<\/div>\n\t\t\t\t\t<\/div>\n\t\t\t\t<\/div>\n\t\t<div class=\"elementor-element elementor-element-b9907d1 e-flex e-con-boxed e-con e-parent\" data-id=\"b9907d1\" data-element_type=\"container\" data-settings=\"{&quot;background_background&quot;:&quot;classic&quot;}\">\n\t\t\t\t\t<div class=\"e-con-inner\">\n\t\t<div class=\"elementor-element elementor-element-c083fae e-con-full e-flex e-con e-child\" data-id=\"c083fae\" data-element_type=\"container\">\n\t\t\t\t<div class=\"elementor-element elementor-element-0ea4e70 elementor-widget elementor-widget-heading\" data-id=\"0ea4e70\" data-element_type=\"widget\" data-widget_type=\"heading.default\">\n\t\t\t\t<div class=\"elementor-widget-container\">\n\t\t\t\t\t<h2 class=\"elementor-heading-title elementor-size-default\"> Aktu\u00e1ln\u00ed voln\u00e9 pozice jsou:&nbsp;<\/h2>\t\t\t\t<\/div>\n\t\t\t\t<\/div>\n\t\t\t\t<\/div>\n\t\t<div class=\"elementor-element elementor-element-7ca4720 e-con-full e-flex e-con e-child\" data-id=\"7ca4720\" data-element_type=\"container\">\n\t\t\t\t<div class=\"elementor-element elementor-element-b62642f elementor-widget elementor-widget-heading\" data-id=\"b62642f\" data-element_type=\"widget\" data-widget_type=\"heading.default\">\n\t\t\t\t<div class=\"elementor-widget-container\">\n\t\t\t\t\t<h2 class=\"elementor-heading-title elementor-size-default\">Odborn\u00e9 pozice<\/h2>\t\t\t\t<\/div>\n\t\t\t\t<\/div>\n\t\t\t\t<div class=\"elementor-element elementor-element-3bab9d3 elementor-widget elementor-widget-text-editor\" data-id=\"3bab9d3\" data-element_type=\"widget\" data-widget_type=\"text-editor.default\">\n\t\t\t\t<div class=\"elementor-widget-container\">\n\t\t\t\t\t\t\t\t\t<div class=\"_2cuy _3dgx _2vxa\"><strong><a href=\"https:\/\/ekowatt.cz\/wp-content\/uploads\/2024\/06\/KONZULTANT-CERTIFIKACE.pdf\" target=\"_blank\" rel=\"noopener\">KONZULTANT\/KA PRO ENVIRONMENT\u00c1LN\u00cd CERTIFIKACE LEED\/ BREEAM\/ WELL<\/a> &nbsp;<\/strong><\/div><div>&nbsp;<\/div><div class=\"_2cuy _3dgx _2vxa\"><strong><a href=\"https:\/\/ekowatt.cz\/wp-content\/uploads\/2024\/06\/ASISTNENT-PRO-ENVIRONMENTALNI-CERTIFIKACE.pdf\" target=\"_blank\" rel=\"noopener\">ASISTENT\/KA PRO ENVIRONMENT\u00c1LN\u00cd CERTIFIKACE LEED\/ BREEAM\/ WELL<\/a><\/strong><\/div><div>&nbsp;<\/div><div><strong><a href=\"https:\/\/ekowatt.cz\/wp-content\/uploads\/2024\/06\/INZENYR-PRO-DYNAMICKE-SIMULACE.pdf\" target=\"_blank\" rel=\"noopener\">IN\u017dEN\u00ddR\/KA PRO DYNAMICK\u00c9 SIMULACE<\/a><\/strong><\/div><div>&nbsp;<\/div><div class=\"_2cuy _3dgx _2vxa\"><strong><a href=\"https:\/\/ekowatt.cz\/wp-content\/uploads\/2024\/06\/inzenyr-energ.-usp-1.pdf\" target=\"_blank\" rel=\"noopener\">IN\u017dEN\u00ddR\/KA PRO PROJEKTY ENERGETICK\u00ddCH \u00daSPOR<\/a><\/strong><\/div>\t\t\t\t\t\t\t\t<\/div>\n\t\t\t\t<\/div>\n\t\t\t\t<div class=\"elementor-element elementor-element-89422e7 elementor-widget elementor-widget-heading\" data-id=\"89422e7\" data-element_type=\"widget\" data-widget_type=\"heading.default\">\n\t\t\t\t<div class=\"elementor-widget-container\">\n\t\t\t\t\t<h2 class=\"elementor-heading-title elementor-size-default\">St\u00e1\u017ee<\/h2>\t\t\t\t<\/div>\n\t\t\t\t<\/div>\n\t\t\t\t<div class=\"elementor-element elementor-element-857b670 elementor-widget elementor-widget-text-editor\" data-id=\"857b670\" data-element_type=\"widget\" data-widget_type=\"text-editor.default\">\n\t\t\t\t<div class=\"elementor-widget-container\">\n\t\t\t\t\t\t\t\t\t<div class=\"_2cuy _3dgx _2vxa\"><strong><a href=\"https:\/\/ekowatt.cz\/wp-content\/uploads\/2024\/06\/stazista-pro-certifikace.pdf\" target=\"_blank\" rel=\"noopener\">ST\u00c1\u017dISTA\/KA PRO ENVIRONMENT\u00c1LN\u00cd CERTIFIKACE LEED\/ BREEAM\/ WELL<\/a><\/strong><\/div><div>&nbsp;<\/div><div class=\"_2cuy _3dgx _2vxa\"><strong><a href=\"https:\/\/ekowatt.cz\/wp-content\/uploads\/2024\/06\/stazista-energ.-usp-1.pdf\" target=\"_blank\" rel=\"noopener\">ST\u00c1\u017dISTA\/KA PRO PROJEKTY ENERGETICK\u00ddCH \u00daSPOR<\/a><\/strong><\/div>\t\t\t\t\t\t\t\t<\/div>\n\t\t\t\t<\/div>\n\t\t\t\t<div class=\"elementor-element elementor-element-f6c095c elementor-widget elementor-widget-heading\" data-id=\"f6c095c\" data-element_type=\"widget\" data-widget_type=\"heading.default\">\n\t\t\t\t<div class=\"elementor-widget-container\">\n\t\t\t\t\t<h2 class=\"elementor-heading-title elementor-size-default\">Po kliknut\u00ed se V\u00e1m objev\u00ed podrobn\u00fd popis koho hled\u00e1me a&nbsp;co m\u016f\u017eete naopak Vy o\u010dek\u00e1vat. Bude n\u00e1s t\u011b\u0161it jak\u00fdkoliv V\u00e1\u0161 z\u00e1jem o&nbsp;spolupr\u00e1ci.<br>\n<br>\n\nNev\u00e1hejte n\u00e1s kontaktovat!&nbsp;<\/h2>\t\t\t\t<\/div>\n\t\t\t\t<\/div>\n\t\t\t\t<div class=\"elementor-element elementor-element-2356487 elementor-widget elementor-widget-button\" data-id=\"2356487\" data-element_type=\"widget\" data-widget_type=\"button.default\">\n\t\t\t\t<div class=\"elementor-widget-container\">\n\t\t\t\t\t\t\t\t\t<div class=\"elementor-button-wrapper\">\n\t\t\t\t\t<a class=\"elementor-button elementor-button-link elementor-size-sm\" href=\"https:\/\/ekowatt.cz\/index.php\/kontakt\/\">\n\t\t\t\t\t\t<span class=\"elementor-button-content-wrapper\">\n\t\t\t\t\t\t\t\t\t<span class=\"elementor-button-text\">Kon\u00adtakt<\/span>\n\t\t\t\t\t<\/span>\n\t\t\t\t\t<\/a>\n\t\t\t\t<\/div>\n\t\t\t\t\t\t\t\t<\/div>\n\t\t\t\t<\/div>\n\t\t\t\t<\/div>\n\t\t\t\t\t<\/div>\n\t\t\t\t<\/div>\n\t\t\t\t<\/div>\n\t\t","protected":false},"excerpt":{"rendered":"<p>Hled\u00e1me nov\u00e9 kol\u00ade\u00adgy do&nbsp;t\u00fdmu! Aktu\u00e1l\u00adn\u00ed vol\u00adn\u00e9 poz\u00adice jsou: Odborn\u00e9 poz\u00adice KONZULTANT\/KA PRO ENVIRONMENT\u00c1LN\u00cd CERTIFIKACE LEED\/ BREEAM\/ WELL &nbsp;&nbsp;ASISTENT\/KA PRO ENVIRONMENT\u00c1LN\u00cd CERTIFIKACE LEED\/ BREEAM\/ WELL&nbsp;IN\u017dEN\u00ddR\/KA PRO DYNAMICK\u00c9 SIMULACE&nbsp;IN\u017dEN\u00ddR\/KA PRO PROJEKTY ENERGETICK\u00ddCH \u00daSPOR St\u00e1\u017ee ST\u00c1\u017dISTA\/KA PRO ENVIRONMENT\u00c1LN\u00cd CERTIFIKACE LEED\/ BREEAM\/ WELL&nbsp;ST\u00c1\u017dISTA\/KA PRO PROJEKTY ENERGETICK\u00ddCH \u00daSPOR Po kliknut\u00ed se V\u00e1m objev\u00ed podrob\u00adn\u00fd popis koho hled\u00e1me a&nbsp;co m\u016f\u017eete naopak&nbsp;[\u2026]<\/p>\n","protected":false},"author":1,"featured_media":0,"parent":0,"menu_order":0,"comment_status":"closed","ping_status":"closed","template":"","meta":{"wp_typography_post_enhancements_disabled":false,"site-sidebar-layout":"no-sidebar","site-content-layout":"","ast-site-content-layout":"full-width-container","site-content-style":"default","site-sidebar-style":"default","ast-global-header-display":"","ast-banner-title-visibility":"","ast-main-header-display":"","ast-hfb-above-header-display":"","ast-hfb-below-header-display":"","ast-hfb-mobile-header-display":"","site-post-title":"disabled","ast-breadcrumbs-content":"","ast-featured-img":"disabled","footer-sml-layout":"","ast-disable-related-posts":"","theme-transparent-header-meta":"","adv-header-id-meta":"","stick-header-meta":"","header-above-stick-meta":"","header-main-stick-meta":"","header-below-stick-meta":"","astra-migrate-meta-layouts":"default","ast-page-background-enabled":"default","ast-page-background-meta":{"desktop":{"background-color":"var(--ast-global-color-4)","background-image":"","background-repeat":"repeat","background-position":"center center","background-size":"auto","background-attachment":"scroll","background-type":"","background-media":"","overlay-type":"","overlay-color":"","overlay-opacity":"","overlay-gradient":""},"tablet":{"background-color":"","background-image":"","background-repeat":"repeat","background-position":"center center","background-size":"auto","background-attachment":"scroll","background-type":"","background-media":"","overlay-type":"","overlay-color":"","overlay-opacity":"","overlay-gradient":""},"mobile":{"background-color":"","background-image":"","background-repeat":"repeat","background-position":"center center","background-size":"auto","background-attachment":"scroll","background-type":"","background-media":"","overlay-type":"","overlay-color":"","overlay-opacity":"","overlay-gradient":""}},"ast-content-background-meta":{"desktop":{"background-color":"var(--ast-global-color-5)","background-image":"","background-repeat":"repeat","background-position":"center center","background-size":"auto","background-attachment":"scroll","background-type":"","background-media":"","overlay-type":"","overlay-color":"","overlay-opacity":"","overlay-gradient":""},"tablet":{"background-color":"var(--ast-global-color-5)","background-image":"","background-repeat":"repeat","background-position":"center center","background-size":"auto","background-attachment":"scroll","background-type":"","background-media":"","overlay-type":"","overlay-color":"","overlay-opacity":"","overlay-gradient":""},"mobile":{"background-color":"var(--ast-global-color-5)","background-image":"","background-repeat":"repeat","background-position":"center center","background-size":"auto","background-attachment":"scroll","background-type":"","background-media":"","overlay-type":"","overlay-color":"","overlay-opacity":"","overlay-gradient":""}},"footnotes":""},"class_list":["post-1665","page","type-page","status-publish","hentry"],"_links":{"self":[{"href":"https:\/\/ekowatt.cz\/index.php\/wp-json\/wp\/v2\/pages\/1665","targetHints":{"allow":["GET"]}}],"collection":[{"href":"https:\/\/ekowatt.cz\/index.php\/wp-json\/wp\/v2\/pages"}],"about":[{"href":"https:\/\/ekowatt.cz\/index.php\/wp-json\/wp\/v2\/types\/page"}],"author":[{"embeddable":true,"href":"https:\/\/ekowatt.cz\/index.php\/wp-json\/wp\/v2\/users\/1"}],"replies":[{"embeddable":true,"href":"https:\/\/ekowatt.cz\/index.php\/wp-json\/wp\/v2\/comments?post=1665"}],"version-history":[{"count":50,"href":"https:\/\/ekowatt.cz\/index.php\/wp-json\/wp\/v2\/pages\/1665\/revisions"}],"predecessor-version":[{"id":2761,"href":"https:\/\/ekowatt.cz\/index.php\/wp-json\/wp\/v2\/pages\/1665\/revisions\/2761"}],"wp:attachment":[{"href":"https:\/\/ekowatt.cz\/index.php\/wp-json\/wp\/v2\/media?parent=1665"}],"curies":[{"name":"wp","href":"https:\/\/api.w.org\/{rel}","templated":true}]}}