{"id":2607,"date":"2025-12-18T14:54:24","date_gmt":"2025-12-18T14:54:24","guid":{"rendered":"https:\/\/ekowatt.cz\/?page_id=2607"},"modified":"2026-02-10T14:57:11","modified_gmt":"2026-02-10T14:57:11","slug":"reference-analyza-lca","status":"publish","type":"page","link":"https:\/\/ekowatt.cz\/index.php\/reference-analyza-lca\/","title":{"rendered":"Reference \u2014 Anal\u00fdza LCA"},"content":{"rendered":"\t\t<div data-elementor-type=\"wp-page\" data-elementor-id=\"2607\" class=\"elementor elementor-2607\">\n\t\t\t\t<div class=\"elementor-element elementor-element-551a1bb e-flex e-con-boxed e-con e-parent\" data-id=\"551a1bb\" data-element_type=\"container\" data-settings=\"{&quot;background_background&quot;:&quot;classic&quot;}\">\n\t\t\t\t\t<div class=\"e-con-inner\">\n\t\t\t\t<div class=\"elementor-element elementor-element-bde90e6 elementor-widget elementor-widget-heading\" data-id=\"bde90e6\" data-element_type=\"widget\" data-widget_type=\"heading.default\">\n\t\t\t\t<div class=\"elementor-widget-container\">\n\t\t\t\t\t<h2 class=\"elementor-heading-title elementor-size-default\">Kalkulace uhl\u00edkov\u00e9 stopy, LCA Anal\u00fdza \u017eivotn\u00edho cyklu&nbsp;<\/h2>\t\t\t\t<\/div>\n\t\t\t\t<\/div>\n\t\t\t\t\t<\/div>\n\t\t\t\t<\/div>\n\t\t<div class=\"elementor-element elementor-element-3a767e0 e-flex e-con-boxed e-con e-parent\" data-id=\"3a767e0\" data-element_type=\"container\">\n\t\t\t\t\t<div class=\"e-con-inner\">\n\t\t\t\t<div class=\"elementor-element elementor-element-611977b elementor-widget elementor-widget-ucaddon_post_blocks\" data-id=\"611977b\" data-element_type=\"widget\" data-widget_type=\"ucaddon_post_blocks.default\">\n\t\t\t\t<div class=\"elementor-widget-container\">\n\t\t\t\t\t\n<!-- start Post Blocks -->\n\t\t<link id=\"font-awesome-css\" href=\"https:\/\/ekowatt.cz\/wp-content\/plugins\/unlimited-elements-for-elementor\/assets_libraries\/font-awesome6\/fontawesome-all.min.css\" type=\"text\/css\" rel=\"stylesheet\">\n\t\t<link id=\"font-awesome-4-shim-css\" href=\"https:\/\/ekowatt.cz\/wp-content\/plugins\/unlimited-elements-for-elementor\/assets_libraries\/font-awesome6\/fontawesome-v4-shims.min.css\" type=\"text\/css\" rel=\"stylesheet\">\n\n<style>\/* widget: Post Blocks *\/\n\n\n\n#uc_post_blocks_elementor_611977b {\n    display:grid;\n}\n#uc_post_blocks_elementor_611977b .ue_post_blocks_box\n{\n  overflow:hidden;\n}\n\n#uc_post_blocks_elementor_611977b .ue_post_blocks_image\n{\n  overflow:hidden;\n}\n#uc_post_blocks_elementor_611977b .ue_post_blocks_image img\n{\n  width:100%;\n  display:block;\n}\n#uc_post_blocks_elementor_611977b .ue_post_blocks_link a\n{\n  display:inline-block;\n  text-decoration:none;\n  text-align:center;\n}\n\n\n#uc_post_blocks_elementor_611977b .ue-grid-item-meta-data\n{\n  display:inlin-flex;\n  flex-wrap: wrap;\n}\n\n.ue-grid-item-meta-data\n{\n  font-size:12px;\n}\n\n#uc_post_blocks_elementor_611977b .ue-grid-item-meta-data-icon\n{\n  line-height:1em;\n}\n\n#uc_post_blocks_elementor_611977b .ue-grid-item-meta-data-icon svg\n{\n  width:1em;\n  height:1em;\n}\n\n#uc_post_blocks_elementor_611977b .ue_post_blocks_box{\n  display: flex;\n  flex-direction: column;\n}\n#uc_post_blocks_elementor_611977b .ue_post_blocks_content{\n display: flex; flex-grow: 1;\n flex-direction: column;\n}\n#uc_post_blocks_elementor_611977b .ue_post_blocks_link{ margin-top: auto;\n}\n\n.ue-grid-item-category a\n{\n  display:inline-block;\n  font-size:10px;\n  text-transform:uppercase;\n}\n\n\n\n\n<\/style>\n\n<div id=\"uc_post_blocks_elementor_611977b\" class=\"ue_post_blocks uc-items-wrapper \">\n    <div class=\"ue_post_blocks_box\">\n    <div class=\"ue_post_blocks_image\">\n    <a href=\"https:\/\/ekowatt.cz\/index.php\/2026\/02\/05\/hhq-regionalni-centrala-csob\/\" style=\"display:block;\"><img loading=\"lazy\" decoding=\"async\" src=\"https:\/\/ekowatt.cz\/wp-content\/uploads\/2026\/02\/hhq-regionalni-centrala-csob-768x672.jpg\" alt=\"hhq-regionalni-centrala-csob\" width=\"768\" height=\"672\"><\/a>\n  <\/div>\n    <div class=\"ue_post_blocks_content\">\n      \n     \n         \n    <div class=\"ue_post_blocks_title\"><a href=\"https:\/\/ekowatt.cz\/index.php\/2026\/02\/05\/hhq-regionalni-centrala-csob\/\">HHQ Region\u00e1l\u00adn\u00ed cen\u00adtr\u00e1la \u010cSOB Hradec Kr\u00e1lov\u00e9<\/a><\/div>    \n        \n    \n    <div class=\"ue_post_blocks_text\">HHQ Region\u00e1l\u00adn\u00ed cen\u00adtr\u00e1la \u010cSOB Hradec Kr\u00e1lov\u00e9\n\n\n\n\n\n\n\nFoto: webov\u00e9 str\u00e1nky \u010cSOB\n\n\nHHQ Region\u00e1l\u00adn\u00ed centr\u00e1la\u2026<\/div>        \t<div class=\"ue_post_blocks_link\">\n          <a class=\" \" href=\"https:\/\/ekowatt.cz\/index.php\/2026\/02\/05\/hhq-regionalni-centrala-csob\/\">\u010c\u00edst v\u00edce<\/a>\n    \t<\/div>\n      <\/div>\n<\/div>\n<div class=\"ue_post_blocks_box\">\n    <div class=\"ue_post_blocks_image\">\n    <a href=\"https:\/\/ekowatt.cz\/index.php\/2025\/12\/18\/bytovy-dum-hagibor-gamma-lca-analyza\/\" style=\"display:block;\"><img loading=\"lazy\" decoding=\"async\" src=\"https:\/\/ekowatt.cz\/wp-content\/uploads\/2025\/12\/hagibor-1-768x576.jpg\" alt=\"hagibor (1)\" width=\"768\" height=\"576\"><\/a>\n  <\/div>\n    <div class=\"ue_post_blocks_content\">\n      \n     \n         \n    <div class=\"ue_post_blocks_title\"><a href=\"https:\/\/ekowatt.cz\/index.php\/2025\/12\/18\/bytovy-dum-hagibor-gamma-lca-analyza\/\">Bytov\u00fd d\u016fm Hag\u00adi\u00adbor Gam\u00adma \u2014 LCA anal\u00fdza<\/a><\/div>    \n        \n    \n    <div class=\"ue_post_blocks_text\">Bytov\u00fd d\u016fm Hag\u00adi\u00adbor Gam\u00adma \u2014 LCA anal\u00fdza&nbsp;\n\n\n\n\n\n\n\n\n\nBytov\u00fd d\u016fm Hag\u00adi\u00adbor Gam\u00adma je sou\u010d\u00e1st\u00ed reziden\u010dn\u00edho\u2026<\/div>        \t<div class=\"ue_post_blocks_link\">\n          <a class=\" \" href=\"https:\/\/ekowatt.cz\/index.php\/2025\/12\/18\/bytovy-dum-hagibor-gamma-lca-analyza\/\">\u010c\u00edst v\u00edce<\/a>\n    \t<\/div>\n      <\/div>\n<\/div>\n<div class=\"ue_post_blocks_box\">\n    <div class=\"ue_post_blocks_image\">\n    <a href=\"https:\/\/ekowatt.cz\/index.php\/2025\/12\/18\/penny_skutec_lca-analyza\/\" style=\"display:block;\"><img loading=\"lazy\" decoding=\"async\" src=\"https:\/\/ekowatt.cz\/wp-content\/uploads\/2025\/12\/Penny-Skutec.png\" alt=\"Penny Skute\u010d\" width=\"549\" height=\"304\"><\/a>\n  <\/div>\n    <div class=\"ue_post_blocks_content\">\n      \n     \n         \n    <div class=\"ue_post_blocks_title\"><a href=\"https:\/\/ekowatt.cz\/index.php\/2025\/12\/18\/penny_skutec_lca-analyza\/\">PENNY SKUTE\u010c \u2014 LCA Anal\u00fdza, posouzen\u00ed uhl\u00edkov\u00e9 stopy<\/a><\/div>    \n        \n    \n    <div class=\"ue_post_blocks_text\">PENNY SKUTE\u010c \u2014 LCA Anal\u00fdza, posouzen\u00ed uhl\u00edkov\u00e9 stopy\n\n\n\n\n\n\n\n\n\nC\u00edlem anal\u00fdzy \u017eiv\u00adot\u00adn\u00edho cyk\u00adlu (LCA)\u2026<\/div>        \t<div class=\"ue_post_blocks_link\">\n          <a class=\" \" href=\"https:\/\/ekowatt.cz\/index.php\/2025\/12\/18\/penny_skutec_lca-analyza\/\">\u010c\u00edst v\u00edce<\/a>\n    \t<\/div>\n      <\/div>\n<\/div>\n\n<\/div>\n<!-- end Post Blocks -->\t\t\t\t<\/div>\n\t\t\t\t<\/div>\n\t\t\t\t<div class=\"elementor-element elementor-element-6a258fa elementor-align-center elementor-widget elementor-widget-button\" data-id=\"6a258fa\" data-element_type=\"widget\" data-widget_type=\"button.default\">\n\t\t\t\t<div class=\"elementor-widget-container\">\n\t\t\t\t\t\t\t\t\t<div class=\"elementor-button-wrapper\">\n\t\t\t\t\t<a class=\"elementor-button elementor-button-link elementor-size-sm\" href=\"https:\/\/ekowatt.cz\/index.php\/vsechny-reference\/\">\n\t\t\t\t\t\t<span class=\"elementor-button-content-wrapper\">\n\t\t\t\t\t\t\t\t\t<span class=\"elementor-button-text\">V\u0161ech\u00adny reference<\/span>\n\t\t\t\t\t<\/span>\n\t\t\t\t\t<\/a>\n\t\t\t\t<\/div>\n\t\t\t\t\t\t\t\t<\/div>\n\t\t\t\t<\/div>\n\t\t\t\t\t<\/div>\n\t\t\t\t<\/div>\n\t\t<div class=\"elementor-element elementor-element-4804119 e-flex e-con-boxed e-con e-parent\" data-id=\"4804119\" data-element_type=\"container\" data-settings=\"{&quot;background_background&quot;:&quot;classic&quot;}\">\n\t\t\t\t\t<div class=\"e-con-inner\">\n\t\t<div class=\"elementor-element elementor-element-8644a97 e-con-full e-flex e-con e-child\" data-id=\"8644a97\" data-element_type=\"container\">\n\t\t\t\t<div class=\"elementor-element elementor-element-1011f1b elementor-widget elementor-widget-image\" data-id=\"1011f1b\" data-element_type=\"widget\" data-widget_type=\"image.default\">\n\t\t\t\t<div class=\"elementor-widget-container\">\n\t\t\t\t\t\t\t\t\t\t\t\t\t\t\t\t<a href=\"https:\/\/www.strechy-praha.cz\/?utm_source=Ekowatt&amp;utm_medium=Banner&amp;utm_campaign=bez_vyhod_2023\">\n\t\t\t\t\t\t\t<img decoding=\"async\" src=\"https:\/\/ekowatt.cz\/wp-content\/uploads\/2025\/01\/CZ_STRECHY_bannery_zlevnena__468-x-60.png\" title alt loading=\"lazy\">\t\t\t\t\t\t\t\t<\/a>\n\t\t\t\t\t\t\t\t\t\t\t\t\t\t\t<\/div>\n\t\t\t\t<\/div>\n\t\t\t\t<div class=\"elementor-element elementor-element-1afe5b1 elementor-widget elementor-widget-heading\" data-id=\"1afe5b1\" data-element_type=\"widget\" data-widget_type=\"heading.default\">\n\t\t\t\t<div class=\"elementor-widget-container\">\n\t\t\t\t\t<h2 class=\"elementor-heading-title elementor-size-default\"><a href=\"https:\/\/www.leed.cz\/\">EkoWATT je jednou z&nbsp;m\u00e1la firem v&nbsp;Evrop\u011b nab\u00edzej\u00edc\u00edch v\u0161echny certifikace budov<\/a><\/h2>\t\t\t\t<\/div>\n\t\t\t\t<\/div>\n\t\t<div class=\"elementor-element elementor-element-911d773 e-flex e-con-boxed e-con e-child\" data-id=\"911d773\" data-element_type=\"container\">\n\t\t\t\t\t<div class=\"e-con-inner\">\n\t\t\t\t<div class=\"elementor-element elementor-element-6595a9d elementor-widget elementor-widget-image\" data-id=\"6595a9d\" data-element_type=\"widget\" data-widget_type=\"image.default\">\n\t\t\t\t<div class=\"elementor-widget-container\">\n\t\t\t\t\t\t\t\t\t\t\t\t\t\t\t<img loading=\"lazy\" decoding=\"async\" width=\"150\" height=\"150\" src=\"https:\/\/ekowatt.cz\/wp-content\/uploads\/2023\/11\/credential-cert-bdc-150x150-1.png\" class=\"attachment-full size-full wp-image-300\" alt>\t\t\t\t\t\t\t\t\t\t\t\t\t\t\t<\/div>\n\t\t\t\t<\/div>\n\t\t\t\t<div class=\"elementor-element elementor-element-97d3e4c elementor-widget elementor-widget-image\" data-id=\"97d3e4c\" data-element_type=\"widget\" data-widget_type=\"image.default\">\n\t\t\t\t<div class=\"elementor-widget-container\">\n\t\t\t\t\t\t\t\t\t\t\t\t\t\t\t<img loading=\"lazy\" decoding=\"async\" width=\"150\" height=\"150\" src=\"https:\/\/ekowatt.cz\/wp-content\/uploads\/2023\/11\/credential-cert-idc-150x150-1.png\" class=\"attachment-full size-full wp-image-301\" alt>\t\t\t\t\t\t\t\t\t\t\t\t\t\t\t<\/div>\n\t\t\t\t<\/div>\n\t\t\t\t<div class=\"elementor-element elementor-element-0d5b0ff elementor-widget elementor-widget-image\" data-id=\"0d5b0ff\" data-element_type=\"widget\" data-widget_type=\"image.default\">\n\t\t\t\t<div class=\"elementor-widget-container\">\n\t\t\t\t\t\t\t\t\t\t\t\t\t\t\t<img loading=\"lazy\" decoding=\"async\" width=\"150\" height=\"150\" src=\"https:\/\/ekowatt.cz\/wp-content\/uploads\/2023\/11\/credential-cert-om-150x150-1.png\" class=\"attachment-full size-full wp-image-302\" alt>\t\t\t\t\t\t\t\t\t\t\t\t\t\t\t<\/div>\n\t\t\t\t<\/div>\n\t\t\t\t<div class=\"elementor-element elementor-element-628de3f elementor-widget elementor-widget-image\" data-id=\"628de3f\" data-element_type=\"widget\" data-widget_type=\"image.default\">\n\t\t\t\t<div class=\"elementor-widget-container\">\n\t\t\t\t\t\t\t\t\t\t\t\t\t\t\t<img loading=\"lazy\" decoding=\"async\" width=\"150\" height=\"150\" src=\"https:\/\/ekowatt.cz\/wp-content\/uploads\/2023\/11\/breeam_accredited-professional-150x150-1.png\" class=\"attachment-full size-full wp-image-297\" alt>\t\t\t\t\t\t\t\t\t\t\t\t\t\t\t<\/div>\n\t\t\t\t<\/div>\n\t\t\t\t<div class=\"elementor-element elementor-element-2760269 elementor-widget elementor-widget-image\" data-id=\"2760269\" data-element_type=\"widget\" data-widget_type=\"image.default\">\n\t\t\t\t<div class=\"elementor-widget-container\">\n\t\t\t\t\t\t\t\t\t\t\t\t\t\t\t<img loading=\"lazy\" decoding=\"async\" width=\"150\" height=\"150\" src=\"https:\/\/ekowatt.cz\/wp-content\/uploads\/2023\/11\/breeam_licennsed-accessor-company-150x150-1.png\" class=\"attachment-full size-full wp-image-299\" alt>\t\t\t\t\t\t\t\t\t\t\t\t\t\t\t<\/div>\n\t\t\t\t<\/div>\n\t\t\t\t<div class=\"elementor-element elementor-element-5bc3bc3 elementor-widget elementor-widget-image\" data-id=\"5bc3bc3\" data-element_type=\"widget\" data-widget_type=\"image.default\">\n\t\t\t\t<div class=\"elementor-widget-container\">\n\t\t\t\t\t\t\t\t\t\t\t\t\t\t\t<img loading=\"lazy\" decoding=\"async\" width=\"153\" height=\"209\" src=\"https:\/\/ekowatt.cz\/wp-content\/uploads\/2023\/11\/breeam_in-use-auditor.png\" class=\"attachment-full size-full wp-image-298\" alt>\t\t\t\t\t\t\t\t\t\t\t\t\t\t\t<\/div>\n\t\t\t\t<\/div>\n\t\t\t\t<div class=\"elementor-element elementor-element-ef548f2 elementor-widget elementor-widget-image\" data-id=\"ef548f2\" data-element_type=\"widget\" data-widget_type=\"image.default\">\n\t\t\t\t<div class=\"elementor-widget-container\">\n\t\t\t\t\t\t\t\t\t\t\t\t\t\t\t<img loading=\"lazy\" decoding=\"async\" width=\"150\" height=\"56\" src=\"https:\/\/ekowatt.cz\/wp-content\/uploads\/2023\/11\/iso_9001-1.png\" class=\"attachment-full size-full wp-image-303\" alt>\t\t\t\t\t\t\t\t\t\t\t\t\t\t\t<\/div>\n\t\t\t\t<\/div>\n\t\t\t\t\t<\/div>\n\t\t\t\t<\/div>\n\t\t\t\t<\/div>\n\t\t<div class=\"elementor-element elementor-element-be98121 e-con-full e-flex e-con e-child\" data-id=\"be98121\" data-element_type=\"container\">\n\t\t\t\t<div class=\"elementor-element elementor-element-9518598 elementor-widget elementor-widget-heading\" data-id=\"9518598\" data-element_type=\"widget\" data-widget_type=\"heading.default\">\n\t\t\t\t<div class=\"elementor-widget-container\">\n\t\t\t\t\t<h2 class=\"elementor-heading-title elementor-size-default\">Na\u0161i partne\u0159i<\/h2>\t\t\t\t<\/div>\n\t\t\t\t<\/div>\n\t\t<div class=\"elementor-element elementor-element-12815c7 e-flex e-con-boxed e-con e-child\" data-id=\"12815c7\" data-element_type=\"container\">\n\t\t\t\t\t<div class=\"e-con-inner\">\n\t\t\t\t<div class=\"elementor-element elementor-element-10c38f2 elementor-widget elementor-widget-image\" data-id=\"10c38f2\" data-element_type=\"widget\" data-widget_type=\"image.default\">\n\t\t\t\t<div class=\"elementor-widget-container\">\n\t\t\t\t\t\t\t\t\t\t\t\t\t\t\t<img decoding=\"async\" src=\"https:\/\/ekowatt.cz\/wp-content\/uploads\/elementor\/thumbs\/Enerco-Logo-Mono@halfx-qwd4eqok2wory3b8yf2ftboe82r5eql74oo0toisy6.png\" title=\"Enerco \u2014 Logo \u2014 Mono@halfx\" alt=\"Enerco - Logo - Mono@halfx\" loading=\"lazy\">\t\t\t\t\t\t\t\t\t\t\t\t\t\t\t<\/div>\n\t\t\t\t<\/div>\n\t\t\t\t<div class=\"elementor-element elementor-element-7a7736f elementor-widget elementor-widget-image\" data-id=\"7a7736f\" data-element_type=\"widget\" data-widget_type=\"image.default\">\n\t\t\t\t<div class=\"elementor-widget-container\">\n\t\t\t\t\t\t\t\t\t\t\t\t\t\t\t<img loading=\"lazy\" decoding=\"async\" width=\"120\" height=\"40\" src=\"https:\/\/ekowatt.cz\/wp-content\/uploads\/2023\/11\/krasec_150.png\" class=\"attachment-thumbnail size-thumbnail wp-image-282\" alt>\t\t\t\t\t\t\t\t\t\t\t\t\t\t\t<\/div>\n\t\t\t\t<\/div>\n\t\t\t\t<div class=\"elementor-element elementor-element-c247e15 elementor-widget elementor-widget-image\" data-id=\"c247e15\" data-element_type=\"widget\" data-widget_type=\"image.default\">\n\t\t\t\t<div class=\"elementor-widget-container\">\n\t\t\t\t\t\t\t\t\t\t\t\t\t\t\t<img decoding=\"async\" src=\"https:\/\/ekowatt.cz\/wp-content\/uploads\/elementor\/thumbs\/Frank-Bold-qvbkoqhphu2konl8vzyrd0ffrfl18xsu24da3o5upq.png\" title=\"Frank Bold\" alt=\"Frank Bold\" loading=\"lazy\">\t\t\t\t\t\t\t\t\t\t\t\t\t\t\t<\/div>\n\t\t\t\t<\/div>\n\t\t\t\t<div class=\"elementor-element elementor-element-e394dcb elementor-widget elementor-widget-image\" data-id=\"e394dcb\" data-element_type=\"widget\" data-widget_type=\"image.default\">\n\t\t\t\t<div class=\"elementor-widget-container\">\n\t\t\t\t\t\t\t\t\t\t\t\t\t\t\t<img loading=\"lazy\" decoding=\"async\" width=\"120\" height=\"46\" src=\"https:\/\/ekowatt.cz\/wp-content\/uploads\/2023\/11\/logo-komunalni.original.png\" class=\"attachment-full size-full wp-image-285\" alt>\t\t\t\t\t\t\t\t\t\t\t\t\t\t\t<\/div>\n\t\t\t\t<\/div>\n\t\t\t\t<div class=\"elementor-element elementor-element-f00b01a elementor-widget elementor-widget-image\" data-id=\"f00b01a\" data-element_type=\"widget\" data-widget_type=\"image.default\">\n\t\t\t\t<div class=\"elementor-widget-container\">\n\t\t\t\t\t\t\t\t\t\t\t\t\t\t\t<img loading=\"lazy\" decoding=\"async\" width=\"120\" height=\"29\" src=\"https:\/\/ekowatt.cz\/wp-content\/uploads\/2023\/11\/Prumyslova_ekologie_logo_CMYK.png\" class=\"attachment-full size-full wp-image-286\" alt>\t\t\t\t\t\t\t\t\t\t\t\t\t\t\t<\/div>\n\t\t\t\t<\/div>\n\t\t\t\t<div class=\"elementor-element elementor-element-4d1a76b elementor-widget elementor-widget-image\" data-id=\"4d1a76b\" data-element_type=\"widget\" data-widget_type=\"image.default\">\n\t\t\t\t<div class=\"elementor-widget-container\">\n\t\t\t\t\t\t\t\t\t\t\t\t\t\t\t<img decoding=\"async\" src=\"https:\/\/ekowatt.cz\/wp-content\/uploads\/elementor\/thumbs\/nazeleno01-1-qffut062x4hhr3id89khbl9x8sn1i8o2jclcbeqzdw.gif\" title=\"nazeleno01\u20111\" alt=\"nazeleno01-1\" loading=\"lazy\">\t\t\t\t\t\t\t\t\t\t\t\t\t\t\t<\/div>\n\t\t\t\t<\/div>\n\t\t\t\t\t<\/div>\n\t\t\t\t<\/div>\n\t\t<div class=\"elementor-element elementor-element-de6608c e-flex e-con-boxed e-con e-child\" data-id=\"de6608c\" data-element_type=\"container\">\n\t\t\t\t\t<div class=\"e-con-inner\">\n\t\t\t\t<div class=\"elementor-element elementor-element-2600c96 elementor-widget elementor-widget-image\" data-id=\"2600c96\" data-element_type=\"widget\" data-widget_type=\"image.default\">\n\t\t\t\t<div class=\"elementor-widget-container\">\n\t\t\t\t\t\t\t\t\t\t\t\t\t\t\t<img loading=\"lazy\" decoding=\"async\" width=\"120\" height=\"120\" src=\"https:\/\/ekowatt.cz\/wp-content\/uploads\/2023\/11\/Clen_CPD_barevny_pruhledny_mensi.png\" class=\"attachment-thumbnail size-thumbnail wp-image-278\" alt>\t\t\t\t\t\t\t\t\t\t\t\t\t\t\t<\/div>\n\t\t\t\t<\/div>\n\t\t\t\t<div class=\"elementor-element elementor-element-87cf4a5 elementor-widget elementor-widget-image\" data-id=\"87cf4a5\" data-element_type=\"widget\" data-widget_type=\"image.default\">\n\t\t\t\t<div class=\"elementor-widget-container\">\n\t\t\t\t\t\t\t\t\t\t\t\t\t\t\t<img loading=\"lazy\" decoding=\"async\" width=\"120\" height=\"120\" src=\"https:\/\/ekowatt.cz\/wp-content\/uploads\/2023\/11\/CZGBC_logo-cz_web_rgb-150x150-1.png\" class=\"attachment-thumbnail size-thumbnail wp-image-279\" alt>\t\t\t\t\t\t\t\t\t\t\t\t\t\t\t<\/div>\n\t\t\t\t<\/div>\n\t\t\t\t<div class=\"elementor-element elementor-element-bf3b420 elementor-widget elementor-widget-image\" data-id=\"bf3b420\" data-element_type=\"widget\" data-widget_type=\"image.default\">\n\t\t\t\t<div class=\"elementor-widget-container\">\n\t\t\t\t\t\t\t\t\t\t\t\t\t\t\t<img decoding=\"async\" src=\"https:\/\/ekowatt.cz\/wp-content\/uploads\/elementor\/thumbs\/LOGO_1-rekonstrukce-stacu-qffurkgyh8iq0jlgm5800gbkklpuqvyu08pmx6vnhs.png\" title=\"LOGO_1-rekonstrukce-stacu\" alt=\"LOGO_1-rekonstrukce-stacu\" loading=\"lazy\">\t\t\t\t\t\t\t\t\t\t\t\t\t\t\t<\/div>\n\t\t\t\t<\/div>\n\t\t\t\t<div class=\"elementor-element elementor-element-6e8d20a elementor-widget elementor-widget-image\" data-id=\"6e8d20a\" data-element_type=\"widget\" data-widget_type=\"image.default\">\n\t\t\t\t<div class=\"elementor-widget-container\">\n\t\t\t\t\t\t\t\t\t\t\t\t\t\t\t<img loading=\"lazy\" decoding=\"async\" width=\"88\" height=\"55\" src=\"https:\/\/ekowatt.cz\/wp-content\/uploads\/2023\/11\/Flag_of_Tibet.png\" class=\"attachment-full size-full wp-image-280\" alt>\t\t\t\t\t\t\t\t\t\t\t\t\t\t\t<\/div>\n\t\t\t\t<\/div>\n\t\t\t\t<div class=\"elementor-element elementor-element-331615c elementor-widget elementor-widget-image\" data-id=\"331615c\" data-element_type=\"widget\" data-widget_type=\"image.default\">\n\t\t\t\t<div class=\"elementor-widget-container\">\n\t\t\t\t\t\t\t\t\t\t\t\t\t\t\t<img loading=\"lazy\" decoding=\"async\" width=\"120\" height=\"52\" src=\"https:\/\/ekowatt.cz\/wp-content\/uploads\/2023\/11\/logo_spb_web.png\" class=\"attachment-full size-full wp-image-284\" alt>\t\t\t\t\t\t\t\t\t\t\t\t\t\t\t<\/div>\n\t\t\t\t<\/div>\n\t\t\t\t<div class=\"elementor-element elementor-element-493b182 elementor-widget elementor-widget-image\" data-id=\"493b182\" data-element_type=\"widget\" data-widget_type=\"image.default\">\n\t\t\t\t<div class=\"elementor-widget-container\">\n\t\t\t\t\t\t\t\t\t\t\t\t\t\t\t<img loading=\"lazy\" decoding=\"async\" width=\"120\" height=\"42\" src=\"https:\/\/ekowatt.cz\/wp-content\/uploads\/2023\/11\/ban_PENB.png\" class=\"attachment-thumbnail size-thumbnail wp-image-277\" alt>\t\t\t\t\t\t\t\t\t\t\t\t\t\t\t<\/div>\n\t\t\t\t<\/div>\n\t\t\t\t\t<\/div>\n\t\t\t\t<\/div>\n\t\t\t\t<\/div>\n\t\t<div class=\"elementor-element elementor-element-820c75f e-con-full e-flex e-con e-child\" data-id=\"820c75f\" data-element_type=\"container\">\n\t\t\t\t<div class=\"elementor-element elementor-element-a912d8c elementor-widget elementor-widget-heading\" data-id=\"a912d8c\" data-element_type=\"widget\" data-widget_type=\"heading.default\">\n\t\t\t\t<div class=\"elementor-widget-container\">\n\t\t\t\t\t<h2 class=\"elementor-heading-title elementor-size-default\">Kontakt<\/h2>\t\t\t\t<\/div>\n\t\t\t\t<\/div>\n\t\t\t\t<div class=\"elementor-element elementor-element-1285527 elementor-widget elementor-widget-text-editor\" data-id=\"1285527\" data-element_type=\"widget\" data-widget_type=\"text-editor.default\">\n\t\t\t\t<div class=\"elementor-widget-container\">\n\t\t\t\t\t\t\t\t\t<p>Are\u00e1l \u0160tras\u00adburk<br>\u0160v\u00e1bky 52\/2<br>180 00 Pra\u00adha 8<br>Tel.: +420 266 710 247<br>e\u2011mail: <a href=\"mailto:%70%72%61%68%61%40%65%6b%6f%77%61%74%74%2e%63%7a\">info@ekowatt.cz<\/a><\/p>\t\t\t\t\t\t\t\t<\/div>\n\t\t\t\t<\/div>\n\t\t\t\t<\/div>\n\t\t\t\t\t<\/div>\n\t\t\t\t<\/div>\n\t\t\t\t<\/div>\n\t\t","protected":false},"excerpt":{"rendered":"<p>Kalku\u00adlace uhl\u00edkov\u00e9 stopy, LCA Anal\u00fdza \u017eiv\u00adot\u00adn\u00edho cyk\u00adlu&nbsp; HHQ Region\u00e1l\u00adn\u00ed cen\u00adtr\u00e1la \u010cSOB Hradec Kr\u00e1lov\u00e9 HHQ Region\u00e1l\u00adn\u00ed cen\u00adtr\u00e1la \u010cSOB Hradec Kr\u00e1lov\u00e9 Foto: webov\u00e9 str\u00e1nky \u010cSOB HHQ Region\u00e1l\u00adn\u00ed cen\u00adtr\u00e1la\u2026 \u010c\u00edst v\u00edce Bytov\u00fd d\u016fm Hag\u00adi\u00adbor Gam\u00adma \u2014 LCA anal\u00fdza Bytov\u00fd d\u016fm Hag\u00adi\u00adbor Gam\u00adma \u2013 LCA anal\u00fdza Bytov\u00fd d\u016fm Hag\u00adi\u00adbor Gam\u00adma je sou\u010d\u00e1st\u00ed rezi\u00adden\u010dn\u00edho\u2026 \u010c\u00edst v\u00edce PENNY SKUTE\u010c \u2014&nbsp;LCA&nbsp;[\u2026]<\/p>\n","protected":false},"author":1,"featured_media":0,"parent":0,"menu_order":0,"comment_status":"closed","ping_status":"closed","template":"","meta":{"wp_typography_post_enhancements_disabled":false,"site-sidebar-layout":"no-sidebar","site-content-layout":"","ast-site-content-layout":"full-width-container","site-content-style":"default","site-sidebar-style":"default","ast-global-header-display":"","ast-banner-title-visibility":"","ast-main-header-display":"","ast-hfb-above-header-display":"","ast-hfb-below-header-display":"","ast-hfb-mobile-header-display":"","site-post-title":"","ast-breadcrumbs-content":"","ast-featured-img":"disabled","footer-sml-layout":"","ast-disable-related-posts":"","theme-transparent-header-meta":"","adv-header-id-meta":"","stick-header-meta":"","header-above-stick-meta":"","header-main-stick-meta":"","header-below-stick-meta":"","astra-migrate-meta-layouts":"default","ast-page-background-enabled":"default","ast-page-background-meta":{"desktop":{"background-color":"var(--ast-global-color-4)","background-image":"","background-repeat":"repeat","background-position":"center center","background-size":"auto","background-attachment":"scroll","background-type":"","background-media":"","overlay-type":"","overlay-color":"","overlay-opacity":"","overlay-gradient":""},"tablet":{"background-color":"","background-image":"","background-repeat":"repeat","background-position":"center center","background-size":"auto","background-attachment":"scroll","background-type":"","background-media":"","overlay-type":"","overlay-color":"","overlay-opacity":"","overlay-gradient":""},"mobile":{"background-color":"","background-image":"","background-repeat":"repeat","background-position":"center center","background-size":"auto","background-attachment":"scroll","background-type":"","background-media":"","overlay-type":"","overlay-color":"","overlay-opacity":"","overlay-gradient":""}},"ast-content-background-meta":{"desktop":{"background-color":"var(--ast-global-color-5)","background-image":"","background-repeat":"repeat","background-position":"center center","background-size":"auto","background-attachment":"scroll","background-type":"","background-media":"","overlay-type":"","overlay-color":"","overlay-opacity":"","overlay-gradient":""},"tablet":{"background-color":"var(--ast-global-color-5)","background-image":"","background-repeat":"repeat","background-position":"center center","background-size":"auto","background-attachment":"scroll","background-type":"","background-media":"","overlay-type":"","overlay-color":"","overlay-opacity":"","overlay-gradient":""},"mobile":{"background-color":"var(--ast-global-color-5)","background-image":"","background-repeat":"repeat","background-position":"center center","background-size":"auto","background-attachment":"scroll","background-type":"","background-media":"","overlay-type":"","overlay-color":"","overlay-opacity":"","overlay-gradient":""}},"footnotes":""},"class_list":["post-2607","page","type-page","status-publish","hentry"],"_links":{"self":[{"href":"https:\/\/ekowatt.cz\/index.php\/wp-json\/wp\/v2\/pages\/2607","targetHints":{"allow":["GET"]}}],"collection":[{"href":"https:\/\/ekowatt.cz\/index.php\/wp-json\/wp\/v2\/pages"}],"about":[{"href":"https:\/\/ekowatt.cz\/index.php\/wp-json\/wp\/v2\/types\/page"}],"author":[{"embeddable":true,"href":"https:\/\/ekowatt.cz\/index.php\/wp-json\/wp\/v2\/users\/1"}],"replies":[{"embeddable":true,"href":"https:\/\/ekowatt.cz\/index.php\/wp-json\/wp\/v2\/comments?post=2607"}],"version-history":[{"count":7,"href":"https:\/\/ekowatt.cz\/index.php\/wp-json\/wp\/v2\/pages\/2607\/revisions"}],"predecessor-version":[{"id":2697,"href":"https:\/\/ekowatt.cz\/index.php\/wp-json\/wp\/v2\/pages\/2607\/revisions\/2697"}],"wp:attachment":[{"href":"https:\/\/ekowatt.cz\/index.php\/wp-json\/wp\/v2\/media?parent=2607"}],"curies":[{"name":"wp","href":"https:\/\/api.w.org\/{rel}","templated":true}]}}