{"id":390,"date":"2023-11-21T12:06:07","date_gmt":"2023-11-21T12:06:07","guid":{"rendered":"https:\/\/new.ekowatt.cz\/?page_id=390"},"modified":"2026-02-24T11:36:41","modified_gmt":"2026-02-24T11:36:41","slug":"o-nas","status":"publish","type":"page","link":"https:\/\/ekowatt.cz\/index.php\/o-nas\/","title":{"rendered":"O n\u00e1s"},"content":{"rendered":"\t\t<div data-elementor-type=\"wp-page\" data-elementor-id=\"390\" class=\"elementor elementor-390\">\n\t\t\t\t<div class=\"elementor-element elementor-element-3bb4af5 e-flex e-con-boxed e-con e-parent\" data-id=\"3bb4af5\" data-element_type=\"container\" data-settings=\"{&quot;background_background&quot;:&quot;classic&quot;}\">\n\t\t\t\t\t<div class=\"e-con-inner\">\n\t\t\t\t<div class=\"elementor-element elementor-element-cec90ad elementor-widget elementor-widget-heading\" data-id=\"cec90ad\" data-element_type=\"widget\" data-widget_type=\"heading.default\">\n\t\t\t\t<div class=\"elementor-widget-container\">\n\t\t\t\t\t<h2 class=\"elementor-heading-title elementor-size-default\">O EkoWATTU<\/h2>\t\t\t\t<\/div>\n\t\t\t\t<\/div>\n\t\t\t\t\t<\/div>\n\t\t\t\t<\/div>\n\t\t<div class=\"elementor-element elementor-element-ddbfc2a e-flex e-con-boxed e-con e-parent\" data-id=\"ddbfc2a\" data-element_type=\"container\" data-settings=\"{&quot;background_background&quot;:&quot;classic&quot;}\">\n\t\t\t\t\t<div class=\"e-con-inner\">\n\t\t\t\t<div class=\"elementor-element elementor-element-d46b1a9 elementor-widget elementor-widget-heading\" data-id=\"d46b1a9\" data-element_type=\"widget\" data-widget_type=\"heading.default\">\n\t\t\t\t<div class=\"elementor-widget-container\">\n\t\t\t\t\t<h2 class=\"elementor-heading-title elementor-size-default\">EkoWATT je p\u0159edn\u00ed \u010desk\u00e1 poradensk\u00e1 spole\u010dnost v&nbsp;oblasti energetiky, ekonomiky a&nbsp;\u017eivotn\u00edho prost\u0159ed\u00ed. Zalo\u017eena byla v&nbsp;roce 1990 jako nevl\u00e1dn\u00ed neziskov\u00e1 organizace (ob\u010dansk\u00e9 sdru\u017een\u00ed). Za dobu sv\u00e9ho fungov\u00e1n\u00ed se EkoWATT vyvinul v&nbsp;profesion\u00e1ln\u00ed poradenskou a&nbsp;expertn\u00ed spole\u010dnost, jej\u00ed\u017e v\u00fdsledky jsou oce\u0148ov\u00e1ny v&nbsp;\u010desk\u00e9m i&nbsp;mezin\u00e1rodn\u00edm m\u011b\u0159\u00edtku. Na\u0161e poradensk\u00e1 st\u0159ediska EKIS pat\u0159\u00ed mezi nejnav\u0161t\u011bvovan\u011bj\u0161\u00ed a&nbsp;nejl\u00e9pe hodnocen\u00e1 v&nbsp;\u010cR.<\/h2>\t\t\t\t<\/div>\n\t\t\t\t<\/div>\n\t\t\t\t\t<\/div>\n\t\t\t\t<\/div>\n\t\t<div class=\"elementor-element elementor-element-0fd23b8 e-flex e-con-boxed e-con e-parent\" data-id=\"0fd23b8\" data-element_type=\"container\">\n\t\t\t\t\t<div class=\"e-con-inner\">\n\t\t<div class=\"elementor-element elementor-element-d325a52 e-con-full e-flex e-con e-child\" data-id=\"d325a52\" data-element_type=\"container\" data-settings=\"{&quot;background_background&quot;:&quot;classic&quot;}\">\n\t\t\t\t<div class=\"elementor-element elementor-element-8542a32 elementor-widget elementor-widget-spacer\" data-id=\"8542a32\" data-element_type=\"widget\" data-widget_type=\"spacer.default\">\n\t\t\t\t<div class=\"elementor-widget-container\">\n\t\t\t\t\t\t\t<div class=\"elementor-spacer\">\n\t\t\t<div class=\"elementor-spacer-inner\"><\/div>\n\t\t<\/div>\n\t\t\t\t\t\t<\/div>\n\t\t\t\t<\/div>\n\t\t\t\t<\/div>\n\t\t<div class=\"elementor-element elementor-element-8d2060a e-con-full e-flex e-con e-child\" data-id=\"8d2060a\" data-element_type=\"container\">\n\t\t\t\t<div class=\"elementor-element elementor-element-89e79b1 elementor-widget elementor-widget-heading\" data-id=\"89e79b1\" data-element_type=\"widget\" data-widget_type=\"heading.default\">\n\t\t\t\t<div class=\"elementor-widget-container\">\n\t\t\t\t\t<h2 class=\"elementor-heading-title elementor-size-default\">Na\u0161e vize<\/h2>\t\t\t\t<\/div>\n\t\t\t\t<\/div>\n\t\t\t\t<div class=\"elementor-element elementor-element-cdfd7cf elementor-widget elementor-widget-text-editor\" data-id=\"cdfd7cf\" data-element_type=\"widget\" data-widget_type=\"text-editor.default\">\n\t\t\t\t<div class=\"elementor-widget-container\">\n\t\t\t\t\t\t\t\t\t<p><strong>Viz\u00ed<\/strong>&nbsp;EkoWAT\u00adTu je&nbsp;<strong>ener\u00adget\u00adick\u00e1 sob\u011bs\u00adta\u010dnost<\/strong>&nbsp;budov, obc\u00ed, m\u011bst a&nbsp;region\u016f, a&nbsp;tak\u00e9 v\u00fdrob\u00adn\u00edch provoz\u016f a&nbsp;dal\u0161\u00edch ener\u00adget\u00adick\u00ad\u00fdch sys\u00adt\u00e9m\u016f. Sob\u011bs\u00adta\u010dnost ener\u00adget\u00adick\u00ad\u00fdch slu\u017eeb mus\u00ed b\u00fdt v&nbsp;budouc\u00adnos\u00adti&nbsp;<strong>trvale udr\u017eitel\u00adn\u00e1<\/strong>&nbsp;a&nbsp;ka\u017ed\u00e9\u00admu dos\u00adtup\u00adn\u00e1. Na\u0161e vize je na sou\u010das\u00adnou dobu sice odv\u00e1\u017en\u00e1, nicm\u00e9n\u011b do budouc\u00adna per\u00adspek\u00adtivn\u00ed a&nbsp;jed\u00adin\u00e1&nbsp;mo\u017en\u00e1.<\/p><p><strong>Posl\u00e1n\u00edm<\/strong>&nbsp;EkoWAT\u00adTu je&nbsp;<strong>pod\u00adporovat \u00fa\u010din\u00adn\u00e9 a&nbsp;eko\u00adlog\u00adicky \u0161etrn\u00e9 vyu\u017e\u00edv\u00e1n\u00ed ener\u00adget\u00adick\u00ad\u00fdch zdro\u00adj\u016f<\/strong>. Posky\u00adtu\u00adjeme&nbsp;<strong>kval\u00adit\u00adn\u00ed a&nbsp;nez\u00e1vis\u00adl\u00e9 poraden\u00adstv\u00ed<\/strong>. Pom\u00e1h\u00e1me klien\u00adt\u016fm k&nbsp;<strong>lep\u00ad\u0161\u00ed\u00admu a&nbsp;efek\u00adtivn\u00ed\u00admu rozhodov\u00e1n\u00ed<\/strong>. Chceme b\u00fdt&nbsp;<strong>spolehliv\u00fdm poraden\u00adsk\u00fdm part\u00adnerem<\/strong>.&nbsp;<strong>Inovu\u00adjeme<\/strong>&nbsp;\u2013 d\u011bl\u00e1me v\u011bci, kter\u00e9 je\u0161t\u011b nejsou.<\/p>\t\t\t\t\t\t\t\t<\/div>\n\t\t\t\t<\/div>\n\t\t\t\t<div class=\"elementor-element elementor-element-ddde6be elementor-widget elementor-widget-button\" data-id=\"ddde6be\" data-element_type=\"widget\" data-widget_type=\"button.default\">\n\t\t\t\t<div class=\"elementor-widget-container\">\n\t\t\t\t\t\t\t\t\t<div class=\"elementor-button-wrapper\">\n\t\t\t\t\t<a class=\"elementor-button elementor-button-link elementor-size-sm\" href=\"https:\/\/ekowatt.cz\/index.php\/nas-tym\/\" target=\"_blank\">\n\t\t\t\t\t\t<span class=\"elementor-button-content-wrapper\">\n\t\t\t\t\t\t\t\t\t<span class=\"elementor-button-text\">N\u00e1\u0161 t\u00fdm<\/span>\n\t\t\t\t\t<\/span>\n\t\t\t\t\t<\/a>\n\t\t\t\t<\/div>\n\t\t\t\t\t\t\t\t<\/div>\n\t\t\t\t<\/div>\n\t\t\t\t<\/div>\n\t\t\t\t\t<\/div>\n\t\t\t\t<\/div>\n\t\t<div class=\"elementor-element elementor-element-34aedc6 e-flex e-con-boxed e-con e-parent\" data-id=\"34aedc6\" data-element_type=\"container\" data-settings=\"{&quot;background_background&quot;:&quot;classic&quot;}\">\n\t\t\t\t\t<div class=\"e-con-inner\">\n\t\t<div class=\"elementor-element elementor-element-ed7143a e-con-full e-flex e-con e-child\" data-id=\"ed7143a\" data-element_type=\"container\">\n\t\t\t\t<div class=\"elementor-element elementor-element-9f8ebe6 elementor-widget elementor-widget-heading\" data-id=\"9f8ebe6\" data-element_type=\"widget\" data-widget_type=\"heading.default\">\n\t\t\t\t<div class=\"elementor-widget-container\">\n\t\t\t\t\t<h2 class=\"elementor-heading-title elementor-size-default\">\u010cinnost EkoWATTu<\/h2>\t\t\t\t<\/div>\n\t\t\t\t<\/div>\n\t\t\t\t<\/div>\n\t\t<div class=\"elementor-element elementor-element-cef0b82 e-con-full e-flex e-con e-child\" data-id=\"cef0b82\" data-element_type=\"container\">\n\t\t\t\t<div class=\"elementor-element elementor-element-27d78b3 elementor-widget elementor-widget-text-editor\" data-id=\"27d78b3\" data-element_type=\"widget\" data-widget_type=\"text-editor.default\">\n\t\t\t\t<div class=\"elementor-widget-container\">\n\t\t\t\t\t\t\t\t\t<p><strong>K napln\u011bn\u00ed sv\u00e9ho posl\u00e1n\u00ed se EkoWATT v\u011bnu\u00adje zejm\u00e9\u00adna t\u011bm\u00adto aktivit\u00e1m:<\/strong><\/p><ul><li>P\u0159\u00edpra\u00adva ener\u00adget\u00adick\u00ad\u00fdch exper\u00adtiz, kon\u00adcepc\u00ed, audit\u016f, studi\u00ed a&nbsp;anal\u00fdz vztah\u016f mezi ener\u00adgetik\u00adou, ekonomik\u00adou a&nbsp;\u017eiv\u00adot\u00adn\u00edm prost\u0159ed\u00edm<\/li><li>Expert\u00adn\u00ed pod\u00adpo\u00adra pro\u00adjek\u00adt\u016f ener\u00adget\u00adick\u00ad\u00fdch \u00faspor a&nbsp;obnovitel\u00adn\u00fdch zdro\u00adj\u016f energie<\/li><li>V\u00fdzkum a&nbsp;v\u00fdvoj v&nbsp;oblasti ener\u00adget\u00adick\u00ad\u00fdch \u00faspor a&nbsp;obnovitel\u00adn\u00fdch zdro\u00adj\u016f energie<\/li><li>Poraden\u00adstv\u00ed a&nbsp;eko\u00adlog\u00adick\u00e1 v\u00fdcho\u00adva, vzd\u011bl\u00e1v\u00e1n\u00ed a&nbsp;osv\u011b\u00adta zam\u011b\u0159en\u00e1 na \u00fa\u010din\u00adn\u00e9 a&nbsp;eko\u00adlog\u00adicky \u0161etrn\u00e9 vyu\u017e\u00edv\u00e1n\u00ed energi\u00ed<\/li><li>Infor\u00adma\u010dn\u00ed a&nbsp;pub\u00adlika\u010dn\u00ed \u010dinnost<\/li><\/ul>\t\t\t\t\t\t\t\t<\/div>\n\t\t\t\t<\/div>\n\t\t\t\t<div class=\"elementor-element elementor-element-450932b elementor-widget elementor-widget-text-editor\" data-id=\"450932b\" data-element_type=\"widget\" data-widget_type=\"text-editor.default\">\n\t\t\t\t<div class=\"elementor-widget-container\">\n\t\t\t\t\t\t\t\t\t<p>Od roku 1996 EkoWATT posky\u00adtu\u00adje bez\u00adplat\u00adn\u00e9 ener\u00adget\u00adick\u00e9 poraden\u00adstv\u00ed v&nbsp;r\u00e1m\u00adci s\u00edt\u011b&nbsp;<a href=\"http:\/\/www.mpo-efekt.cz\/cz\/ekis\" target=\"_blank\" rel=\"noopener noreferrer\">Ener\u00adget\u00adick\u00ad\u00fdch konzul\u00adta\u010dn\u00edch a&nbsp;infor\u00adma\u010dn\u00edch st\u0159edis\u00adek (EKIS)<\/a>&nbsp;a&nbsp;provozu\u00adje st\u0159edisko EKIS v&nbsp;Praze a&nbsp;v \u010cesk\u00fdch Bud\u011bjovic\u00edch. Je tak\u00e9 provo\u00adzo\u00advatelem spe\u00adcial\u00adi\u00adzo\u00advan\u00e9ho ener\u00adget\u00adick\u00ad\u00e9ho port\u00e1lu&nbsp;<a href=\"http:\/\/www.energetika.cz\/\" target=\"_blank\" rel=\"noopener noreferrer\">www.energetika.cz<\/a>.<\/p><p><strong>Na\u0161e slu\u017e\u00adby vyu\u017e\u00ed\u00adva\u00adj\u00ed nap\u0159\u00edk\u00adlad<\/strong>&nbsp;architek\u00adti a&nbsp;pro\u00adjek\u00adtan\u00adti, st\u00e1t\u00adn\u00ed insti\u00adtuce a&nbsp;neziskov\u00e9 orga\u00adni\u00adzace, m\u011bs\u00adta a&nbsp;obce, \u0161koly a&nbsp;nemoc\u00adnice, v\u00fdzkum\u00adn\u00e9 \u00fastavy, bytov\u00e1 dru\u017est\u00adva a&nbsp;vlast\u00adn\u00ed\u00adci nemovi\u00adtost\u00ed, pod\u00adnikatel\u00e9, firmy, zem\u011bd\u011bl\u00adsk\u00e9 a&nbsp;pr\u016fmyslov\u00e9 pod\u00adniky, zahrani\u010dn\u00ed a&nbsp;mez\u00adin\u00e1rod\u00adn\u00ed insti\u00adtuce a&nbsp;v\u00fdzkum\u00adn\u00e1 cen\u00adtra a&nbsp;tak\u00e9 \u0161irok\u00e1 ve\u0159ejnost.<\/p>\t\t\t\t\t\t\t\t<\/div>\n\t\t\t\t<\/div>\n\t\t\t\t<\/div>\n\t\t\t\t\t<\/div>\n\t\t\t\t<\/div>\n\t\t<div class=\"elementor-element elementor-element-7efa61b e-flex e-con-boxed e-con e-parent\" data-id=\"7efa61b\" data-element_type=\"container\">\n\t\t\t\t\t<div class=\"e-con-inner\">\n\t\t\t\t<div class=\"elementor-element elementor-element-e9267f6 elementor-widget elementor-widget-heading\" data-id=\"e9267f6\" data-element_type=\"widget\" data-widget_type=\"heading.default\">\n\t\t\t\t<div class=\"elementor-widget-container\">\n\t\t\t\t\t<h2 class=\"elementor-heading-title elementor-size-default\">Hlavn\u00ed hodnoty a&nbsp;principy na\u0161\u00ed \u010dinnosti<\/h2>\t\t\t\t<\/div>\n\t\t\t\t<\/div>\n\t\t\t\t\t<\/div>\n\t\t\t\t<\/div>\n\t\t<div class=\"elementor-element elementor-element-154e27a e-flex e-con-boxed e-con e-parent\" data-id=\"154e27a\" data-element_type=\"container\">\n\t\t\t\t\t<div class=\"e-con-inner\">\n\t\t<div class=\"elementor-element elementor-element-01ae361 e-con-full e-flex e-con e-child\" data-id=\"01ae361\" data-element_type=\"container\" data-settings=\"{&quot;background_background&quot;:&quot;classic&quot;}\">\n\t\t\t\t<div class=\"elementor-element elementor-element-9d37479 elementor-widget elementor-widget-ucaddon_list\" data-id=\"9d37479\" data-element_type=\"widget\" data-widget_type=\"ucaddon_list.default\">\n\t\t\t\t<div class=\"elementor-widget-container\">\n\t\t\t\t\t\n<!-- start List -->\n\t\t<link id=\"font-awesome-css\" href=\"https:\/\/ekowatt.cz\/wp-content\/plugins\/unlimited-elements-for-elementor\/assets_libraries\/font-awesome6\/fontawesome-all.min.css\" type=\"text\/css\" rel=\"stylesheet\">\n\t\t<link id=\"font-awesome-4-shim-css\" href=\"https:\/\/ekowatt.cz\/wp-content\/plugins\/unlimited-elements-for-elementor\/assets_libraries\/font-awesome6\/fontawesome-v4-shims.min.css\" type=\"text\/css\" rel=\"stylesheet\">\n\n<style>\/* widget: List *\/\n\n\n\n#uc_list_elementor_9d37479{\n  display:grid;\n  position:relative;\n}\n\n#uc_list_elementor_9d37479 .ue-list-item\n{\n  display:flex;\n}\n\n#uc_list_elementor_9d37479 .ue-list-item-title{\n  display:flex;\n  align-items: center;\n} \n\n#uc_list_elementor_9d37479 .ue-list-item-image img\n{\n  max-width:100%;\n}\n#uc_list_elementor_9d37479 .ue-list-item-text *{\n  margin-bottom:0px;\n}\n\n#uc_list_elementor_9d37479 .ue-list-item-index\n{\n  flex-grow:0;\n  flex-shrink:0;\n  display:flex;\n  align-items:center;\n  justify-content:center;\n  line-height:1em;\n}\n\n#uc_list_elementor_9d37479 .ue-list-item-index svg\n{\n  height:1em;\n  width:1em;\n}\n\n#uc_list_elementor_9d37479 .ue-list-item-content\n{\n  flex-grow:1;\n}\n.ue_badge{\n  font-size:13px;\n}\n\n<\/style>\n\n<div id=\"uc_list_elementor_9d37479\" class=\"ue-list uc-items-wrapper  \">\n  <div class=\"ue-list-item elementor-repeater-item-b96f899\">\n  <div class=\"ue-list-item-index\">\n      1&nbsp;<\/div>\n  <div class=\"ue-list-item-content\">\n      <h4 class=\"ue-list-item-title\">Nestrannosti a&nbsp;nez\u00e1vislost&nbsp;<\/h4>\n          <div class=\"ue-list-item-text\"><p>Poraden\u00adsk\u00adou a&nbsp;expert\u00adn\u00ed \u010din\u00adnost posky\u00adtu\u00adjeme nez\u00e1visle na komer\u010dn\u00edch fir\u00adm\u00e1ch, neup\u0159ed\u00adnos\u00adt\u0148u\u00adjeme \u017e\u00e1d\u00adn\u00e9ho z&nbsp;v\u00fdrobc\u016f \u010di prode\u00adjc\u016f tech\u00adnologi\u00ed, \u0159\u00edd\u00edme se v\u00fdhrad\u00adn\u011b odborn\u00fdm hlediskem.<\/p><\/div>             <\/div>\n<\/div>\n<div class=\"ue-list-item elementor-repeater-item-fe883c4\">\n  <div class=\"ue-list-item-index\">\n      2&nbsp;<\/div>\n  <div class=\"ue-list-item-content\">\n      <h4 class=\"ue-list-item-title\">Odbornost, profesionalita a&nbsp;spolehlivost&nbsp;<\/h4>\n          <div class=\"ue-list-item-text\"><p>Db\u00e1me na vysok\u00adou kval\u00adi\u00adfikaci <a href=\"http:\/\/www.leed.cz\/nas-tym\/\" target=\"_blank\" rel=\"noopener noreferrer\">na\u0161ich pra\u00adcov\u00adn\u00edk\u016f<\/a>, odborn\u00e9 znalosti a&nbsp;zku\u0161enos\u00adti, kval\u00adi\u00adtu pr\u00e1ce a&nbsp;sous\u00adtavn\u00e9 a&nbsp;sys\u00adtem\u00adat\u00adick\u00e9 vzd\u011bl\u00e1v\u00e1n\u00ed a&nbsp;z\u00edsk\u00e1v\u00e1n\u00ed nejnov\u011bj\u0161\u00edch infor\u00adma\u00adc\u00ed a&nbsp;poz\u00adnatk\u016f v&nbsp;oboru.<\/p><\/div>             <\/div>\n<\/div>\n<div class=\"ue-list-item elementor-repeater-item-954f5da\">\n  <div class=\"ue-list-item-index\">\n      3&nbsp;<\/div>\n  <div class=\"ue-list-item-content\">\n      <h4 class=\"ue-list-item-title\">Inovace \n                  <\/h4>\n          <div class=\"ue-list-item-text\"><p>P\u0159ich\u00e1z\u00edme s&nbsp;ino\u00adv\u00ada\u00adtivn\u00ed\u00admi n\u00e1vrhy a&nbsp;p\u0159\u00eds\u00adtupy, real\u00adizu\u00adjeme zcela nov\u00e9 pro\u00adjek\u00adty a&nbsp;v\u00fdzkum\u00adn\u00e9 z\u00e1m\u011bry.<\/p><\/div>             <\/div>\n<\/div>\n<div class=\"ue-list-item elementor-repeater-item-db90996\">\n  <div class=\"ue-list-item-index\">\n      4&nbsp;<\/div>\n  <div class=\"ue-list-item-content\">\n      <h4 class=\"ue-list-item-title\">Vnit\u0159n\u00ed kultura a&nbsp;kvalitn\u00ed fungov\u00e1n\u00ed organizace&nbsp;<\/h4>\n          <div class=\"ue-list-item-text\"><p>EkoWATT CZ s. r. o. je dr\u017eitelem cer\u00adti\u00adfik\u00e1\u00adtu jakosti&nbsp;<strong>ISO&nbsp;9001<\/strong>.<\/p><\/div>             <\/div>\n<\/div>\n<div class=\"ue-list-item elementor-repeater-item-f7f5517\">\n  <div class=\"ue-list-item-index\">\n      5&nbsp;<\/div>\n  <div class=\"ue-list-item-content\">\n      <h4 class=\"ue-list-item-title\">Principy environment\u00e1ln\u00edho managementu a&nbsp;udr\u017eiteln\u00e9 spot\u0159eby&nbsp;<\/h4>\n          <div class=\"ue-list-item-text\"><p>V roce 2007 se EkoWATT CZ s. r. o. stal dr\u017eitelem cer\u00adti\u00adfik\u00e1\u00adtu <strong>ISO&nbsp;14001<\/strong>.<\/p><\/div>             <\/div>\n<\/div>\n<div class=\"ue-list-item elementor-repeater-item-5e700ce\">\n  <div class=\"ue-list-item-index\">\n      6&nbsp;<\/div>\n  <div class=\"ue-list-item-content\">\n      <h4 class=\"ue-list-item-title\">Politika kvality a&nbsp;\u017eivotn\u00edho prost\u0159ed\u00ed&nbsp;<\/h4>\n          <div class=\"ue-list-item-text\"><p>V r\u00e1m\u00adci Sys\u00adt\u00e9\u00admu inte\u00adgrovan\u00e9ho man\u00adaga\u00admen\u00adtu (ISO&nbsp;9001 a&nbsp;ISO&nbsp;14 001) byla veden\u00edm spole\u010dnos\u00adti defi\u00adnov\u00e1\u00adna a&nbsp;schv\u00e1le\u00adna&nbsp;Poli\u00adti\u00adka kval\u00adi\u00adty a&nbsp;\u017eiv\u00adot\u00adn\u00edho prost\u0159ed\u00ed<\/p><\/div>             <\/div>\n<\/div>\n\n<\/div>\n<!-- end List -->\t\t\t\t<\/div>\n\t\t\t\t<\/div>\n\t\t\t\t<\/div>\n\t\t\t\t\t<\/div>\n\t\t\t\t<\/div>\n\t\t<div class=\"elementor-element elementor-element-ce7c07a e-flex e-con-boxed e-con e-parent\" data-id=\"ce7c07a\" data-element_type=\"container\" data-settings=\"{&quot;background_background&quot;:&quot;classic&quot;}\">\n\t\t\t\t\t<div class=\"e-con-inner\">\n\t\t\t\t<div class=\"elementor-element elementor-element-7ec97fc elementor-widget elementor-widget-heading\" data-id=\"7ec97fc\" data-element_type=\"widget\" data-widget_type=\"heading.default\">\n\t\t\t\t<div class=\"elementor-widget-container\">\n\t\t\t\t\t<h2 class=\"elementor-heading-title elementor-size-default\">V roce 1996 EkoWATT obdr\u017eel cenu The Sasakawa Peace Foundation Environmental Award za projekt Ekologizace a&nbsp;optimalizace energetick\u00e9ho hospod\u00e1\u0159stv\u00ed obce Bo\u017e\u00ed&nbsp;Dar.<\/h2>\t\t\t\t<\/div>\n\t\t\t\t<\/div>\n\t\t\t\t\t<\/div>\n\t\t\t\t<\/div>\n\t\t\t\t<\/div>\n\t\t","protected":false},"excerpt":{"rendered":"<p>O EkoWAT\u00adTU EkoWATT je p\u0159ed\u00adn\u00ed \u010desk\u00e1 poraden\u00adsk\u00e1 spole\u010dnost v&nbsp;oblasti ener\u00adgetiky, ekonomiky a&nbsp;\u017eiv\u00adot\u00adn\u00edho prost\u0159ed\u00ed. Zalo\u017ee\u00adna byla v&nbsp;roce 1990 jako nevl\u00e1d\u00adn\u00ed neziskov\u00e1 orga\u00adni\u00adzace (ob\u010dan\u00adsk\u00e9 sdru\u017een\u00ed). Za dobu sv\u00e9ho fun\u00adgov\u00e1n\u00ed se EkoWATT vyv\u00adin\u00adul v&nbsp;pro\u00adfe\u00adsion\u00e1l\u00adn\u00ed poraden\u00adsk\u00adou a&nbsp;expert\u00adn\u00ed spole\u010dnost, jej\u00ed\u017e v\u00fdsled\u00adky jsou oce\u0148ov\u00e1ny v&nbsp;\u010desk\u00e9m i&nbsp;mez\u00adin\u00e1rod\u00adn\u00edm m\u011b\u0159\u00edtku. Na\u0161e poraden\u00adsk\u00e1 st\u0159ediska EKIS pat\u0159\u00ed mezi nej\u00adnav\u0161t\u011bvo\u00advan\u011bj\u0161\u00ed a&nbsp;nejl\u00e9pe hod\u00adno\u00adcen\u00e1 v&nbsp;\u010cR. Na\u0161e vize Viz\u00ed&nbsp;EkoWAT\u00adTu je&nbsp;energetick\u00e1&nbsp;[\u2026]<\/p>\n","protected":false},"author":1,"featured_media":0,"parent":0,"menu_order":0,"comment_status":"closed","ping_status":"closed","template":"","meta":{"wp_typography_post_enhancements_disabled":false,"site-sidebar-layout":"no-sidebar","site-content-layout":"","ast-site-content-layout":"full-width-container","site-content-style":"default","site-sidebar-style":"default","ast-global-header-display":"","ast-banner-title-visibility":"","ast-main-header-display":"","ast-hfb-above-header-display":"","ast-hfb-below-header-display":"","ast-hfb-mobile-header-display":"","site-post-title":"disabled","ast-breadcrumbs-content":"","ast-featured-img":"disabled","footer-sml-layout":"","ast-disable-related-posts":"","theme-transparent-header-meta":"","adv-header-id-meta":"","stick-header-meta":"","header-above-stick-meta":"","header-main-stick-meta":"","header-below-stick-meta":"","astra-migrate-meta-layouts":"default","ast-page-background-enabled":"default","ast-page-background-meta":{"desktop":{"background-color":"var(--ast-global-color-4)","background-image":"","background-repeat":"repeat","background-position":"center center","background-size":"auto","background-attachment":"scroll","background-type":"","background-media":"","overlay-type":"","overlay-color":"","overlay-opacity":"","overlay-gradient":""},"tablet":{"background-color":"","background-image":"","background-repeat":"repeat","background-position":"center center","background-size":"auto","background-attachment":"scroll","background-type":"","background-media":"","overlay-type":"","overlay-color":"","overlay-opacity":"","overlay-gradient":""},"mobile":{"background-color":"","background-image":"","background-repeat":"repeat","background-position":"center center","background-size":"auto","background-attachment":"scroll","background-type":"","background-media":"","overlay-type":"","overlay-color":"","overlay-opacity":"","overlay-gradient":""}},"ast-content-background-meta":{"desktop":{"background-color":"var(--ast-global-color-5)","background-image":"","background-repeat":"repeat","background-position":"center center","background-size":"auto","background-attachment":"scroll","background-type":"","background-media":"","overlay-type":"","overlay-color":"","overlay-opacity":"","overlay-gradient":""},"tablet":{"background-color":"var(--ast-global-color-5)","background-image":"","background-repeat":"repeat","background-position":"center center","background-size":"auto","background-attachment":"scroll","background-type":"","background-media":"","overlay-type":"","overlay-color":"","overlay-opacity":"","overlay-gradient":""},"mobile":{"background-color":"var(--ast-global-color-5)","background-image":"","background-repeat":"repeat","background-position":"center center","background-size":"auto","background-attachment":"scroll","background-type":"","background-media":"","overlay-type":"","overlay-color":"","overlay-opacity":"","overlay-gradient":""}},"footnotes":""},"class_list":["post-390","page","type-page","status-publish","hentry"],"_links":{"self":[{"href":"https:\/\/ekowatt.cz\/index.php\/wp-json\/wp\/v2\/pages\/390","targetHints":{"allow":["GET"]}}],"collection":[{"href":"https:\/\/ekowatt.cz\/index.php\/wp-json\/wp\/v2\/pages"}],"about":[{"href":"https:\/\/ekowatt.cz\/index.php\/wp-json\/wp\/v2\/types\/page"}],"author":[{"embeddable":true,"href":"https:\/\/ekowatt.cz\/index.php\/wp-json\/wp\/v2\/users\/1"}],"replies":[{"embeddable":true,"href":"https:\/\/ekowatt.cz\/index.php\/wp-json\/wp\/v2\/comments?post=390"}],"version-history":[{"count":115,"href":"https:\/\/ekowatt.cz\/index.php\/wp-json\/wp\/v2\/pages\/390\/revisions"}],"predecessor-version":[{"id":2755,"href":"https:\/\/ekowatt.cz\/index.php\/wp-json\/wp\/v2\/pages\/390\/revisions\/2755"}],"wp:attachment":[{"href":"https:\/\/ekowatt.cz\/index.php\/wp-json\/wp\/v2\/media?parent=390"}],"curies":[{"name":"wp","href":"https:\/\/api.w.org\/{rel}","templated":true}]}}