{"id":622,"date":"2023-12-12T10:20:24","date_gmt":"2023-12-12T10:20:24","guid":{"rendered":"https:\/\/new.ekowatt.cz\/?page_id=622"},"modified":"2026-02-24T11:40:38","modified_gmt":"2026-02-24T11:40:38","slug":"energeticke-audity-a-posudky","status":"publish","type":"page","link":"https:\/\/ekowatt.cz\/index.php\/energeticke-audity-a-posudky\/","title":{"rendered":"Energetick\u00e9 audity a&nbsp;posudky"},"content":{"rendered":"\t\t<div data-elementor-type=\"wp-page\" data-elementor-id=\"622\" class=\"elementor elementor-622\">\n\t\t\t\t<div class=\"elementor-element elementor-element-864fb6c e-flex e-con-boxed e-con e-parent\" data-id=\"864fb6c\" data-element_type=\"container\" data-settings=\"{&quot;background_background&quot;:&quot;classic&quot;}\">\n\t\t\t\t\t<div class=\"e-con-inner\">\n\t\t<div class=\"elementor-element elementor-element-da4bf76 e-con-full e-flex e-con e-child\" data-id=\"da4bf76\" data-element_type=\"container\" data-settings=\"{&quot;background_background&quot;:&quot;classic&quot;}\">\n\t\t\t\t<div class=\"elementor-element elementor-element-d281274 elementor-widget elementor-widget-image\" data-id=\"d281274\" data-element_type=\"widget\" data-widget_type=\"image.default\">\n\t\t\t\t<div class=\"elementor-widget-container\">\n\t\t\t\t\t\t\t\t\t\t\t\t\t\t\t<img loading=\"lazy\" decoding=\"async\" width=\"466\" height=\"464\" src=\"https:\/\/ekowatt.cz\/wp-content\/uploads\/2023\/12\/220721-1551-c03-podzim-image-by-negativ_727x464_8-1.png\" class=\"attachment-full size-full wp-image-677\" alt srcset=\"https:\/\/ekowatt.cz\/wp-content\/uploads\/2023\/12\/220721-1551-c03-podzim-image-by-negativ_727x464_8-1.png 466w, https:\/\/ekowatt.cz\/wp-content\/uploads\/2023\/12\/220721-1551-c03-podzim-image-by-negativ_727x464_8-1-300x300.png 300w, https:\/\/ekowatt.cz\/wp-content\/uploads\/2023\/12\/220721-1551-c03-podzim-image-by-negativ_727x464_8-1-150x150.png 150w\" sizes=\"(max-width: 466px) 100vw, 466px\">\t\t\t\t\t\t\t\t\t\t\t\t\t\t\t<\/div>\n\t\t\t\t<\/div>\n\t\t\t\t<\/div>\n\t\t<div class=\"elementor-element elementor-element-ef0eaa6 e-con-full e-flex e-con e-child\" data-id=\"ef0eaa6\" data-element_type=\"container\">\n\t\t\t\t<div class=\"elementor-element elementor-element-9d25187 elementor-widget elementor-widget-heading\" data-id=\"9d25187\" data-element_type=\"widget\" data-widget_type=\"heading.default\">\n\t\t\t\t<div class=\"elementor-widget-container\">\n\t\t\t\t\t<h2 class=\"elementor-heading-title elementor-size-default\">Energetick\u00e9 audity a&nbsp;posudky<\/h2>\t\t\t\t<\/div>\n\t\t\t\t<\/div>\n\t\t\t\t<div class=\"elementor-element elementor-element-6fa1827 elementor-widget elementor-widget-text-editor\" data-id=\"6fa1827\" data-element_type=\"widget\" data-widget_type=\"text-editor.default\">\n\t\t\t\t<div class=\"elementor-widget-container\">\n\t\t\t\t\t\t\t\t\t<p>Ener\u00adget\u00adick\u00fd audit je pro\u00adces sni\u017eov\u00e1n\u00ed ener\u00adget\u00adick\u00e9 n\u00e1ro\u010dnos\u00adti pomoc\u00ed ener\u00adget\u00adicky \u00fasporn\u00fdch opat\u0159en\u00ed. Opat\u0159en\u00ed se ses\u00adtav\u00ed do smyslu\u00adpln\u00fdch vari\u00adant, kter\u00e9 se porov\u00adna\u00adj\u00ed a&nbsp;vyhod\u00adnot\u00ed. Zjednodu\u0161e\u00adnou verz\u00ed je p\u0159ehled ener\u00adget\u00adicky efek\u00adtivn\u00edch opat\u0159en\u00ed (Ener\u00adgy Effi\u00adcien\u00adcy Retro\u00adfit Sur\u00advey (EERS)), kter\u00fd m\u00eds\u00adto bilan\u010dn\u00ed metody vyu\u017e\u00edv\u00e1 m\u011brn\u00fdch \u010d\u00edsel.<\/p>\t\t\t\t\t\t\t\t<\/div>\n\t\t\t\t<\/div>\n\t\t\t\t<div class=\"elementor-element elementor-element-27a9349 elementor-widget elementor-widget-button\" data-id=\"27a9349\" data-element_type=\"widget\" data-widget_type=\"button.default\">\n\t\t\t\t<div class=\"elementor-widget-container\">\n\t\t\t\t\t\t\t\t\t<div class=\"elementor-button-wrapper\">\n\t\t\t\t\t<a class=\"elementor-button elementor-button-link elementor-size-sm\" href=\"https:\/\/ekowatt.cz\/index.php\/sluzby\/\">\n\t\t\t\t\t\t<span class=\"elementor-button-content-wrapper\">\n\t\t\t\t\t\t\t\t\t<span class=\"elementor-button-text\">V\u0161ech\u00adny slu\u017eby<\/span>\n\t\t\t\t\t<\/span>\n\t\t\t\t\t<\/a>\n\t\t\t\t<\/div>\n\t\t\t\t\t\t\t\t<\/div>\n\t\t\t\t<\/div>\n\t\t\t\t<\/div>\n\t\t\t\t\t<\/div>\n\t\t\t\t<\/div>\n\t\t<div class=\"elementor-element elementor-element-bb387df e-flex e-con-boxed e-con e-parent\" data-id=\"bb387df\" data-element_type=\"container\" data-settings=\"{&quot;background_background&quot;:&quot;classic&quot;}\">\n\t\t\t\t\t<div class=\"e-con-inner\">\n\t\t\t\t<div class=\"elementor-element elementor-element-2e89463 elementor-widget elementor-widget-heading\" data-id=\"2e89463\" data-element_type=\"widget\" data-widget_type=\"heading.default\">\n\t\t\t\t<div class=\"elementor-widget-container\">\n\t\t\t\t\t<h2 class=\"elementor-heading-title elementor-size-default\">Na\u0161e pr\u00e1ce<\/h2>\t\t\t\t<\/div>\n\t\t\t\t<\/div>\n\t\t\t\t<div class=\"elementor-element elementor-element-5ed36c7f elementor-widget elementor-widget-ucaddon_post_blocks\" data-id=\"5ed36c7f\" data-element_type=\"widget\" data-widget_type=\"ucaddon_post_blocks.default\">\n\t\t\t\t<div class=\"elementor-widget-container\">\n\t\t\t\t\t\n<!-- start Post Blocks -->\n\t\t<link id=\"font-awesome-css\" href=\"https:\/\/ekowatt.cz\/wp-content\/plugins\/unlimited-elements-for-elementor\/assets_libraries\/font-awesome6\/fontawesome-all.min.css\" type=\"text\/css\" rel=\"stylesheet\">\n\t\t<link id=\"font-awesome-4-shim-css\" href=\"https:\/\/ekowatt.cz\/wp-content\/plugins\/unlimited-elements-for-elementor\/assets_libraries\/font-awesome6\/fontawesome-v4-shims.min.css\" type=\"text\/css\" rel=\"stylesheet\">\n\n<style>\/* widget: Post Blocks *\/\n\n\n\n#uc_post_blocks_elementor_5ed36c7f {\n    display:grid;\n}\n#uc_post_blocks_elementor_5ed36c7f .ue_post_blocks_box\n{\n  overflow:hidden;\n}\n\n#uc_post_blocks_elementor_5ed36c7f .ue_post_blocks_image\n{\n  overflow:hidden;\n}\n#uc_post_blocks_elementor_5ed36c7f .ue_post_blocks_image img\n{\n  width:100%;\n  display:block;\n}\n#uc_post_blocks_elementor_5ed36c7f .ue_post_blocks_link a\n{\n  display:inline-block;\n  text-decoration:none;\n  text-align:center;\n}\n\n\n#uc_post_blocks_elementor_5ed36c7f .ue-grid-item-meta-data\n{\n  display:inlin-flex;\n  flex-wrap: wrap;\n}\n\n.ue-grid-item-meta-data\n{\n  font-size:12px;\n}\n\n#uc_post_blocks_elementor_5ed36c7f .ue-grid-item-meta-data-icon\n{\n  line-height:1em;\n}\n\n#uc_post_blocks_elementor_5ed36c7f .ue-grid-item-meta-data-icon svg\n{\n  width:1em;\n  height:1em;\n}\n\n#uc_post_blocks_elementor_5ed36c7f .ue_post_blocks_box{\n  display: flex;\n  flex-direction: column;\n}\n#uc_post_blocks_elementor_5ed36c7f .ue_post_blocks_content{\n display: flex; flex-grow: 1;\n flex-direction: column;\n}\n#uc_post_blocks_elementor_5ed36c7f .ue_post_blocks_link{ margin-top: auto;\n}\n\n.ue-grid-item-category a\n{\n  display:inline-block;\n  font-size:10px;\n  text-transform:uppercase;\n}\n\n\n\n\n<\/style>\n\n<div id=\"uc_post_blocks_elementor_5ed36c7f\" class=\"ue_post_blocks uc-items-wrapper \">\n    <div class=\"ue_post_blocks_box\">\n    <div class=\"ue_post_blocks_image\">\n    <a href=\"https:\/\/ekowatt.cz\/index.php\/2023\/12\/18\/jungmannova-plaza\/\" style=\"display:block;\"><img loading=\"lazy\" decoding=\"async\" src=\"https:\/\/ekowatt.cz\/wp-content\/uploads\/2023\/12\/blog-3.png\" alt=\"blog 3\" width=\"420\" height=\"280\"><\/a>\n  <\/div>\n    <div class=\"ue_post_blocks_content\">\n      \n     \n         \n    <div class=\"ue_post_blocks_title\"><a href=\"https:\/\/ekowatt.cz\/index.php\/2023\/12\/18\/jungmannova-plaza\/\">Jung\u00adman\u00adno\u00adva&nbsp;Plaza<\/a><\/div>    \n        \n    \n    <div class=\"ue_post_blocks_text\">Jung\u00adman\u00adno\u00adva Plaza\n\n\n\n\n\n\nVe studii \u00faspor pro rozs\u00e1h\u00adl\u00fd kancel\u00e1\u0159sk\u00fd\u2026<\/div>        \t<div class=\"ue_post_blocks_link\">\n          <a class=\" \" href=\"https:\/\/ekowatt.cz\/index.php\/2023\/12\/18\/jungmannova-plaza\/\">\u010c\u00edst v\u00edce<\/a>\n    \t<\/div>\n      <\/div>\n<\/div>\n<div class=\"ue_post_blocks_box\">\n    <div class=\"ue_post_blocks_image\">\n    <a href=\"https:\/\/ekowatt.cz\/index.php\/2023\/12\/18\/florenc-office-center\/\" style=\"display:block;\"><img loading=\"lazy\" decoding=\"async\" src=\"https:\/\/ekowatt.cz\/wp-content\/uploads\/2023\/12\/blog-1.png\" alt=\"blog 1\" width=\"420\" height=\"280\"><\/a>\n  <\/div>\n    <div class=\"ue_post_blocks_content\">\n      \n     \n         \n    <div class=\"ue_post_blocks_title\"><a href=\"https:\/\/ekowatt.cz\/index.php\/2023\/12\/18\/florenc-office-center\/\">Flo\u00adrenc Office Center<\/a><\/div>    \n        \n    \n    <div class=\"ue_post_blocks_text\">Flo\u00adrenc Office Cen\u00adter\n\n\n\n\n\n\nS&nbsp;klien\u00adtem jsme se zam\u011b\u0159ili hlavn\u011b\u2026<\/div>        \t<div class=\"ue_post_blocks_link\">\n          <a class=\" \" href=\"https:\/\/ekowatt.cz\/index.php\/2023\/12\/18\/florenc-office-center\/\">\u010c\u00edst v\u00edce<\/a>\n    \t<\/div>\n      <\/div>\n<\/div>\n<div class=\"ue_post_blocks_box\">\n    <div class=\"ue_post_blocks_image\">\n    <a href=\"https:\/\/ekowatt.cz\/index.php\/2023\/12\/18\/ikea-a-avion-shopping-parky\/\" style=\"display:block;\"><img loading=\"lazy\" decoding=\"async\" src=\"https:\/\/ekowatt.cz\/wp-content\/uploads\/2023\/12\/blog-2.png\" alt=\"blog 2\" width=\"420\" height=\"280\"><\/a>\n  <\/div>\n    <div class=\"ue_post_blocks_content\">\n      \n     \n         \n    <div class=\"ue_post_blocks_title\"><a href=\"https:\/\/ekowatt.cz\/index.php\/2023\/12\/18\/ikea-a-avion-shopping-parky\/\">IKEA a&nbsp;Avion Shop\u00adping&nbsp;Parky<\/a><\/div>    \n        \n    \n    <div class=\"ue_post_blocks_text\">IKEA a&nbsp;Avion Shop\u00adping Parky\n\n\n\n\n\n\nEner\u00adget\u00adick\u00e9 audity\u2026<\/div>        \t<div class=\"ue_post_blocks_link\">\n          <a class=\" \" href=\"https:\/\/ekowatt.cz\/index.php\/2023\/12\/18\/ikea-a-avion-shopping-parky\/\">\u010c\u00edst v\u00edce<\/a>\n    \t<\/div>\n      <\/div>\n<\/div>\n\n<\/div>\n<!-- end Post Blocks -->\t\t\t\t<\/div>\n\t\t\t\t<\/div>\n\t\t\t\t<div class=\"elementor-element elementor-element-12eb22bf elementor-align-center elementor-widget elementor-widget-button\" data-id=\"12eb22bf\" data-element_type=\"widget\" data-widget_type=\"button.default\">\n\t\t\t\t<div class=\"elementor-widget-container\">\n\t\t\t\t\t\t\t\t\t<div class=\"elementor-button-wrapper\">\n\t\t\t\t\t<a class=\"elementor-button elementor-button-link elementor-size-sm\" href=\"https:\/\/ekowatt.cz\/index.php\/reference\/\">\n\t\t\t\t\t\t<span class=\"elementor-button-content-wrapper\">\n\t\t\t\t\t\t\t\t\t<span class=\"elementor-button-text\">V\u0161ech\u00adny reference<\/span>\n\t\t\t\t\t<\/span>\n\t\t\t\t\t<\/a>\n\t\t\t\t<\/div>\n\t\t\t\t\t\t\t\t<\/div>\n\t\t\t\t<\/div>\n\t\t\t\t\t<\/div>\n\t\t\t\t<\/div>\n\t\t<div class=\"elementor-element elementor-element-2dbf0ccd e-flex e-con-boxed e-con e-parent\" data-id=\"2dbf0ccd\" data-element_type=\"container\" data-settings=\"{&quot;background_background&quot;:&quot;classic&quot;}\">\n\t\t\t\t\t<div class=\"e-con-inner\">\n\t\t\t\t<div class=\"elementor-element elementor-element-36b3e205 elementor-widget elementor-widget-heading\" data-id=\"36b3e205\" data-element_type=\"widget\" data-widget_type=\"heading.default\">\n\t\t\t\t<div class=\"elementor-widget-container\">\n\t\t\t\t\t<h2 class=\"elementor-heading-title elementor-size-default\">M\u00e1te z\u00e1jem o&nbsp;na\u0161e slu\u017eby?<\/h2>\t\t\t\t<\/div>\n\t\t\t\t<\/div>\n\t\t\t\t<div class=\"elementor-element elementor-element-35a45a42 elementor-widget elementor-widget-text-editor\" data-id=\"35a45a42\" data-element_type=\"widget\" data-widget_type=\"text-editor.default\">\n\t\t\t\t<div class=\"elementor-widget-container\">\n\t\t\t\t\t\t\t\t\t<p>Napi\u0161te n\u00e1m nebo zav\u00adole\u00adjte, r\u00e1di v\u00e1m pom\u016f\u017eeme.<\/p>\t\t\t\t\t\t\t\t<\/div>\n\t\t\t\t<\/div>\n\t\t\t\t<div class=\"elementor-element elementor-element-b2194c5 elementor-align-center elementor-widget elementor-widget-button\" data-id=\"b2194c5\" data-element_type=\"widget\" data-widget_type=\"button.default\">\n\t\t\t\t<div class=\"elementor-widget-container\">\n\t\t\t\t\t\t\t\t\t<div class=\"elementor-button-wrapper\">\n\t\t\t\t\t<a class=\"elementor-button elementor-button-link elementor-size-sm\" href=\"https:\/\/ekowatt.cz\/index.php\/kontakt\/\">\n\t\t\t\t\t\t<span class=\"elementor-button-content-wrapper\">\n\t\t\t\t\t\t\t\t\t<span class=\"elementor-button-text\">Kon\u00adtakt<\/span>\n\t\t\t\t\t<\/span>\n\t\t\t\t\t<\/a>\n\t\t\t\t<\/div>\n\t\t\t\t\t\t\t\t<\/div>\n\t\t\t\t<\/div>\n\t\t\t\t\t<\/div>\n\t\t\t\t<\/div>\n\t\t\t\t<\/div>\n\t\t","protected":false},"excerpt":{"rendered":"<p>Ener\u00adget\u00adick\u00e9 audi\u00adty a&nbsp;posud\u00adky Ener\u00adget\u00adick\u00fd audit je pro\u00adces sni\u017eov\u00e1n\u00ed ener\u00adget\u00adick\u00e9 n\u00e1ro\u010dnos\u00adti pomoc\u00ed ener\u00adget\u00adicky \u00fasporn\u00fdch opat\u0159en\u00ed. Opat\u0159en\u00ed se ses\u00adtav\u00ed do smyslu\u00adpln\u00fdch vari\u00adant, kter\u00e9 se porov\u00adna\u00adj\u00ed a&nbsp;vyhod\u00adnot\u00ed. Zjednodu\u0161e\u00adnou verz\u00ed je p\u0159ehled ener\u00adget\u00adicky efek\u00adtivn\u00edch opat\u0159en\u00ed (Ener\u00adgy Effi\u00adcien\u00adcy Retro\u00adfit Sur\u00advey (EERS)), kter\u00fd m\u00eds\u00adto bilan\u010dn\u00ed metody vyu\u017e\u00edv\u00e1 m\u011brn\u00fdch \u010d\u00edsel. V\u0161ech\u00adny slu\u017e\u00adby Na\u0161e pr\u00e1ce Jung\u00adman\u00adno\u00adva&nbsp;Plaza Jung\u00adman\u00adno\u00adva&nbsp;Plaza Ve studii \u00faspor pro rozs\u00e1h\u00adl\u00fd kancel\u00e1\u0159sk\u00fd\u2026&nbsp;[\u2026]<\/p>\n","protected":false},"author":1,"featured_media":0,"parent":0,"menu_order":0,"comment_status":"closed","ping_status":"closed","template":"","meta":{"wp_typography_post_enhancements_disabled":false,"site-sidebar-layout":"no-sidebar","site-content-layout":"","ast-site-content-layout":"full-width-container","site-content-style":"default","site-sidebar-style":"default","ast-global-header-display":"","ast-banner-title-visibility":"","ast-main-header-display":"","ast-hfb-above-header-display":"","ast-hfb-below-header-display":"","ast-hfb-mobile-header-display":"","site-post-title":"disabled","ast-breadcrumbs-content":"","ast-featured-img":"disabled","footer-sml-layout":"","ast-disable-related-posts":"","theme-transparent-header-meta":"","adv-header-id-meta":"","stick-header-meta":"","header-above-stick-meta":"","header-main-stick-meta":"","header-below-stick-meta":"","astra-migrate-meta-layouts":"default","ast-page-background-enabled":"default","ast-page-background-meta":{"desktop":{"background-color":"var(--ast-global-color-4)","background-image":"","background-repeat":"repeat","background-position":"center center","background-size":"auto","background-attachment":"scroll","background-type":"","background-media":"","overlay-type":"","overlay-color":"","overlay-opacity":"","overlay-gradient":""},"tablet":{"background-color":"","background-image":"","background-repeat":"repeat","background-position":"center center","background-size":"auto","background-attachment":"scroll","background-type":"","background-media":"","overlay-type":"","overlay-color":"","overlay-opacity":"","overlay-gradient":""},"mobile":{"background-color":"","background-image":"","background-repeat":"repeat","background-position":"center center","background-size":"auto","background-attachment":"scroll","background-type":"","background-media":"","overlay-type":"","overlay-color":"","overlay-opacity":"","overlay-gradient":""}},"ast-content-background-meta":{"desktop":{"background-color":"var(--ast-global-color-5)","background-image":"","background-repeat":"repeat","background-position":"center center","background-size":"auto","background-attachment":"scroll","background-type":"","background-media":"","overlay-type":"","overlay-color":"","overlay-opacity":"","overlay-gradient":""},"tablet":{"background-color":"var(--ast-global-color-5)","background-image":"","background-repeat":"repeat","background-position":"center center","background-size":"auto","background-attachment":"scroll","background-type":"","background-media":"","overlay-type":"","overlay-color":"","overlay-opacity":"","overlay-gradient":""},"mobile":{"background-color":"var(--ast-global-color-5)","background-image":"","background-repeat":"repeat","background-position":"center center","background-size":"auto","background-attachment":"scroll","background-type":"","background-media":"","overlay-type":"","overlay-color":"","overlay-opacity":"","overlay-gradient":""}},"footnotes":""},"class_list":["post-622","page","type-page","status-publish","hentry"],"_links":{"self":[{"href":"https:\/\/ekowatt.cz\/index.php\/wp-json\/wp\/v2\/pages\/622","targetHints":{"allow":["GET"]}}],"collection":[{"href":"https:\/\/ekowatt.cz\/index.php\/wp-json\/wp\/v2\/pages"}],"about":[{"href":"https:\/\/ekowatt.cz\/index.php\/wp-json\/wp\/v2\/types\/page"}],"author":[{"embeddable":true,"href":"https:\/\/ekowatt.cz\/index.php\/wp-json\/wp\/v2\/users\/1"}],"replies":[{"embeddable":true,"href":"https:\/\/ekowatt.cz\/index.php\/wp-json\/wp\/v2\/comments?post=622"}],"version-history":[{"count":118,"href":"https:\/\/ekowatt.cz\/index.php\/wp-json\/wp\/v2\/pages\/622\/revisions"}],"predecessor-version":[{"id":2773,"href":"https:\/\/ekowatt.cz\/index.php\/wp-json\/wp\/v2\/pages\/622\/revisions\/2773"}],"wp:attachment":[{"href":"https:\/\/ekowatt.cz\/index.php\/wp-json\/wp\/v2\/media?parent=622"}],"curies":[{"name":"wp","href":"https:\/\/api.w.org\/{rel}","templated":true}]}}