{"id":624,"date":"2023-12-12T10:20:37","date_gmt":"2023-12-12T10:20:37","guid":{"rendered":"https:\/\/new.ekowatt.cz\/?page_id=624"},"modified":"2026-02-24T11:40:47","modified_gmt":"2026-02-24T11:40:47","slug":"certifikace-budov-leed-breeam-well-dgnb","status":"publish","type":"page","link":"https:\/\/ekowatt.cz\/index.php\/certifikace-budov-leed-breeam-well-dgnb\/","title":{"rendered":"Certifikace budov LEED, BREEAM, WELL,&nbsp;DGNB"},"content":{"rendered":"\t\t<div data-elementor-type=\"wp-page\" data-elementor-id=\"624\" class=\"elementor elementor-624\">\n\t\t\t\t<div class=\"elementor-element elementor-element-17381168 e-flex e-con-boxed e-con e-parent\" data-id=\"17381168\" data-element_type=\"container\" data-settings=\"{&quot;background_background&quot;:&quot;classic&quot;}\">\n\t\t\t\t\t<div class=\"e-con-inner\">\n\t\t<div class=\"elementor-element elementor-element-3f0607a7 e-con-full e-flex e-con e-child\" data-id=\"3f0607a7\" data-element_type=\"container\" data-settings=\"{&quot;background_background&quot;:&quot;classic&quot;}\">\n\t\t\t\t<div class=\"elementor-element elementor-element-27b31789 elementor-widget elementor-widget-image\" data-id=\"27b31789\" data-element_type=\"widget\" data-widget_type=\"image.default\">\n\t\t\t\t<div class=\"elementor-widget-container\">\n\t\t\t\t\t\t\t\t\t\t\t\t\t\t\t<img loading=\"lazy\" decoding=\"async\" width=\"1080\" height=\"1340\" src=\"https:\/\/ekowatt.cz\/wp-content\/uploads\/2023\/12\/novy-rohan-2.jpg\" class=\"attachment-full size-full wp-image-900\" alt srcset=\"https:\/\/ekowatt.cz\/wp-content\/uploads\/2023\/12\/novy-rohan-2.jpg 1080w, https:\/\/ekowatt.cz\/wp-content\/uploads\/2023\/12\/novy-rohan-2-242x300.jpg 242w, https:\/\/ekowatt.cz\/wp-content\/uploads\/2023\/12\/novy-rohan-2-825x1024.jpg 825w, https:\/\/ekowatt.cz\/wp-content\/uploads\/2023\/12\/novy-rohan-2-768x953.jpg 768w\" sizes=\"(max-width: 1080px) 100vw, 1080px\">\t\t\t\t\t\t\t\t\t\t\t\t\t\t\t<\/div>\n\t\t\t\t<\/div>\n\t\t\t\t<\/div>\n\t\t<div class=\"elementor-element elementor-element-1215f766 e-con-full e-flex e-con e-child\" data-id=\"1215f766\" data-element_type=\"container\">\n\t\t\t\t<div class=\"elementor-element elementor-element-68fe3b4d elementor-widget elementor-widget-heading\" data-id=\"68fe3b4d\" data-element_type=\"widget\" data-widget_type=\"heading.default\">\n\t\t\t\t<div class=\"elementor-widget-container\">\n\t\t\t\t\t<h2 class=\"elementor-heading-title elementor-size-default\">Certifikace budov LEED, BREEAM, WELL,&nbsp;DGNB<\/h2>\t\t\t\t<\/div>\n\t\t\t\t<\/div>\n\t\t\t\t<div class=\"elementor-element elementor-element-7968f610 elementor-widget elementor-widget-text-editor\" data-id=\"7968f610\" data-element_type=\"widget\" data-widget_type=\"text-editor.default\">\n\t\t\t\t<div class=\"elementor-widget-container\">\n\t\t\t\t\t\t\t\t\t<p>Cer\u00adti\u00adfikace budov LEED, BREEAM, WELL, DGNB, SBTool\u00adCZ: Envi\u00adron\u00admen\u00adt\u00e1l\u00adn\u00ed cer\u00adti\u00adfikace jsou vyj\u00e1d\u0159en\u00edm a&nbsp;potvrzen\u00edm mimo\u0159\u00e1d\u00adn\u00fdch vlast\u00adnos\u00adt\u00ed budovy. Hod\u00adnot\u00ed, jak budo\u00adva p\u016fsob\u00ed na okol\u00ed a&nbsp;sv\u00e9 u\u017ei\u00advatele b\u011bhem cel\u00e9 sv\u00e9 exis\u00adtence.<br>Budovy s&nbsp;vy\u0161\u0161\u00edm hod\u00adno\u00adcen\u00edm maj\u00ed ni\u017e\u0161\u00ed dopady na \u017eiv\u00adot\u00adn\u00ed prost\u0159ed\u00ed, vy\u0161\u0161\u00ed efek\u00adtiv\u00adi\u00adtu zam\u011bst\u00adnanc\u016f a&nbsp;ni\u017e\u0161\u00ed provozn\u00ed a&nbsp;ostat\u00adn\u00ed sou\u00advise\u00adj\u00edc\u00ed n\u00e1k\u00adla\u00addy. Podle sta\u00adtis\u00adtik maj\u00ed min\u00adim\u00e1l\u00adn\u011b o&nbsp;16&nbsp;% vy\u0161\u0161\u00ed ceny p\u0159i prode\u00adji \u010di pron\u00e1j\u00admu a&nbsp;o 2&nbsp;dny ni\u017e\u0161\u00ed pr\u016fm\u011brnou ro\u010dn\u00ed nemoc\u00adnost zam\u011bstnanc\u016f.<\/p><p><strong>V\u00edce o&nbsp;cer\u00adti\u00adfikac\u00edch zde:&nbsp;<a href=\"http:\/\/www.leed.cz\/\">www.leed.cz<\/a><\/strong><\/p>\t\t\t\t\t\t\t\t<\/div>\n\t\t\t\t<\/div>\n\t\t\t\t<div class=\"elementor-element elementor-element-c3a709a elementor-widget elementor-widget-button\" data-id=\"c3a709a\" data-element_type=\"widget\" data-widget_type=\"button.default\">\n\t\t\t\t<div class=\"elementor-widget-container\">\n\t\t\t\t\t\t\t\t\t<div class=\"elementor-button-wrapper\">\n\t\t\t\t\t<a class=\"elementor-button elementor-button-link elementor-size-sm\" href=\"https:\/\/ekowatt.cz\/index.php\/sluzby\/\">\n\t\t\t\t\t\t<span class=\"elementor-button-content-wrapper\">\n\t\t\t\t\t\t\t\t\t<span class=\"elementor-button-text\">V\u0161ech\u00adny slu\u017eby<\/span>\n\t\t\t\t\t<\/span>\n\t\t\t\t\t<\/a>\n\t\t\t\t<\/div>\n\t\t\t\t\t\t\t\t<\/div>\n\t\t\t\t<\/div>\n\t\t\t\t<\/div>\n\t\t\t\t\t<\/div>\n\t\t\t\t<\/div>\n\t\t<div class=\"elementor-element elementor-element-4768cee3 e-flex e-con-boxed e-con e-parent\" data-id=\"4768cee3\" data-element_type=\"container\" data-settings=\"{&quot;background_background&quot;:&quot;classic&quot;}\">\n\t\t\t\t\t<div class=\"e-con-inner\">\n\t\t\t\t<div class=\"elementor-element elementor-element-7a7509ac elementor-widget elementor-widget-heading\" data-id=\"7a7509ac\" data-element_type=\"widget\" data-widget_type=\"heading.default\">\n\t\t\t\t<div class=\"elementor-widget-container\">\n\t\t\t\t\t<h2 class=\"elementor-heading-title elementor-size-default\">Na\u0161e pr\u00e1ce<\/h2>\t\t\t\t<\/div>\n\t\t\t\t<\/div>\n\t\t\t\t<div class=\"elementor-element elementor-element-526e2c19 elementor-widget elementor-widget-ucaddon_post_blocks\" data-id=\"526e2c19\" data-element_type=\"widget\" data-widget_type=\"ucaddon_post_blocks.default\">\n\t\t\t\t<div class=\"elementor-widget-container\">\n\t\t\t\t\t\n<!-- start Post Blocks -->\n\t\t<link id=\"font-awesome-css\" href=\"https:\/\/ekowatt.cz\/wp-content\/plugins\/unlimited-elements-for-elementor\/assets_libraries\/font-awesome6\/fontawesome-all.min.css\" type=\"text\/css\" rel=\"stylesheet\">\n\t\t<link id=\"font-awesome-4-shim-css\" href=\"https:\/\/ekowatt.cz\/wp-content\/plugins\/unlimited-elements-for-elementor\/assets_libraries\/font-awesome6\/fontawesome-v4-shims.min.css\" type=\"text\/css\" rel=\"stylesheet\">\n\n<style>\/* widget: Post Blocks *\/\n\n\n\n#uc_post_blocks_elementor_526e2c19 {\n    display:grid;\n}\n#uc_post_blocks_elementor_526e2c19 .ue_post_blocks_box\n{\n  overflow:hidden;\n}\n\n#uc_post_blocks_elementor_526e2c19 .ue_post_blocks_image\n{\n  overflow:hidden;\n}\n#uc_post_blocks_elementor_526e2c19 .ue_post_blocks_image img\n{\n  width:100%;\n  display:block;\n}\n#uc_post_blocks_elementor_526e2c19 .ue_post_blocks_link a\n{\n  display:inline-block;\n  text-decoration:none;\n  text-align:center;\n}\n\n\n#uc_post_blocks_elementor_526e2c19 .ue-grid-item-meta-data\n{\n  display:inlin-flex;\n  flex-wrap: wrap;\n}\n\n.ue-grid-item-meta-data\n{\n  font-size:12px;\n}\n\n#uc_post_blocks_elementor_526e2c19 .ue-grid-item-meta-data-icon\n{\n  line-height:1em;\n}\n\n#uc_post_blocks_elementor_526e2c19 .ue-grid-item-meta-data-icon svg\n{\n  width:1em;\n  height:1em;\n}\n\n#uc_post_blocks_elementor_526e2c19 .ue_post_blocks_box{\n  display: flex;\n  flex-direction: column;\n}\n#uc_post_blocks_elementor_526e2c19 .ue_post_blocks_content{\n display: flex; flex-grow: 1;\n flex-direction: column;\n}\n#uc_post_blocks_elementor_526e2c19 .ue_post_blocks_link{ margin-top: auto;\n}\n\n.ue-grid-item-category a\n{\n  display:inline-block;\n  font-size:10px;\n  text-transform:uppercase;\n}\n\n\n\n\n<\/style>\n\n<div id=\"uc_post_blocks_elementor_526e2c19\" class=\"ue_post_blocks uc-items-wrapper \">\n    <div class=\"ue_post_blocks_box\">\n    <div class=\"ue_post_blocks_image\">\n    <a href=\"https:\/\/ekowatt.cz\/index.php\/2026\/03\/02\/rezidence-cezava-ujezd-u-brna\/\" style=\"display:block;\"><img loading=\"lazy\" decoding=\"async\" src=\"https:\/\/ekowatt.cz\/wp-content\/uploads\/2026\/03\/cezava4-768x411.png\" alt=\"cezava4\" width=\"768\" height=\"411\"><\/a>\n  <\/div>\n    <div class=\"ue_post_blocks_content\">\n      \n     \n         \n    <div class=\"ue_post_blocks_title\"><a href=\"https:\/\/ekowatt.cz\/index.php\/2026\/03\/02\/rezidence-cezava-ujezd-u-brna\/\">Rezi\u00addence C\u00e9za\u00adva, \u00dajezd u&nbsp;Brna, BREEAM In-Use, cer\u00adti\u00adfikov\u00e1no Outstanding<\/a><\/div>    \n        \n    \n    <div class=\"ue_post_blocks_text\">Rezi\u00addence C\u00e9za\u00adva, \u00dajezd u&nbsp;Brna\n\n\n\n\n\n\n\nRezi\u00addence C\u00e9zava,\u2026<\/div>        \t<div class=\"ue_post_blocks_link\">\n          <a class=\" \" href=\"https:\/\/ekowatt.cz\/index.php\/2026\/03\/02\/rezidence-cezava-ujezd-u-brna\/\">\u010c\u00edst v\u00edce<\/a>\n    \t<\/div>\n      <\/div>\n<\/div>\n<div class=\"ue_post_blocks_box\">\n    <div class=\"ue_post_blocks_image\">\n    <a href=\"https:\/\/ekowatt.cz\/index.php\/2025\/12\/18\/penny_skutec_lca-analyza\/\" style=\"display:block;\"><img loading=\"lazy\" decoding=\"async\" src=\"https:\/\/ekowatt.cz\/wp-content\/uploads\/2025\/12\/Penny-Skutec.png\" alt=\"Penny Skute\u010d\" width=\"549\" height=\"304\"><\/a>\n  <\/div>\n    <div class=\"ue_post_blocks_content\">\n      \n     \n         \n    <div class=\"ue_post_blocks_title\"><a href=\"https:\/\/ekowatt.cz\/index.php\/2025\/12\/18\/penny_skutec_lca-analyza\/\">PENNY SKUTE\u010c \u2014 LCA Anal\u00fdza, posouzen\u00ed uhl\u00edkov\u00e9 stopy<\/a><\/div>    \n        \n    \n    <div class=\"ue_post_blocks_text\">PENNY SKUTE\u010c \u2014 LCA Anal\u00fdza, posouzen\u00ed uhl\u00edkov\u00e9 stopy&nbsp;C\u00edlem\u2026<\/div>        \t<div class=\"ue_post_blocks_link\">\n          <a class=\" \" href=\"https:\/\/ekowatt.cz\/index.php\/2025\/12\/18\/penny_skutec_lca-analyza\/\">\u010c\u00edst v\u00edce<\/a>\n    \t<\/div>\n      <\/div>\n<\/div>\n<div class=\"ue_post_blocks_box\">\n    <div class=\"ue_post_blocks_image\">\n    <a href=\"https:\/\/ekowatt.cz\/index.php\/2024\/06\/25\/lidl-bustehrad\/\" style=\"display:block;\"><img loading=\"lazy\" decoding=\"async\" src=\"https:\/\/ekowatt.cz\/wp-content\/uploads\/2024\/06\/Lidl-Bustehrad-e1691152687828-465x227-1.jpg\" alt=\"Lidl-Bustehrad-e1691152687828-465x227\" width=\"465\" height=\"227\"><\/a>\n  <\/div>\n    <div class=\"ue_post_blocks_content\">\n      \n     \n         \n    <div class=\"ue_post_blocks_title\"><a href=\"https:\/\/ekowatt.cz\/index.php\/2024\/06\/25\/lidl-bustehrad\/\">Logi\u00adstick\u00e9 cen\u00adtrum LIDL Bu\u0161t\u011bhrad<\/a><\/div>    \n        \n    \n    <div class=\"ue_post_blocks_text\">Logi\u00adstick\u00e9 cen\u00adtrum LIDL Bu\u0161t\u011bhrad\n\n\n\n\n\n\nV&nbsp;prvn\u00ed \u010d\u00e1sti hodnot\u00edc\u00edho\u2026<\/div>        \t<div class=\"ue_post_blocks_link\">\n          <a class=\" \" href=\"https:\/\/ekowatt.cz\/index.php\/2024\/06\/25\/lidl-bustehrad\/\">\u010c\u00edst v\u00edce<\/a>\n    \t<\/div>\n      <\/div>\n<\/div>\n<div class=\"ue_post_blocks_box\">\n    <div class=\"ue_post_blocks_image\">\n    <a href=\"https:\/\/ekowatt.cz\/index.php\/2024\/06\/25\/greeen-point\/\" style=\"display:block;\"><img loading=\"lazy\" decoding=\"async\" src=\"https:\/\/ekowatt.cz\/wp-content\/uploads\/2024\/06\/Green-Point.jpg\" alt=\"Green Point\" width=\"354\" height=\"308\"><\/a>\n  <\/div>\n    <div class=\"ue_post_blocks_content\">\n      \n     \n         \n    <div class=\"ue_post_blocks_title\"><a href=\"https:\/\/ekowatt.cz\/index.php\/2024\/06\/25\/greeen-point\/\">GREEN POINT, admin\u00adis\u00adtra\u00adtivn\u00ed budo\u00adva&nbsp;Praha<\/a><\/div>    \n        \n    \n    <div class=\"ue_post_blocks_text\">GREEN POINT, admin\u00adis\u00adtra\u00adtivn\u00ed budo\u00adva Pra\u00adha\n\n\n\n\n\n\nGREEN&nbsp;POINT,\u2026<\/div>        \t<div class=\"ue_post_blocks_link\">\n          <a class=\" \" href=\"https:\/\/ekowatt.cz\/index.php\/2024\/06\/25\/greeen-point\/\">\u010c\u00edst v\u00edce<\/a>\n    \t<\/div>\n      <\/div>\n<\/div>\n<div class=\"ue_post_blocks_box\">\n    <div class=\"ue_post_blocks_image\">\n    <a href=\"https:\/\/ekowatt.cz\/index.php\/2024\/06\/25\/shopping-and-office-centre-borislavka-praha\/\" style=\"display:block;\"><img loading=\"lazy\" decoding=\"async\" src=\"https:\/\/ekowatt.cz\/wp-content\/uploads\/2024\/06\/borislavka-final1-1.jpg\" alt=\"borislavka-final1-1\" width=\"567\" height=\"425\"><\/a>\n  <\/div>\n    <div class=\"ue_post_blocks_content\">\n      \n     \n         \n    <div class=\"ue_post_blocks_title\"><a href=\"https:\/\/ekowatt.cz\/index.php\/2024\/06\/25\/shopping-and-office-centre-borislavka-praha\/\">SHOPPING AND OFFICE CENTRE BO\u0158ISLAVKA PRAHA<\/a><\/div>    \n        \n    \n    <div class=\"ue_post_blocks_text\">SHOPPING AND OFFICE CENTRE BO\u0158ISLAVKA PRAHA\n\n\n\n\nShop\u00adping&nbsp;and\u2026<\/div>        \t<div class=\"ue_post_blocks_link\">\n          <a class=\" \" href=\"https:\/\/ekowatt.cz\/index.php\/2024\/06\/25\/shopping-and-office-centre-borislavka-praha\/\">\u010c\u00edst v\u00edce<\/a>\n    \t<\/div>\n      <\/div>\n<\/div>\n<div class=\"ue_post_blocks_box\">\n    <div class=\"ue_post_blocks_image\">\n    <a href=\"https:\/\/ekowatt.cz\/index.php\/2023\/12\/19\/skf-lincoln-industrial\/\" style=\"display:block;\"><img loading=\"lazy\" decoding=\"async\" src=\"https:\/\/ekowatt.cz\/wp-content\/uploads\/2023\/12\/blog-10.jpg\" alt=\"blog 10\" width=\"420\" height=\"280\"><\/a>\n  <\/div>\n    <div class=\"ue_post_blocks_content\">\n      \n     \n         \n    <div class=\"ue_post_blocks_title\"><a href=\"https:\/\/ekowatt.cz\/index.php\/2023\/12\/19\/skf-lincoln-industrial\/\">SKF Lin\u00adcoln Industrial<\/a><\/div>    \n        \n    \n    <div class=\"ue_post_blocks_text\">SKF Lin\u00adcoln Indus\u00adtri\u00adal\n\n\n\n\nI&nbsp;p\u0159es vel\u00admi nev\u00fdhod\u00adn\u00e9 m\u00edst\u00adn\u00ed podm\u00ednky\u2026<\/div>        \t<div class=\"ue_post_blocks_link\">\n          <a class=\" \" href=\"https:\/\/ekowatt.cz\/index.php\/2023\/12\/19\/skf-lincoln-industrial\/\">\u010c\u00edst v\u00edce<\/a>\n    \t<\/div>\n      <\/div>\n<\/div>\n<div class=\"ue_post_blocks_box\">\n    <div class=\"ue_post_blocks_image\">\n    <a href=\"https:\/\/ekowatt.cz\/index.php\/2023\/12\/19\/1086\/\" style=\"display:block;\"><img loading=\"lazy\" decoding=\"async\" src=\"https:\/\/ekowatt.cz\/wp-content\/uploads\/2023\/12\/blog-8-1.jpg\" alt=\"blog 8\" width=\"420\" height=\"280\"><\/a>\n  <\/div>\n    <div class=\"ue_post_blocks_content\">\n      \n     \n         \n    <div class=\"ue_post_blocks_title\"><a href=\"https:\/\/ekowatt.cz\/index.php\/2023\/12\/19\/1086\/\">Green\u00adline Ka\u010derov<\/a><\/div>    \n        \n    \n    <div class=\"ue_post_blocks_text\">Green\u00adline Ka\u010derov\n\n\n\n\n\n\nKancel\u00e1\u0159sk\u00e1 budo\u00adva o&nbsp;v\u00fdm\u011b\u0159e cca\u2026<\/div>        \t<div class=\"ue_post_blocks_link\">\n          <a class=\" \" href=\"https:\/\/ekowatt.cz\/index.php\/2023\/12\/19\/1086\/\">\u010c\u00edst v\u00edce<\/a>\n    \t<\/div>\n      <\/div>\n<\/div>\n<div class=\"ue_post_blocks_box\">\n    <div class=\"ue_post_blocks_image\">\n    <a href=\"https:\/\/ekowatt.cz\/index.php\/2023\/12\/19\/oc-novy-smichov\/\" style=\"display:block;\"><img loading=\"lazy\" decoding=\"async\" src=\"https:\/\/ekowatt.cz\/wp-content\/uploads\/2023\/12\/blog-6.jpg\" alt=\"blog 6\" width=\"420\" height=\"280\"><\/a>\n  <\/div>\n    <div class=\"ue_post_blocks_content\">\n      \n     \n         \n    <div class=\"ue_post_blocks_title\"><a href=\"https:\/\/ekowatt.cz\/index.php\/2023\/12\/19\/oc-novy-smichov\/\">OC Nov\u00fd Sm\u00edchov<\/a><\/div>    \n        \n    \n    <div class=\"ue_post_blocks_text\">OC Nov\u00fd Sm\u00ed\u00adchov\n\n\n\n\n\n\nObchod\u00adn\u00ed cen\u00adtrum v&nbsp;Praze. Dosa\u017een\u00e1\u2026<\/div>        \t<div class=\"ue_post_blocks_link\">\n          <a class=\" \" href=\"https:\/\/ekowatt.cz\/index.php\/2023\/12\/19\/oc-novy-smichov\/\">\u010c\u00edst v\u00edce<\/a>\n    \t<\/div>\n      <\/div>\n<\/div>\n<div class=\"ue_post_blocks_box\">\n    <div class=\"ue_post_blocks_image\">\n    <a href=\"https:\/\/ekowatt.cz\/index.php\/2023\/12\/19\/oc-futurum-ostrava\/\" style=\"display:block;\"><img loading=\"lazy\" decoding=\"async\" src=\"https:\/\/ekowatt.cz\/wp-content\/uploads\/2023\/12\/blog-5.jpg\" alt=\"blog 5\" width=\"420\" height=\"280\"><\/a>\n  <\/div>\n    <div class=\"ue_post_blocks_content\">\n      \n     \n         \n    <div class=\"ue_post_blocks_title\"><a href=\"https:\/\/ekowatt.cz\/index.php\/2023\/12\/19\/oc-futurum-ostrava\/\">OC Futu\u00adrum Ostrava<\/a><\/div>    \n        \n    \n    <div class=\"ue_post_blocks_text\">OC Futu\u00adrum Ostra\u00adva\n\n\n\n\n\n\nObchod\u00adn\u00ed cen\u00adtrum v&nbsp;Ostrav\u011b. Dosa\u017een\u00e1\u2026<\/div>        \t<div class=\"ue_post_blocks_link\">\n          <a class=\" \" href=\"https:\/\/ekowatt.cz\/index.php\/2023\/12\/19\/oc-futurum-ostrava\/\">\u010c\u00edst v\u00edce<\/a>\n    \t<\/div>\n      <\/div>\n<\/div>\n<div class=\"ue_post_blocks_box\">\n    <div class=\"ue_post_blocks_image\">\n    <a href=\"https:\/\/ekowatt.cz\/index.php\/2023\/12\/18\/video-prohlidka-budovy-dock-in-four-certifikovane-v-leed-gold\/\" style=\"display:block;\"><img loading=\"lazy\" decoding=\"async\" src=\"https:\/\/ekowatt.cz\/wp-content\/uploads\/2023\/12\/blog-4.jpg\" alt=\"blog 4\" width=\"420\" height=\"280\"><\/a>\n  <\/div>\n    <div class=\"ue_post_blocks_content\">\n      \n     \n         \n    <div class=\"ue_post_blocks_title\"><a href=\"https:\/\/ekowatt.cz\/index.php\/2023\/12\/18\/video-prohlidka-budovy-dock-in-four-certifikovane-v-leed-gold\/\">VIDEO PROHL\u00cdDKA budovy DOCK in FOUR cer\u00adti\u00adfiko\u00advan\u00e9 v&nbsp;LEED GOLD:<\/a><\/div>    \n        \n    \n    <div class=\"ue_post_blocks_text\">VIDEO PROHL\u00cdDKA budovy DOCK in FOUR cer\u00adti\u00adfiko\u00advan\u00e9 v&nbsp;LEED\u2026<\/div>        \t<div class=\"ue_post_blocks_link\">\n          <a class=\" \" href=\"https:\/\/ekowatt.cz\/index.php\/2023\/12\/18\/video-prohlidka-budovy-dock-in-four-certifikovane-v-leed-gold\/\">\u010c\u00edst v\u00edce<\/a>\n    \t<\/div>\n      <\/div>\n<\/div>\n\n<\/div>\n<!-- end Post Blocks -->\t\t\t\t<\/div>\n\t\t\t\t<\/div>\n\t\t\t\t<div class=\"elementor-element elementor-element-fb87c5a elementor-align-center elementor-widget elementor-widget-button\" data-id=\"fb87c5a\" data-element_type=\"widget\" data-widget_type=\"button.default\">\n\t\t\t\t<div class=\"elementor-widget-container\">\n\t\t\t\t\t\t\t\t\t<div class=\"elementor-button-wrapper\">\n\t\t\t\t\t<a class=\"elementor-button elementor-button-link elementor-size-sm\" href=\"https:\/\/ekowatt.cz\/index.php\/reference\/\">\n\t\t\t\t\t\t<span class=\"elementor-button-content-wrapper\">\n\t\t\t\t\t\t\t\t\t<span class=\"elementor-button-text\">V\u0161ech\u00adny reference<\/span>\n\t\t\t\t\t<\/span>\n\t\t\t\t\t<\/a>\n\t\t\t\t<\/div>\n\t\t\t\t\t\t\t\t<\/div>\n\t\t\t\t<\/div>\n\t\t\t\t\t<\/div>\n\t\t\t\t<\/div>\n\t\t<div class=\"elementor-element elementor-element-2e5067e4 e-flex e-con-boxed e-con e-parent\" data-id=\"2e5067e4\" data-element_type=\"container\" data-settings=\"{&quot;background_background&quot;:&quot;classic&quot;}\">\n\t\t\t\t\t<div class=\"e-con-inner\">\n\t\t\t\t<div class=\"elementor-element elementor-element-5f7a51f4 elementor-widget elementor-widget-heading\" data-id=\"5f7a51f4\" data-element_type=\"widget\" data-widget_type=\"heading.default\">\n\t\t\t\t<div class=\"elementor-widget-container\">\n\t\t\t\t\t<h2 class=\"elementor-heading-title elementor-size-default\">M\u00e1te z\u00e1jem o&nbsp;na\u0161e slu\u017eby?<\/h2>\t\t\t\t<\/div>\n\t\t\t\t<\/div>\n\t\t\t\t<div class=\"elementor-element elementor-element-3536b865 elementor-widget elementor-widget-text-editor\" data-id=\"3536b865\" data-element_type=\"widget\" data-widget_type=\"text-editor.default\">\n\t\t\t\t<div class=\"elementor-widget-container\">\n\t\t\t\t\t\t\t\t\t<p>Napi\u0161te n\u00e1m nebo zav\u00adole\u00adjte, r\u00e1di v\u00e1m pom\u016f\u017eeme.<\/p>\t\t\t\t\t\t\t\t<\/div>\n\t\t\t\t<\/div>\n\t\t\t\t<div class=\"elementor-element elementor-element-1520efcc elementor-align-center elementor-widget elementor-widget-button\" data-id=\"1520efcc\" data-element_type=\"widget\" data-widget_type=\"button.default\">\n\t\t\t\t<div class=\"elementor-widget-container\">\n\t\t\t\t\t\t\t\t\t<div class=\"elementor-button-wrapper\">\n\t\t\t\t\t<a class=\"elementor-button elementor-button-link elementor-size-sm\" href=\"https:\/\/ekowatt.cz\/index.php\/kontakt\/\">\n\t\t\t\t\t\t<span class=\"elementor-button-content-wrapper\">\n\t\t\t\t\t\t\t\t\t<span class=\"elementor-button-text\">Kon\u00adtakt<\/span>\n\t\t\t\t\t<\/span>\n\t\t\t\t\t<\/a>\n\t\t\t\t<\/div>\n\t\t\t\t\t\t\t\t<\/div>\n\t\t\t\t<\/div>\n\t\t\t\t\t<\/div>\n\t\t\t\t<\/div>\n\t\t\t\t<\/div>\n\t\t","protected":false},"excerpt":{"rendered":"<p>Cer\u00adti\u00adfikace budov LEED, BREEAM, WELL,&nbsp;DGNB Cer\u00adti\u00adfikace budov LEED, BREEAM, WELL, DGNB, SBTool\u00adCZ: Envi\u00adron\u00admen\u00adt\u00e1l\u00adn\u00ed cer\u00adti\u00adfikace jsou vyj\u00e1d\u0159en\u00edm a&nbsp;potvrzen\u00edm mimo\u0159\u00e1d\u00adn\u00fdch vlast\u00adnos\u00adt\u00ed budovy. Hod\u00adnot\u00ed, jak budo\u00adva p\u016fsob\u00ed na okol\u00ed a&nbsp;sv\u00e9 u\u017ei\u00advatele b\u011bhem cel\u00e9 sv\u00e9 exis\u00adtence.Budovy s&nbsp;vy\u0161\u0161\u00edm hod\u00adno\u00adcen\u00edm maj\u00ed ni\u017e\u0161\u00ed dopady na \u017eiv\u00adot\u00adn\u00ed prost\u0159ed\u00ed, vy\u0161\u0161\u00ed efek\u00adtiv\u00adi\u00adtu zam\u011bst\u00adnanc\u016f a&nbsp;ni\u017e\u0161\u00ed provozn\u00ed a&nbsp;ostat\u00adn\u00ed sou\u00advise\u00adj\u00edc\u00ed n\u00e1k\u00adla\u00addy. Podle sta\u00adtis\u00adtik maj\u00ed min\u00adim\u00e1l\u00adn\u011b o&nbsp;16&nbsp;% vy\u0161\u0161\u00ed&nbsp;ceny&nbsp;[\u2026]<\/p>\n","protected":false},"author":1,"featured_media":0,"parent":0,"menu_order":0,"comment_status":"closed","ping_status":"closed","template":"","meta":{"wp_typography_post_enhancements_disabled":false,"site-sidebar-layout":"no-sidebar","site-content-layout":"","ast-site-content-layout":"full-width-container","site-content-style":"default","site-sidebar-style":"default","ast-global-header-display":"","ast-banner-title-visibility":"","ast-main-header-display":"","ast-hfb-above-header-display":"","ast-hfb-below-header-display":"","ast-hfb-mobile-header-display":"","site-post-title":"disabled","ast-breadcrumbs-content":"","ast-featured-img":"disabled","footer-sml-layout":"","ast-disable-related-posts":"","theme-transparent-header-meta":"","adv-header-id-meta":"","stick-header-meta":"","header-above-stick-meta":"","header-main-stick-meta":"","header-below-stick-meta":"","astra-migrate-meta-layouts":"default","ast-page-background-enabled":"default","ast-page-background-meta":{"desktop":{"background-color":"var(--ast-global-color-4)","background-image":"","background-repeat":"repeat","background-position":"center center","background-size":"auto","background-attachment":"scroll","background-type":"","background-media":"","overlay-type":"","overlay-color":"","overlay-opacity":"","overlay-gradient":""},"tablet":{"background-color":"","background-image":"","background-repeat":"repeat","background-position":"center center","background-size":"auto","background-attachment":"scroll","background-type":"","background-media":"","overlay-type":"","overlay-color":"","overlay-opacity":"","overlay-gradient":""},"mobile":{"background-color":"","background-image":"","background-repeat":"repeat","background-position":"center center","background-size":"auto","background-attachment":"scroll","background-type":"","background-media":"","overlay-type":"","overlay-color":"","overlay-opacity":"","overlay-gradient":""}},"ast-content-background-meta":{"desktop":{"background-color":"var(--ast-global-color-5)","background-image":"","background-repeat":"repeat","background-position":"center center","background-size":"auto","background-attachment":"scroll","background-type":"","background-media":"","overlay-type":"","overlay-color":"","overlay-opacity":"","overlay-gradient":""},"tablet":{"background-color":"var(--ast-global-color-5)","background-image":"","background-repeat":"repeat","background-position":"center center","background-size":"auto","background-attachment":"scroll","background-type":"","background-media":"","overlay-type":"","overlay-color":"","overlay-opacity":"","overlay-gradient":""},"mobile":{"background-color":"var(--ast-global-color-5)","background-image":"","background-repeat":"repeat","background-position":"center center","background-size":"auto","background-attachment":"scroll","background-type":"","background-media":"","overlay-type":"","overlay-color":"","overlay-opacity":"","overlay-gradient":""}},"footnotes":""},"class_list":["post-624","page","type-page","status-publish","hentry"],"_links":{"self":[{"href":"https:\/\/ekowatt.cz\/index.php\/wp-json\/wp\/v2\/pages\/624","targetHints":{"allow":["GET"]}}],"collection":[{"href":"https:\/\/ekowatt.cz\/index.php\/wp-json\/wp\/v2\/pages"}],"about":[{"href":"https:\/\/ekowatt.cz\/index.php\/wp-json\/wp\/v2\/types\/page"}],"author":[{"embeddable":true,"href":"https:\/\/ekowatt.cz\/index.php\/wp-json\/wp\/v2\/users\/1"}],"replies":[{"embeddable":true,"href":"https:\/\/ekowatt.cz\/index.php\/wp-json\/wp\/v2\/comments?post=624"}],"version-history":[{"count":82,"href":"https:\/\/ekowatt.cz\/index.php\/wp-json\/wp\/v2\/pages\/624\/revisions"}],"predecessor-version":[{"id":2776,"href":"https:\/\/ekowatt.cz\/index.php\/wp-json\/wp\/v2\/pages\/624\/revisions\/2776"}],"wp:attachment":[{"href":"https:\/\/ekowatt.cz\/index.php\/wp-json\/wp\/v2\/media?parent=624"}],"curies":[{"name":"wp","href":"https:\/\/api.w.org\/{rel}","templated":true}]}}