{"id":628,"date":"2023-12-12T10:20:57","date_gmt":"2023-12-12T10:20:57","guid":{"rendered":"https:\/\/new.ekowatt.cz\/?page_id=628"},"modified":"2026-02-24T11:41:05","modified_gmt":"2026-02-24T11:41:05","slug":"studie-energ-uspor-a-ekonomicke-optimalizace","status":"publish","type":"page","link":"https:\/\/ekowatt.cz\/index.php\/studie-energ-uspor-a-ekonomicke-optimalizace\/","title":{"rendered":"Studie energ. \u00faspor a&nbsp;ekonomick\u00e9 optimalizace"},"content":{"rendered":"\t\t<div data-elementor-type=\"wp-page\" data-elementor-id=\"628\" class=\"elementor elementor-628\">\n\t\t\t\t<div class=\"elementor-element elementor-element-504bba52 e-flex e-con-boxed e-con e-parent\" data-id=\"504bba52\" data-element_type=\"container\" data-settings=\"{&quot;background_background&quot;:&quot;classic&quot;}\">\n\t\t\t\t\t<div class=\"e-con-inner\">\n\t\t<div class=\"elementor-element elementor-element-47f3789a e-con-full e-flex e-con e-child\" data-id=\"47f3789a\" data-element_type=\"container\" data-settings=\"{&quot;background_background&quot;:&quot;classic&quot;}\">\n\t\t\t\t<div class=\"elementor-element elementor-element-5de1cef elementor-widget elementor-widget-image\" data-id=\"5de1cef\" data-element_type=\"widget\" data-widget_type=\"image.default\">\n\t\t\t\t<div class=\"elementor-widget-container\">\n\t\t\t\t\t\t\t\t\t\t\t\t\t\t\t<img loading=\"lazy\" decoding=\"async\" width=\"1080\" height=\"1340\" src=\"https:\/\/ekowatt.cz\/wp-content\/uploads\/2023\/12\/hagibor-3.jpg\" class=\"attachment-full size-full wp-image-933\" alt srcset=\"https:\/\/ekowatt.cz\/wp-content\/uploads\/2023\/12\/hagibor-3.jpg 1080w, https:\/\/ekowatt.cz\/wp-content\/uploads\/2023\/12\/hagibor-3-242x300.jpg 242w, https:\/\/ekowatt.cz\/wp-content\/uploads\/2023\/12\/hagibor-3-825x1024.jpg 825w, https:\/\/ekowatt.cz\/wp-content\/uploads\/2023\/12\/hagibor-3-768x953.jpg 768w\" sizes=\"(max-width: 1080px) 100vw, 1080px\">\t\t\t\t\t\t\t\t\t\t\t\t\t\t\t<\/div>\n\t\t\t\t<\/div>\n\t\t\t\t<\/div>\n\t\t<div class=\"elementor-element elementor-element-3d62f564 e-con-full e-flex e-con e-child\" data-id=\"3d62f564\" data-element_type=\"container\">\n\t\t\t\t<div class=\"elementor-element elementor-element-41ecb2e5 elementor-widget elementor-widget-heading\" data-id=\"41ecb2e5\" data-element_type=\"widget\" data-widget_type=\"heading.default\">\n\t\t\t\t<div class=\"elementor-widget-container\">\n\t\t\t\t\t<h2 class=\"elementor-heading-title elementor-size-default\">Studie energetick\u00fdch \u00faspor a&nbsp;ekonomick\u00e9 optimalizace<\/h2>\t\t\t\t<\/div>\n\t\t\t\t<\/div>\n\t\t\t\t<div class=\"elementor-element elementor-element-48c93546 elementor-widget elementor-widget-text-editor\" data-id=\"48c93546\" data-element_type=\"widget\" data-widget_type=\"text-editor.default\">\n\t\t\t\t<div class=\"elementor-widget-container\">\n\t\t\t\t\t\t\t\t\t<p>Slou\u017e\u00ed k&nbsp;vyh\u00adled\u00e1v\u00e1n\u00ed eko\u00adnom\u00adicky nejza\u00adj\u00ed\u00admav\u011bj\u0161\u00edch opat\u0159en\u00ed ener\u00adget\u00adick\u00ad\u00fdch \u00faspor. Jsou vhod\u00adn\u00e9 pro v\u011bt\u0161\u00ed admin\u00adis\u00adtra\u00adtivn\u00ed budovy i&nbsp;\u0161koly, v\u00fdrob\u00adn\u00ed provozy, skla\u00addy i&nbsp;logi\u00adstick\u00e1 cen\u00adtra. V\u00fds\u00adtu\u00adpem je tech\u00adnicko-eko\u00adnom\u00adick\u00e1 studie vhod\u00adn\u00e1 jako pod\u00adklad pro rozhodov\u00e1n\u00ed nebo pro \u017e\u00e1dost do pro\u00adgra\u00admu podpor.<\/p><p><strong>V\u00edce o&nbsp;cer\u00adti\u00adfikac\u00edch zde:&nbsp;<a href=\"http:\/\/www.leed.cz\/\">www.leed.cz<\/a><\/strong><\/p>\t\t\t\t\t\t\t\t<\/div>\n\t\t\t\t<\/div>\n\t\t\t\t<div class=\"elementor-element elementor-element-934e2ce elementor-widget elementor-widget-button\" data-id=\"934e2ce\" data-element_type=\"widget\" data-widget_type=\"button.default\">\n\t\t\t\t<div class=\"elementor-widget-container\">\n\t\t\t\t\t\t\t\t\t<div class=\"elementor-button-wrapper\">\n\t\t\t\t\t<a class=\"elementor-button elementor-button-link elementor-size-sm\" href=\"https:\/\/ekowatt.cz\/index.php\/sluzby\/\">\n\t\t\t\t\t\t<span class=\"elementor-button-content-wrapper\">\n\t\t\t\t\t\t\t\t\t<span class=\"elementor-button-text\">V\u0161ech\u00adny slu\u017eby<\/span>\n\t\t\t\t\t<\/span>\n\t\t\t\t\t<\/a>\n\t\t\t\t<\/div>\n\t\t\t\t\t\t\t\t<\/div>\n\t\t\t\t<\/div>\n\t\t\t\t<\/div>\n\t\t\t\t\t<\/div>\n\t\t\t\t<\/div>\n\t\t<div class=\"elementor-element elementor-element-61419e80 e-flex e-con-boxed e-con e-parent\" data-id=\"61419e80\" data-element_type=\"container\" data-settings=\"{&quot;background_background&quot;:&quot;classic&quot;}\">\n\t\t\t\t\t<div class=\"e-con-inner\">\n\t\t\t\t<div class=\"elementor-element elementor-element-3e201108 elementor-widget elementor-widget-heading\" data-id=\"3e201108\" data-element_type=\"widget\" data-widget_type=\"heading.default\">\n\t\t\t\t<div class=\"elementor-widget-container\">\n\t\t\t\t\t<h2 class=\"elementor-heading-title elementor-size-default\">Na\u0161e pr\u00e1ce<\/h2>\t\t\t\t<\/div>\n\t\t\t\t<\/div>\n\t\t\t\t<div class=\"elementor-element elementor-element-2f4715da elementor-widget elementor-widget-ucaddon_post_blocks\" data-id=\"2f4715da\" data-element_type=\"widget\" data-widget_type=\"ucaddon_post_blocks.default\">\n\t\t\t\t<div class=\"elementor-widget-container\">\n\t\t\t\t\t\n<!-- start Post Blocks -->\n\t\t<link id=\"font-awesome-css\" href=\"https:\/\/ekowatt.cz\/wp-content\/plugins\/unlimited-elements-for-elementor\/assets_libraries\/font-awesome6\/fontawesome-all.min.css\" type=\"text\/css\" rel=\"stylesheet\">\n\t\t<link id=\"font-awesome-4-shim-css\" href=\"https:\/\/ekowatt.cz\/wp-content\/plugins\/unlimited-elements-for-elementor\/assets_libraries\/font-awesome6\/fontawesome-v4-shims.min.css\" type=\"text\/css\" rel=\"stylesheet\">\n\n<style>\/* widget: Post Blocks *\/\n\n\n\n#uc_post_blocks_elementor_2f4715da {\n    display:grid;\n}\n#uc_post_blocks_elementor_2f4715da .ue_post_blocks_box\n{\n  overflow:hidden;\n}\n\n#uc_post_blocks_elementor_2f4715da .ue_post_blocks_image\n{\n  overflow:hidden;\n}\n#uc_post_blocks_elementor_2f4715da .ue_post_blocks_image img\n{\n  width:100%;\n  display:block;\n}\n#uc_post_blocks_elementor_2f4715da .ue_post_blocks_link a\n{\n  display:inline-block;\n  text-decoration:none;\n  text-align:center;\n}\n\n\n#uc_post_blocks_elementor_2f4715da .ue-grid-item-meta-data\n{\n  display:inlin-flex;\n  flex-wrap: wrap;\n}\n\n.ue-grid-item-meta-data\n{\n  font-size:12px;\n}\n\n#uc_post_blocks_elementor_2f4715da .ue-grid-item-meta-data-icon\n{\n  line-height:1em;\n}\n\n#uc_post_blocks_elementor_2f4715da .ue-grid-item-meta-data-icon svg\n{\n  width:1em;\n  height:1em;\n}\n\n#uc_post_blocks_elementor_2f4715da .ue_post_blocks_box{\n  display: flex;\n  flex-direction: column;\n}\n#uc_post_blocks_elementor_2f4715da .ue_post_blocks_content{\n display: flex; flex-grow: 1;\n flex-direction: column;\n}\n#uc_post_blocks_elementor_2f4715da .ue_post_blocks_link{ margin-top: auto;\n}\n\n.ue-grid-item-category a\n{\n  display:inline-block;\n  font-size:10px;\n  text-transform:uppercase;\n}\n\n\n\n\n<\/style>\n\n<div id=\"uc_post_blocks_elementor_2f4715da\" class=\"ue_post_blocks uc-items-wrapper \">\n    <div class=\"ue_post_blocks_box\">\n    <div class=\"ue_post_blocks_image\">\n    <a href=\"https:\/\/ekowatt.cz\/index.php\/2023\/12\/19\/administrativni-budova-a-obchodni-galerie-nove-butovice\/\" style=\"display:block;\"><img loading=\"lazy\" decoding=\"async\" src=\"https:\/\/ekowatt.cz\/wp-content\/uploads\/2023\/12\/Nove-Butovice.png\" alt=\"Nove Butovice\" width=\"420\" height=\"280\"><\/a>\n  <\/div>\n    <div class=\"ue_post_blocks_content\">\n      \n     \n         \n    <div class=\"ue_post_blocks_title\"><a href=\"https:\/\/ekowatt.cz\/index.php\/2023\/12\/19\/administrativni-budova-a-obchodni-galerie-nove-butovice\/\">Admin\u00adis\u00adtra\u00adtivn\u00ed budo\u00adva a&nbsp;Obchod\u00adn\u00ed galerie Nov\u00e9 Butovice<\/a><\/div>    \n        \n    \n    <div class=\"ue_post_blocks_text\">Admin\u00adis\u00adtra\u00adtivn\u00ed budo\u00adva a&nbsp;Obchod\u00adn\u00ed galerie Nov\u00e9 Butovice\n\n\n\n\nVe\u2026<\/div>        \t<div class=\"ue_post_blocks_link\">\n          <a class=\" \" href=\"https:\/\/ekowatt.cz\/index.php\/2023\/12\/19\/administrativni-budova-a-obchodni-galerie-nove-butovice\/\">\u010c\u00edst v\u00edce<\/a>\n    \t<\/div>\n      <\/div>\n<\/div>\n<div class=\"ue_post_blocks_box\">\n    <div class=\"ue_post_blocks_image\">\n    <a href=\"https:\/\/ekowatt.cz\/index.php\/2023\/12\/19\/krajsky-urad-libereckeho-kraje\/\" style=\"display:block;\"><img loading=\"lazy\" decoding=\"async\" src=\"https:\/\/ekowatt.cz\/wp-content\/uploads\/2023\/12\/Krajsky-urad-liberec.png\" alt=\"Krajsky urad liberec\" width=\"420\" height=\"280\"><\/a>\n  <\/div>\n    <div class=\"ue_post_blocks_content\">\n      \n     \n         \n    <div class=\"ue_post_blocks_title\"><a href=\"https:\/\/ekowatt.cz\/index.php\/2023\/12\/19\/krajsky-urad-libereckeho-kraje\/\">Kra\u00adjsk\u00fd \u00fa\u0159ad Libereck\u00ad\u00e9ho&nbsp;kraje<\/a><\/div>    \n        \n    \n    <div class=\"ue_post_blocks_text\">Kra\u00adjsk\u00fd \u00fa\u0159ad Libereck\u00ad\u00e9ho kra\u00adje\n\n\n\n\nV&nbsp;nejvy\u0161\u0161\u00ed budov\u011b v&nbsp;kraji\u2026<\/div>        \t<div class=\"ue_post_blocks_link\">\n          <a class=\" \" href=\"https:\/\/ekowatt.cz\/index.php\/2023\/12\/19\/krajsky-urad-libereckeho-kraje\/\">\u010c\u00edst v\u00edce<\/a>\n    \t<\/div>\n      <\/div>\n<\/div>\n<div class=\"ue_post_blocks_box\">\n    <div class=\"ue_post_blocks_image\">\n    <a href=\"https:\/\/ekowatt.cz\/index.php\/2023\/12\/19\/andel-media-centrum-na-smichove\/\" style=\"display:block;\"><img loading=\"lazy\" decoding=\"async\" src=\"https:\/\/ekowatt.cz\/wp-content\/uploads\/2023\/12\/Andel-media-centrum.png\" alt=\"Andel media centrum\" width=\"420\" height=\"280\"><\/a>\n  <\/div>\n    <div class=\"ue_post_blocks_content\">\n      \n     \n         \n    <div class=\"ue_post_blocks_title\"><a href=\"https:\/\/ekowatt.cz\/index.php\/2023\/12\/19\/andel-media-centrum-na-smichove\/\">And\u011bl Media Cen\u00adtrum na Sm\u00edchov\u011b<\/a><\/div>    \n        \n    \n    <div class=\"ue_post_blocks_text\">And\u011bl Media Cen\u00adtrum na Sm\u00ed\u00adchov\u011b\n\n\n\n\nTech\u00adnick\u00e1 a&nbsp;ekonomick\u00e1\u2026<\/div>        \t<div class=\"ue_post_blocks_link\">\n          <a class=\" \" href=\"https:\/\/ekowatt.cz\/index.php\/2023\/12\/19\/andel-media-centrum-na-smichove\/\">\u010c\u00edst v\u00edce<\/a>\n    \t<\/div>\n      <\/div>\n<\/div>\n\n<\/div>\n<!-- end Post Blocks -->\t\t\t\t<\/div>\n\t\t\t\t<\/div>\n\t\t\t\t<div class=\"elementor-element elementor-element-62b503a1 elementor-align-center elementor-widget elementor-widget-button\" data-id=\"62b503a1\" data-element_type=\"widget\" data-widget_type=\"button.default\">\n\t\t\t\t<div class=\"elementor-widget-container\">\n\t\t\t\t\t\t\t\t\t<div class=\"elementor-button-wrapper\">\n\t\t\t\t\t<a class=\"elementor-button elementor-button-link elementor-size-sm\" href=\"https:\/\/ekowatt.cz\/index.php\/reference\/\">\n\t\t\t\t\t\t<span class=\"elementor-button-content-wrapper\">\n\t\t\t\t\t\t\t\t\t<span class=\"elementor-button-text\">V\u0161ech\u00adny reference<\/span>\n\t\t\t\t\t<\/span>\n\t\t\t\t\t<\/a>\n\t\t\t\t<\/div>\n\t\t\t\t\t\t\t\t<\/div>\n\t\t\t\t<\/div>\n\t\t\t\t\t<\/div>\n\t\t\t\t<\/div>\n\t\t<div class=\"elementor-element elementor-element-2a155fe2 e-flex e-con-boxed e-con e-parent\" data-id=\"2a155fe2\" data-element_type=\"container\" data-settings=\"{&quot;background_background&quot;:&quot;classic&quot;}\">\n\t\t\t\t\t<div class=\"e-con-inner\">\n\t\t\t\t<div class=\"elementor-element elementor-element-39dc0461 elementor-widget elementor-widget-heading\" data-id=\"39dc0461\" data-element_type=\"widget\" data-widget_type=\"heading.default\">\n\t\t\t\t<div class=\"elementor-widget-container\">\n\t\t\t\t\t<h2 class=\"elementor-heading-title elementor-size-default\">M\u00e1te z\u00e1jem o&nbsp;na\u0161e slu\u017eby?<\/h2>\t\t\t\t<\/div>\n\t\t\t\t<\/div>\n\t\t\t\t<div class=\"elementor-element elementor-element-35725a08 elementor-widget elementor-widget-text-editor\" data-id=\"35725a08\" data-element_type=\"widget\" data-widget_type=\"text-editor.default\">\n\t\t\t\t<div class=\"elementor-widget-container\">\n\t\t\t\t\t\t\t\t\t<p>Napi\u0161te n\u00e1m nebo zav\u00adole\u00adjte, r\u00e1di v\u00e1m pom\u016f\u017eeme.<\/p>\t\t\t\t\t\t\t\t<\/div>\n\t\t\t\t<\/div>\n\t\t\t\t<div class=\"elementor-element elementor-element-7074f89a elementor-align-center elementor-widget elementor-widget-button\" data-id=\"7074f89a\" data-element_type=\"widget\" data-widget_type=\"button.default\">\n\t\t\t\t<div class=\"elementor-widget-container\">\n\t\t\t\t\t\t\t\t\t<div class=\"elementor-button-wrapper\">\n\t\t\t\t\t<a class=\"elementor-button elementor-button-link elementor-size-sm\" href=\"https:\/\/ekowatt.cz\/index.php\/kontakt\/\">\n\t\t\t\t\t\t<span class=\"elementor-button-content-wrapper\">\n\t\t\t\t\t\t\t\t\t<span class=\"elementor-button-text\">Kon\u00adtakt<\/span>\n\t\t\t\t\t<\/span>\n\t\t\t\t\t<\/a>\n\t\t\t\t<\/div>\n\t\t\t\t\t\t\t\t<\/div>\n\t\t\t\t<\/div>\n\t\t\t\t\t<\/div>\n\t\t\t\t<\/div>\n\t\t\t\t<\/div>\n\t\t","protected":false},"excerpt":{"rendered":"<p>Studie ener\u00adget\u00adick\u00ad\u00fdch \u00faspor a&nbsp;eko\u00adnom\u00adick\u00e9 opti\u00admal\u00adizace Slou\u017e\u00ed k&nbsp;vyh\u00adled\u00e1v\u00e1n\u00ed eko\u00adnom\u00adicky nejza\u00adj\u00ed\u00admav\u011bj\u0161\u00edch opat\u0159en\u00ed ener\u00adget\u00adick\u00ad\u00fdch \u00faspor. Jsou vhod\u00adn\u00e9 pro v\u011bt\u0161\u00ed admin\u00adis\u00adtra\u00adtivn\u00ed budovy i&nbsp;\u0161koly, v\u00fdrob\u00adn\u00ed provozy, skla\u00addy i&nbsp;logi\u00adstick\u00e1 cen\u00adtra. V\u00fds\u00adtu\u00adpem je tech\u00adnicko-eko\u00adnom\u00adick\u00e1 studie vhod\u00adn\u00e1 jako pod\u00adklad pro rozhodov\u00e1n\u00ed nebo pro \u017e\u00e1dost do pro\u00adgra\u00admu pod\u00adpor. V\u00edce o&nbsp;cer\u00adti\u00adfikac\u00edch zde:&nbsp;www.leed.cz V\u0161ech\u00adny slu\u017e\u00adby Na\u0161e pr\u00e1ce Admin\u00adis\u00adtra\u00adtivn\u00ed budo\u00adva a&nbsp;Obchod\u00adn\u00ed galerie Nov\u00e9 Butovice Admin\u00adis\u00adtra\u00adtivn\u00ed budo\u00adva a&nbsp;Obchodn\u00ed&nbsp;[\u2026]<\/p>\n","protected":false},"author":1,"featured_media":0,"parent":0,"menu_order":0,"comment_status":"closed","ping_status":"closed","template":"","meta":{"wp_typography_post_enhancements_disabled":false,"site-sidebar-layout":"no-sidebar","site-content-layout":"","ast-site-content-layout":"full-width-container","site-content-style":"default","site-sidebar-style":"default","ast-global-header-display":"","ast-banner-title-visibility":"","ast-main-header-display":"","ast-hfb-above-header-display":"","ast-hfb-below-header-display":"","ast-hfb-mobile-header-display":"","site-post-title":"disabled","ast-breadcrumbs-content":"","ast-featured-img":"disabled","footer-sml-layout":"","ast-disable-related-posts":"","theme-transparent-header-meta":"","adv-header-id-meta":"","stick-header-meta":"","header-above-stick-meta":"","header-main-stick-meta":"","header-below-stick-meta":"","astra-migrate-meta-layouts":"default","ast-page-background-enabled":"default","ast-page-background-meta":{"desktop":{"background-color":"var(--ast-global-color-4)","background-image":"","background-repeat":"repeat","background-position":"center center","background-size":"auto","background-attachment":"scroll","background-type":"","background-media":"","overlay-type":"","overlay-color":"","overlay-opacity":"","overlay-gradient":""},"tablet":{"background-color":"","background-image":"","background-repeat":"repeat","background-position":"center center","background-size":"auto","background-attachment":"scroll","background-type":"","background-media":"","overlay-type":"","overlay-color":"","overlay-opacity":"","overlay-gradient":""},"mobile":{"background-color":"","background-image":"","background-repeat":"repeat","background-position":"center center","background-size":"auto","background-attachment":"scroll","background-type":"","background-media":"","overlay-type":"","overlay-color":"","overlay-opacity":"","overlay-gradient":""}},"ast-content-background-meta":{"desktop":{"background-color":"var(--ast-global-color-5)","background-image":"","background-repeat":"repeat","background-position":"center center","background-size":"auto","background-attachment":"scroll","background-type":"","background-media":"","overlay-type":"","overlay-color":"","overlay-opacity":"","overlay-gradient":""},"tablet":{"background-color":"var(--ast-global-color-5)","background-image":"","background-repeat":"repeat","background-position":"center center","background-size":"auto","background-attachment":"scroll","background-type":"","background-media":"","overlay-type":"","overlay-color":"","overlay-opacity":"","overlay-gradient":""},"mobile":{"background-color":"var(--ast-global-color-5)","background-image":"","background-repeat":"repeat","background-position":"center center","background-size":"auto","background-attachment":"scroll","background-type":"","background-media":"","overlay-type":"","overlay-color":"","overlay-opacity":"","overlay-gradient":""}},"footnotes":""},"class_list":["post-628","page","type-page","status-publish","hentry"],"_links":{"self":[{"href":"https:\/\/ekowatt.cz\/index.php\/wp-json\/wp\/v2\/pages\/628","targetHints":{"allow":["GET"]}}],"collection":[{"href":"https:\/\/ekowatt.cz\/index.php\/wp-json\/wp\/v2\/pages"}],"about":[{"href":"https:\/\/ekowatt.cz\/index.php\/wp-json\/wp\/v2\/types\/page"}],"author":[{"embeddable":true,"href":"https:\/\/ekowatt.cz\/index.php\/wp-json\/wp\/v2\/users\/1"}],"replies":[{"embeddable":true,"href":"https:\/\/ekowatt.cz\/index.php\/wp-json\/wp\/v2\/comments?post=628"}],"version-history":[{"count":49,"href":"https:\/\/ekowatt.cz\/index.php\/wp-json\/wp\/v2\/pages\/628\/revisions"}],"predecessor-version":[{"id":2782,"href":"https:\/\/ekowatt.cz\/index.php\/wp-json\/wp\/v2\/pages\/628\/revisions\/2782"}],"wp:attachment":[{"href":"https:\/\/ekowatt.cz\/index.php\/wp-json\/wp\/v2\/media?parent=628"}],"curies":[{"name":"wp","href":"https:\/\/api.w.org\/{rel}","templated":true}]}}