{"id":634,"date":"2023-12-12T10:21:26","date_gmt":"2023-12-12T10:21:26","guid":{"rendered":"https:\/\/new.ekowatt.cz\/?page_id=634"},"modified":"2026-02-24T11:41:38","modified_gmt":"2026-02-24T11:41:38","slug":"dotace-nova-zelena-usporam-nzu-opzp-irop-oppik","status":"publish","type":"page","link":"https:\/\/ekowatt.cz\/index.php\/dotace-nova-zelena-usporam-nzu-opzp-irop-oppik\/","title":{"rendered":"Dotace Nov\u00e1 zelen\u00e1 \u00faspor\u00e1m NZ\u00da, OP\u017dP, IROP,&nbsp;OPPIK"},"content":{"rendered":"\t\t<div data-elementor-type=\"wp-page\" data-elementor-id=\"634\" class=\"elementor elementor-634\">\n\t\t\t\t<div class=\"elementor-element elementor-element-62df5bc2 e-flex e-con-boxed e-con e-parent\" data-id=\"62df5bc2\" data-element_type=\"container\" data-settings=\"{&quot;background_background&quot;:&quot;classic&quot;}\">\n\t\t\t\t\t<div class=\"e-con-inner\">\n\t\t<div class=\"elementor-element elementor-element-7d3d2f9e e-con-full e-flex e-con e-child\" data-id=\"7d3d2f9e\" data-element_type=\"container\" data-settings=\"{&quot;background_background&quot;:&quot;classic&quot;}\">\n\t\t\t\t<div class=\"elementor-element elementor-element-2f6ab88 elementor-widget elementor-widget-image\" data-id=\"2f6ab88\" data-element_type=\"widget\" data-widget_type=\"image.default\">\n\t\t\t\t<div class=\"elementor-widget-container\">\n\t\t\t\t\t\t\t\t\t\t\t\t\t\t\t<img loading=\"lazy\" decoding=\"async\" width=\"1460\" height=\"1080\" src=\"https:\/\/ekowatt.cz\/wp-content\/uploads\/2023\/12\/jrd-dotace-2.jpg\" class=\"attachment-full size-full wp-image-965\" alt srcset=\"https:\/\/ekowatt.cz\/wp-content\/uploads\/2023\/12\/jrd-dotace-2.jpg 1460w, https:\/\/ekowatt.cz\/wp-content\/uploads\/2023\/12\/jrd-dotace-2-300x222.jpg 300w, https:\/\/ekowatt.cz\/wp-content\/uploads\/2023\/12\/jrd-dotace-2-1024x757.jpg 1024w, https:\/\/ekowatt.cz\/wp-content\/uploads\/2023\/12\/jrd-dotace-2-768x568.jpg 768w\" sizes=\"(max-width: 1460px) 100vw, 1460px\">\t\t\t\t\t\t\t\t\t\t\t\t\t\t\t<\/div>\n\t\t\t\t<\/div>\n\t\t\t\t<\/div>\n\t\t<div class=\"elementor-element elementor-element-77f2616c e-con-full e-flex e-con e-child\" data-id=\"77f2616c\" data-element_type=\"container\">\n\t\t\t\t<div class=\"elementor-element elementor-element-1fa20cc8 elementor-widget elementor-widget-heading\" data-id=\"1fa20cc8\" data-element_type=\"widget\" data-widget_type=\"heading.default\">\n\t\t\t\t<div class=\"elementor-widget-container\">\n\t\t\t\t\t<h2 class=\"elementor-heading-title elementor-size-default\">Dotace NZ\u00da (Nov\u00e1 zelen\u00e1 \u00faspor\u00e1m)<\/h2>\t\t\t\t<\/div>\n\t\t\t\t<\/div>\n\t\t\t\t<div class=\"elementor-element elementor-element-58336148 elementor-widget elementor-widget-text-editor\" data-id=\"58336148\" data-element_type=\"widget\" data-widget_type=\"text-editor.default\">\n\t\t\t\t<div class=\"elementor-widget-container\">\n\t\t\t\t\t\t\t\t\t<p>U n\u00e1mi podan\u00fdch \u017e\u00e1dost\u00ed m\u00e1me 100&nbsp;% \u00fasp\u011b\u0161nost z\u00edsk\u00e1n\u00ed dota\u010dn\u00edch prost\u0159ed\u00adk\u016f a&nbsp;dodr\u017een\u00ed pod\u00adm\u00ednek dotace. Jen za rok 2016 prob\u011bh\u00adlo 216 konzul\u00adtac\u00ed, d\u00edky nim\u017e z\u00edskali na\u0161i kli\u00aden\u00adti na dotac\u00edch NZ\u00da a&nbsp;u kotl\u00edkov\u00e9 dotace celkem 8&nbsp;670 000 K\u010d. Zpra\u00adco\u00adv\u00adali jsme des\u00edtky \u00fasp\u011b\u0161n\u00fdch \u017e\u00e1dost\u00ed pro pro\u00adjek\u00adty ener\u00adget\u00adick\u00ad\u00fdch \u00faspor a&nbsp;obnovitel\u00adn\u00fdch zdro\u00adj\u016f a&nbsp;v\u00fds\u00adtavbu \u010di rekon\u00adstruk\u00adci dom\u016f do pasivn\u00edho stan\u00addar\u00addu v&nbsp;celkov\u00e9 v\u00fd\u0161i cca 288 mil K\u010d. Z\u00edskali jsme ocen\u011bn\u00ed Sasakawa Peace Foun\u00adda\u00adtion za pro\u00adjekt Bo\u017e\u00ed&nbsp;Dar.<\/p>\t\t\t\t\t\t\t\t<\/div>\n\t\t\t\t<\/div>\n\t\t\t\t<div class=\"elementor-element elementor-element-f2609ca elementor-widget elementor-widget-button\" data-id=\"f2609ca\" data-element_type=\"widget\" data-widget_type=\"button.default\">\n\t\t\t\t<div class=\"elementor-widget-container\">\n\t\t\t\t\t\t\t\t\t<div class=\"elementor-button-wrapper\">\n\t\t\t\t\t<a class=\"elementor-button elementor-button-link elementor-size-sm\" href=\"https:\/\/ekowatt.cz\/index.php\/sluzby\/\">\n\t\t\t\t\t\t<span class=\"elementor-button-content-wrapper\">\n\t\t\t\t\t\t\t\t\t<span class=\"elementor-button-text\">V\u0161ech\u00adny slu\u017eby<\/span>\n\t\t\t\t\t<\/span>\n\t\t\t\t\t<\/a>\n\t\t\t\t<\/div>\n\t\t\t\t\t\t\t\t<\/div>\n\t\t\t\t<\/div>\n\t\t\t\t<\/div>\n\t\t\t\t\t<\/div>\n\t\t\t\t<\/div>\n\t\t<div class=\"elementor-element elementor-element-2ec1685a e-flex e-con-boxed e-con e-parent\" data-id=\"2ec1685a\" data-element_type=\"container\" data-settings=\"{&quot;background_background&quot;:&quot;classic&quot;}\">\n\t\t\t\t\t<div class=\"e-con-inner\">\n\t\t\t\t<div class=\"elementor-element elementor-element-954b4d7 elementor-widget elementor-widget-heading\" data-id=\"954b4d7\" data-element_type=\"widget\" data-widget_type=\"heading.default\">\n\t\t\t\t<div class=\"elementor-widget-container\">\n\t\t\t\t\t<h2 class=\"elementor-heading-title elementor-size-default\">Na\u0161e pr\u00e1ce<\/h2>\t\t\t\t<\/div>\n\t\t\t\t<\/div>\n\t\t\t\t<div class=\"elementor-element elementor-element-385cb11c elementor-widget elementor-widget-ucaddon_post_blocks\" data-id=\"385cb11c\" data-element_type=\"widget\" data-widget_type=\"ucaddon_post_blocks.default\">\n\t\t\t\t<div class=\"elementor-widget-container\">\n\t\t\t\t\t\n<!-- start Post Blocks -->\n\t\t<link id=\"font-awesome-css\" href=\"https:\/\/ekowatt.cz\/wp-content\/plugins\/unlimited-elements-for-elementor\/assets_libraries\/font-awesome6\/fontawesome-all.min.css\" type=\"text\/css\" rel=\"stylesheet\">\n\t\t<link id=\"font-awesome-4-shim-css\" href=\"https:\/\/ekowatt.cz\/wp-content\/plugins\/unlimited-elements-for-elementor\/assets_libraries\/font-awesome6\/fontawesome-v4-shims.min.css\" type=\"text\/css\" rel=\"stylesheet\">\n\n<style>\/* widget: Post Blocks *\/\n\n\n\n#uc_post_blocks_elementor_385cb11c {\n    display:grid;\n}\n#uc_post_blocks_elementor_385cb11c .ue_post_blocks_box\n{\n  overflow:hidden;\n}\n\n#uc_post_blocks_elementor_385cb11c .ue_post_blocks_image\n{\n  overflow:hidden;\n}\n#uc_post_blocks_elementor_385cb11c .ue_post_blocks_image img\n{\n  width:100%;\n  display:block;\n}\n#uc_post_blocks_elementor_385cb11c .ue_post_blocks_link a\n{\n  display:inline-block;\n  text-decoration:none;\n  text-align:center;\n}\n\n\n#uc_post_blocks_elementor_385cb11c .ue-grid-item-meta-data\n{\n  display:inlin-flex;\n  flex-wrap: wrap;\n}\n\n.ue-grid-item-meta-data\n{\n  font-size:12px;\n}\n\n#uc_post_blocks_elementor_385cb11c .ue-grid-item-meta-data-icon\n{\n  line-height:1em;\n}\n\n#uc_post_blocks_elementor_385cb11c .ue-grid-item-meta-data-icon svg\n{\n  width:1em;\n  height:1em;\n}\n\n#uc_post_blocks_elementor_385cb11c .ue_post_blocks_box{\n  display: flex;\n  flex-direction: column;\n}\n#uc_post_blocks_elementor_385cb11c .ue_post_blocks_content{\n display: flex; flex-grow: 1;\n flex-direction: column;\n}\n#uc_post_blocks_elementor_385cb11c .ue_post_blocks_link{ margin-top: auto;\n}\n\n.ue-grid-item-category a\n{\n  display:inline-block;\n  font-size:10px;\n  text-transform:uppercase;\n}\n\n\n\n\n<\/style>\n\n<div id=\"uc_post_blocks_elementor_385cb11c\" class=\"ue_post_blocks uc-items-wrapper \">\n    <div class=\"ue_post_blocks_box\">\n    <div class=\"ue_post_blocks_image\">\n    <a href=\"https:\/\/ekowatt.cz\/index.php\/2023\/12\/19\/kulturni-dum-horni-bela\/\" style=\"display:block;\"><img loading=\"lazy\" decoding=\"async\" src=\"https:\/\/ekowatt.cz\/wp-content\/uploads\/2023\/12\/blog-22.jpg\" alt=\"blog 22\" width=\"420\" height=\"280\"><\/a>\n  <\/div>\n    <div class=\"ue_post_blocks_content\">\n      \n     \n         \n    <div class=\"ue_post_blocks_title\"><a href=\"https:\/\/ekowatt.cz\/index.php\/2023\/12\/19\/kulturni-dum-horni-bela\/\">Kul\u00adturn\u00ed d\u016fm Horn\u00ed&nbsp;B\u011bl\u00e1<\/a><\/div>    \n        \n    \n    <div class=\"ue_post_blocks_text\">Kul\u00adturn\u00ed d\u016fm Horn\u00ed&nbsp;B\u011bl\u00e1\n\n\n\n\nZ\u00edskan\u00e1 pod\u00adpo\u00adra OP\u017dP 450&nbsp;000\u2026<\/div>        \t<div class=\"ue_post_blocks_link\">\n          <a class=\" \" href=\"https:\/\/ekowatt.cz\/index.php\/2023\/12\/19\/kulturni-dum-horni-bela\/\">\u010c\u00edst v\u00edce<\/a>\n    \t<\/div>\n      <\/div>\n<\/div>\n<div class=\"ue_post_blocks_box\">\n    <div class=\"ue_post_blocks_image\">\n    <a href=\"https:\/\/ekowatt.cz\/index.php\/2023\/12\/19\/zs-hudlice\/\" style=\"display:block;\"><img loading=\"lazy\" decoding=\"async\" src=\"https:\/\/ekowatt.cz\/wp-content\/uploads\/2023\/12\/blog-21.jpg\" alt=\"blog 21\" width=\"420\" height=\"280\"><\/a>\n  <\/div>\n    <div class=\"ue_post_blocks_content\">\n      \n     \n         \n    <div class=\"ue_post_blocks_title\"><a href=\"https:\/\/ekowatt.cz\/index.php\/2023\/12\/19\/zs-hudlice\/\">Z\u0160 Hudlice<\/a><\/div>    \n        \n    \n    <div class=\"ue_post_blocks_text\">Z\u0160 Hudlice\n\n\n\n\nZ\u00edskan\u00e1 pod\u00adpo\u00adra cca 5&nbsp;mil. K\u010d, vlastn\u00ed\u2026<\/div>        \t<div class=\"ue_post_blocks_link\">\n          <a class=\" \" href=\"https:\/\/ekowatt.cz\/index.php\/2023\/12\/19\/zs-hudlice\/\">\u010c\u00edst v\u00edce<\/a>\n    \t<\/div>\n      <\/div>\n<\/div>\n<div class=\"ue_post_blocks_box\">\n    <div class=\"ue_post_blocks_image\">\n    <a href=\"https:\/\/ekowatt.cz\/index.php\/2023\/12\/19\/telocvicna-pri-zs-kralovice\/\" style=\"display:block;\"><img loading=\"lazy\" decoding=\"async\" src=\"https:\/\/ekowatt.cz\/wp-content\/uploads\/2023\/12\/blog-20.jpg\" alt=\"blog 20\" width=\"420\" height=\"280\"><\/a>\n  <\/div>\n    <div class=\"ue_post_blocks_content\">\n      \n     \n         \n    <div class=\"ue_post_blocks_title\"><a href=\"https:\/\/ekowatt.cz\/index.php\/2023\/12\/19\/telocvicna-pri-zs-kralovice\/\">T\u011blocvi\u010d\u00adna p\u0159i Z\u0160 Kralovice<\/a><\/div>    \n        \n    \n    <div class=\"ue_post_blocks_text\">T\u011blocvi\u010d\u00adna p\u0159i Z\u0160 Kralovice\n\n\n\n\nZ\u00edskan\u00e1 pod\u00adpo\u00adra OP\u017dP cca 3&nbsp;mil.\u2026<\/div>        \t<div class=\"ue_post_blocks_link\">\n          <a class=\" \" href=\"https:\/\/ekowatt.cz\/index.php\/2023\/12\/19\/telocvicna-pri-zs-kralovice\/\">\u010c\u00edst v\u00edce<\/a>\n    \t<\/div>\n      <\/div>\n<\/div>\n\n<\/div>\n<!-- end Post Blocks -->\t\t\t\t<\/div>\n\t\t\t\t<\/div>\n\t\t\t\t<div class=\"elementor-element elementor-element-1e44ecd4 elementor-align-center elementor-widget elementor-widget-button\" data-id=\"1e44ecd4\" data-element_type=\"widget\" data-widget_type=\"button.default\">\n\t\t\t\t<div class=\"elementor-widget-container\">\n\t\t\t\t\t\t\t\t\t<div class=\"elementor-button-wrapper\">\n\t\t\t\t\t<a class=\"elementor-button elementor-button-link elementor-size-sm\" href=\"https:\/\/ekowatt.cz\/index.php\/reference\/\">\n\t\t\t\t\t\t<span class=\"elementor-button-content-wrapper\">\n\t\t\t\t\t\t\t\t\t<span class=\"elementor-button-text\">V\u0161ech\u00adny reference<\/span>\n\t\t\t\t\t<\/span>\n\t\t\t\t\t<\/a>\n\t\t\t\t<\/div>\n\t\t\t\t\t\t\t\t<\/div>\n\t\t\t\t<\/div>\n\t\t\t\t\t<\/div>\n\t\t\t\t<\/div>\n\t\t<div class=\"elementor-element elementor-element-44df668d e-flex e-con-boxed e-con e-parent\" data-id=\"44df668d\" data-element_type=\"container\" data-settings=\"{&quot;background_background&quot;:&quot;classic&quot;}\">\n\t\t\t\t\t<div class=\"e-con-inner\">\n\t\t\t\t<div class=\"elementor-element elementor-element-7662ab36 elementor-widget elementor-widget-heading\" data-id=\"7662ab36\" data-element_type=\"widget\" data-widget_type=\"heading.default\">\n\t\t\t\t<div class=\"elementor-widget-container\">\n\t\t\t\t\t<h2 class=\"elementor-heading-title elementor-size-default\">M\u00e1te z\u00e1jem o&nbsp;na\u0161e slu\u017eby?<\/h2>\t\t\t\t<\/div>\n\t\t\t\t<\/div>\n\t\t\t\t<div class=\"elementor-element elementor-element-72f70cf0 elementor-widget elementor-widget-text-editor\" data-id=\"72f70cf0\" data-element_type=\"widget\" data-widget_type=\"text-editor.default\">\n\t\t\t\t<div class=\"elementor-widget-container\">\n\t\t\t\t\t\t\t\t\t<p>Napi\u0161te n\u00e1m nebo zav\u00adole\u00adjte, r\u00e1di v\u00e1m pom\u016f\u017eeme.<\/p>\t\t\t\t\t\t\t\t<\/div>\n\t\t\t\t<\/div>\n\t\t\t\t<div class=\"elementor-element elementor-element-f6310c3 elementor-align-center elementor-widget elementor-widget-button\" data-id=\"f6310c3\" data-element_type=\"widget\" data-widget_type=\"button.default\">\n\t\t\t\t<div class=\"elementor-widget-container\">\n\t\t\t\t\t\t\t\t\t<div class=\"elementor-button-wrapper\">\n\t\t\t\t\t<a class=\"elementor-button elementor-button-link elementor-size-sm\" href=\"https:\/\/ekowatt.cz\/index.php\/kontakt\/\">\n\t\t\t\t\t\t<span class=\"elementor-button-content-wrapper\">\n\t\t\t\t\t\t\t\t\t<span class=\"elementor-button-text\">Kon\u00adtakt<\/span>\n\t\t\t\t\t<\/span>\n\t\t\t\t\t<\/a>\n\t\t\t\t<\/div>\n\t\t\t\t\t\t\t\t<\/div>\n\t\t\t\t<\/div>\n\t\t\t\t\t<\/div>\n\t\t\t\t<\/div>\n\t\t\t\t<\/div>\n\t\t","protected":false},"excerpt":{"rendered":"<p>Dotace NZ\u00da (Nov\u00e1 zelen\u00e1 \u00faspor\u00e1m) U&nbsp;n\u00e1mi podan\u00fdch \u017e\u00e1dost\u00ed m\u00e1me 100&nbsp;% \u00fasp\u011b\u0161nost z\u00edsk\u00e1n\u00ed dota\u010dn\u00edch prost\u0159ed\u00adk\u016f a&nbsp;dodr\u017een\u00ed pod\u00adm\u00ednek dotace. Jen za rok 2016 prob\u011bh\u00adlo 216 konzul\u00adtac\u00ed, d\u00edky nim\u017e z\u00edskali na\u0161i kli\u00aden\u00adti na dotac\u00edch NZ\u00da a&nbsp;u&nbsp;kotl\u00edkov\u00e9 dotace celkem 8&nbsp;670 000 K\u010d. Zpra\u00adco\u00adv\u00adali jsme des\u00edtky \u00fasp\u011b\u0161n\u00fdch \u017e\u00e1dost\u00ed pro pro\u00adjek\u00adty ener\u00adget\u00adick\u00ad\u00fdch \u00faspor a&nbsp;obnovitel\u00adn\u00fdch zdro\u00adj\u016f a&nbsp;v\u00fds\u00adtavbu \u010di rekon\u00adstruk\u00adci&nbsp;dom\u016f&nbsp;[\u2026]<\/p>\n","protected":false},"author":1,"featured_media":0,"parent":0,"menu_order":0,"comment_status":"closed","ping_status":"closed","template":"","meta":{"wp_typography_post_enhancements_disabled":false,"site-sidebar-layout":"no-sidebar","site-content-layout":"","ast-site-content-layout":"full-width-container","site-content-style":"default","site-sidebar-style":"default","ast-global-header-display":"","ast-banner-title-visibility":"","ast-main-header-display":"","ast-hfb-above-header-display":"","ast-hfb-below-header-display":"","ast-hfb-mobile-header-display":"","site-post-title":"disabled","ast-breadcrumbs-content":"","ast-featured-img":"disabled","footer-sml-layout":"","ast-disable-related-posts":"","theme-transparent-header-meta":"","adv-header-id-meta":"","stick-header-meta":"","header-above-stick-meta":"","header-main-stick-meta":"","header-below-stick-meta":"","astra-migrate-meta-layouts":"default","ast-page-background-enabled":"default","ast-page-background-meta":{"desktop":{"background-color":"var(--ast-global-color-4)","background-image":"","background-repeat":"repeat","background-position":"center center","background-size":"auto","background-attachment":"scroll","background-type":"","background-media":"","overlay-type":"","overlay-color":"","overlay-opacity":"","overlay-gradient":""},"tablet":{"background-color":"","background-image":"","background-repeat":"repeat","background-position":"center center","background-size":"auto","background-attachment":"scroll","background-type":"","background-media":"","overlay-type":"","overlay-color":"","overlay-opacity":"","overlay-gradient":""},"mobile":{"background-color":"","background-image":"","background-repeat":"repeat","background-position":"center center","background-size":"auto","background-attachment":"scroll","background-type":"","background-media":"","overlay-type":"","overlay-color":"","overlay-opacity":"","overlay-gradient":""}},"ast-content-background-meta":{"desktop":{"background-color":"var(--ast-global-color-5)","background-image":"","background-repeat":"repeat","background-position":"center center","background-size":"auto","background-attachment":"scroll","background-type":"","background-media":"","overlay-type":"","overlay-color":"","overlay-opacity":"","overlay-gradient":""},"tablet":{"background-color":"var(--ast-global-color-5)","background-image":"","background-repeat":"repeat","background-position":"center center","background-size":"auto","background-attachment":"scroll","background-type":"","background-media":"","overlay-type":"","overlay-color":"","overlay-opacity":"","overlay-gradient":""},"mobile":{"background-color":"var(--ast-global-color-5)","background-image":"","background-repeat":"repeat","background-position":"center center","background-size":"auto","background-attachment":"scroll","background-type":"","background-media":"","overlay-type":"","overlay-color":"","overlay-opacity":"","overlay-gradient":""}},"footnotes":""},"class_list":["post-634","page","type-page","status-publish","hentry"],"_links":{"self":[{"href":"https:\/\/ekowatt.cz\/index.php\/wp-json\/wp\/v2\/pages\/634","targetHints":{"allow":["GET"]}}],"collection":[{"href":"https:\/\/ekowatt.cz\/index.php\/wp-json\/wp\/v2\/pages"}],"about":[{"href":"https:\/\/ekowatt.cz\/index.php\/wp-json\/wp\/v2\/types\/page"}],"author":[{"embeddable":true,"href":"https:\/\/ekowatt.cz\/index.php\/wp-json\/wp\/v2\/users\/1"}],"replies":[{"embeddable":true,"href":"https:\/\/ekowatt.cz\/index.php\/wp-json\/wp\/v2\/comments?post=634"}],"version-history":[{"count":61,"href":"https:\/\/ekowatt.cz\/index.php\/wp-json\/wp\/v2\/pages\/634\/revisions"}],"predecessor-version":[{"id":2785,"href":"https:\/\/ekowatt.cz\/index.php\/wp-json\/wp\/v2\/pages\/634\/revisions\/2785"}],"wp:attachment":[{"href":"https:\/\/ekowatt.cz\/index.php\/wp-json\/wp\/v2\/media?parent=634"}],"curies":[{"name":"wp","href":"https:\/\/api.w.org\/{rel}","templated":true}]}}