{"id":636,"date":"2023-12-12T10:21:35","date_gmt":"2023-12-12T10:21:35","guid":{"rendered":"https:\/\/new.ekowatt.cz\/?page_id=636"},"modified":"2026-02-24T11:42:16","modified_gmt":"2026-02-24T11:42:16","slug":"ostatniporadenske-sluzby","status":"publish","type":"page","link":"https:\/\/ekowatt.cz\/index.php\/ostatniporadenske-sluzby\/","title":{"rendered":"Ostatn\u00ed poradensk\u00e9 slu\u017eby"},"content":{"rendered":"\t\t<div data-elementor-type=\"wp-page\" data-elementor-id=\"636\" class=\"elementor elementor-636\">\n\t\t\t\t<div class=\"elementor-element elementor-element-245edf17 e-flex e-con-boxed e-con e-parent\" data-id=\"245edf17\" data-element_type=\"container\" data-settings=\"{&quot;background_background&quot;:&quot;classic&quot;}\">\n\t\t\t\t\t<div class=\"e-con-inner\">\n\t\t<div class=\"elementor-element elementor-element-2fa42003 e-con-full e-flex e-con e-child\" data-id=\"2fa42003\" data-element_type=\"container\" data-settings=\"{&quot;background_background&quot;:&quot;classic&quot;}\">\n\t\t\t\t<div class=\"elementor-element elementor-element-2a5dcfa elementor-widget elementor-widget-image\" data-id=\"2a5dcfa\" data-element_type=\"widget\" data-widget_type=\"image.default\">\n\t\t\t\t<div class=\"elementor-widget-container\">\n\t\t\t\t\t\t\t\t\t\t\t\t\t\t\t<img loading=\"lazy\" decoding=\"async\" width=\"1460\" height=\"1080\" src=\"https:\/\/ekowatt.cz\/wp-content\/uploads\/2023\/12\/hagibor-2.jpg\" class=\"attachment-full size-full wp-image-856\" alt srcset=\"https:\/\/ekowatt.cz\/wp-content\/uploads\/2023\/12\/hagibor-2.jpg 1460w, https:\/\/ekowatt.cz\/wp-content\/uploads\/2023\/12\/hagibor-2-300x222.jpg 300w, https:\/\/ekowatt.cz\/wp-content\/uploads\/2023\/12\/hagibor-2-1024x757.jpg 1024w, https:\/\/ekowatt.cz\/wp-content\/uploads\/2023\/12\/hagibor-2-768x568.jpg 768w\" sizes=\"(max-width: 1460px) 100vw, 1460px\">\t\t\t\t\t\t\t\t\t\t\t\t\t\t\t<\/div>\n\t\t\t\t<\/div>\n\t\t\t\t<\/div>\n\t\t<div class=\"elementor-element elementor-element-7cf95930 e-con-full e-flex e-con e-child\" data-id=\"7cf95930\" data-element_type=\"container\">\n\t\t\t\t<div class=\"elementor-element elementor-element-b8c4634 elementor-widget elementor-widget-heading\" data-id=\"b8c4634\" data-element_type=\"widget\" data-widget_type=\"heading.default\">\n\t\t\t\t<div class=\"elementor-widget-container\">\n\t\t\t\t\t<h2 class=\"elementor-heading-title elementor-size-default\">Ostatn\u00ed poradensk\u00e9 slu\u017eby<\/h2>\t\t\t\t<\/div>\n\t\t\t\t<\/div>\n\t\t\t\t<div class=\"elementor-element elementor-element-701b607 elementor-widget elementor-widget-text-editor\" data-id=\"701b607\" data-element_type=\"widget\" data-widget_type=\"text-editor.default\">\n\t\t\t\t<div class=\"elementor-widget-container\">\n\t\t\t\t\t\t\t\t\t<p>Posky\u00adtu\u00adjeme celou \u0159adu dal\u0161\u00edch slu\u017eeb, kter\u00e9 \u0161ijeme na m\u00edru z\u00e1kazn\u00edk\u016fm. Pro ten\u00adto \u00fa\u010del je ide\u00e1l\u00adn\u00edm vstup\u00adn\u00edm m\u00edstem na\u0161e Porad\u00adna. Kter\u00e1 ZDARMA posky\u00adtu\u00adje poraden\u00adstv\u00ed pro ve\u0159e\u00adjnost v&nbsp;oblasti \u00faspor energie a&nbsp;vyu\u017e\u00edv\u00e1n\u00ed obnovitel\u00adn\u00fdch zdro\u00adj\u016f energie. Porad\u00adna je sou\u010d\u00e1st\u00ed s\u00edt\u011b EKIS (Ener\u00adget\u00adick\u00e1 konzul\u00adta\u010dn\u00ed a&nbsp;infor\u00adma\u010dn\u00ed st\u0159ediska), kter\u00e1 provozu\u00adjeme s&nbsp;dota\u010dn\u00ed pod\u00adporou MPO v&nbsp;na\u0161ich pobo\u010dk\u00e1ch \u010cesk\u00e9 Bud\u011bjovice, Plze\u0148 a&nbsp;Pra\u00adha. Pokud to k&nbsp;n\u00e1m m\u00e1te daleko, m\u016f\u017eete polo\u017eit dotaz p\u0159es on-line porad\u00adnu&nbsp;<a href=\"https:\/\/www.mpo-efekt.cz\/cz\/ekis\/polozit-dotaz-pro-stredisko?ekis=5321743be0c4e3438822185d3784c58f\">www.mpo-efekt.cz<\/a>&nbsp; p\u0159\u00ed\u00admo na\u0161e\u00admu st\u0159edisku.<\/p>\t\t\t\t\t\t\t\t<\/div>\n\t\t\t\t<\/div>\n\t\t\t\t<div class=\"elementor-element elementor-element-c32390b elementor-widget elementor-widget-button\" data-id=\"c32390b\" data-element_type=\"widget\" data-widget_type=\"button.default\">\n\t\t\t\t<div class=\"elementor-widget-container\">\n\t\t\t\t\t\t\t\t\t<div class=\"elementor-button-wrapper\">\n\t\t\t\t\t<a class=\"elementor-button elementor-button-link elementor-size-sm\" href=\"https:\/\/ekowatt.cz\/index.php\/sluzby\/\">\n\t\t\t\t\t\t<span class=\"elementor-button-content-wrapper\">\n\t\t\t\t\t\t\t\t\t<span class=\"elementor-button-text\">V\u0161ech\u00adny slu\u017eby<\/span>\n\t\t\t\t\t<\/span>\n\t\t\t\t\t<\/a>\n\t\t\t\t<\/div>\n\t\t\t\t\t\t\t\t<\/div>\n\t\t\t\t<\/div>\n\t\t\t\t<\/div>\n\t\t\t\t\t<\/div>\n\t\t\t\t<\/div>\n\t\t<div class=\"elementor-element elementor-element-5247d8a e-flex e-con-boxed e-con e-parent\" data-id=\"5247d8a\" data-element_type=\"container\">\n\t\t\t\t\t<div class=\"e-con-inner\">\n\t\t<div class=\"elementor-element elementor-element-41bef5f e-con-full e-flex e-con e-child\" data-id=\"41bef5f\" data-element_type=\"container\">\n\t\t\t\t<div class=\"elementor-element elementor-element-7028684 elementor-widget elementor-widget-heading\" data-id=\"7028684\" data-element_type=\"widget\" data-widget_type=\"heading.default\">\n\t\t\t\t<div class=\"elementor-widget-container\">\n\t\t\t\t\t<h2 class=\"elementor-heading-title elementor-size-default\">Co poradensk\u00e9 slu\u017eby zahrnuj\u00ed?&nbsp;<\/h2>\t\t\t\t<\/div>\n\t\t\t\t<\/div>\n\t\t\t\t<div class=\"elementor-element elementor-element-69a97cb3 elementor-widget elementor-widget-text-editor\" data-id=\"69a97cb3\" data-element_type=\"widget\" data-widget_type=\"text-editor.default\">\n\t\t\t\t<div class=\"elementor-widget-container\">\n\t\t\t\t\t\t\t\t\t<ul><li>Ener\u00adget\u00adick\u00fd man\u00adage\u00adment (EnMS)<\/li><li>Exter\u00adnal Ener\u00adgy Man\u00adag\u00ader (EEM)<\/li><li>Ener\u00adgy Effi\u00adcien\u00adcy Retro\u00adfit Sur\u00advey (EERS)<\/li><li>kon\u00adtro\u00adla kotl\u016f a&nbsp;klima\u00adti\u00adza\u00adc\u00ed (K+K)<\/li><li>lek\u00adtorsk\u00e1 \u010din\u00adnost (LEK)<\/li><li>konzul\u00adtace (KON)<\/li><li>sem\u00adi\u00adn\u00e1\u0159e (SEM)<\/li><li>tech\u00adnick\u00e1 due dili\u00adgence (TDD)<\/li><li><a href=\"http:\/\/ekowatt.cz\/sluzby\/ostatni-sluzby\/bezplatna-poradna-ekis\/\">bez\u00adplat\u00adn\u00e1 porad\u00adna pro ve\u0159e\u00adjnost (EKIS&nbsp;MPO)<\/a><\/li><\/ul>\t\t\t\t\t\t\t\t<\/div>\n\t\t\t\t<\/div>\n\t\t\t\t<\/div>\n\t\t<div class=\"elementor-element elementor-element-ca0857b e-con-full elementor-hidden-tablet elementor-hidden-mobile e-flex e-con e-child\" data-id=\"ca0857b\" data-element_type=\"container\">\n\t\t\t\t<div class=\"elementor-element elementor-element-7a4091c elementor-widget elementor-widget-image\" data-id=\"7a4091c\" data-element_type=\"widget\" data-widget_type=\"image.default\">\n\t\t\t\t<div class=\"elementor-widget-container\">\n\t\t\t\t\t\t\t\t\t\t\t\t\t\t\t<img loading=\"lazy\" decoding=\"async\" width=\"727\" height=\"464\" src=\"https:\/\/ekowatt.cz\/wp-content\/uploads\/2023\/12\/jrd-4.jpg\" class=\"attachment-large size-large wp-image-985\" alt srcset=\"https:\/\/ekowatt.cz\/wp-content\/uploads\/2023\/12\/jrd-4.jpg 727w, https:\/\/ekowatt.cz\/wp-content\/uploads\/2023\/12\/jrd-4-300x191.jpg 300w\" sizes=\"(max-width: 727px) 100vw, 727px\">\t\t\t\t\t\t\t\t\t\t\t\t\t\t\t<\/div>\n\t\t\t\t<\/div>\n\t\t\t\t<\/div>\n\t\t\t\t\t<\/div>\n\t\t\t\t<\/div>\n\t\t<div class=\"elementor-element elementor-element-77f0bf82 e-flex e-con-boxed e-con e-parent\" data-id=\"77f0bf82\" data-element_type=\"container\" data-settings=\"{&quot;background_background&quot;:&quot;classic&quot;}\">\n\t\t\t\t\t<div class=\"e-con-inner\">\n\t\t\t\t<div class=\"elementor-element elementor-element-1c80d355 elementor-widget elementor-widget-heading\" data-id=\"1c80d355\" data-element_type=\"widget\" data-widget_type=\"heading.default\">\n\t\t\t\t<div class=\"elementor-widget-container\">\n\t\t\t\t\t<h2 class=\"elementor-heading-title elementor-size-default\">Na\u0161e pr\u00e1ce<\/h2>\t\t\t\t<\/div>\n\t\t\t\t<\/div>\n\t\t\t\t<div class=\"elementor-element elementor-element-694b05a elementor-widget elementor-widget-ucaddon_post_blocks\" data-id=\"694b05a\" data-element_type=\"widget\" data-widget_type=\"ucaddon_post_blocks.default\">\n\t\t\t\t<div class=\"elementor-widget-container\">\n\t\t\t\t\t\n<!-- start Post Blocks -->\n\t\t<link id=\"font-awesome-css\" href=\"https:\/\/ekowatt.cz\/wp-content\/plugins\/unlimited-elements-for-elementor\/assets_libraries\/font-awesome6\/fontawesome-all.min.css\" type=\"text\/css\" rel=\"stylesheet\">\n\t\t<link id=\"font-awesome-4-shim-css\" href=\"https:\/\/ekowatt.cz\/wp-content\/plugins\/unlimited-elements-for-elementor\/assets_libraries\/font-awesome6\/fontawesome-v4-shims.min.css\" type=\"text\/css\" rel=\"stylesheet\">\n\n<style>\/* widget: Post Blocks *\/\n\n\n\n#uc_post_blocks_elementor_694b05a {\n    display:grid;\n}\n#uc_post_blocks_elementor_694b05a .ue_post_blocks_box\n{\n  overflow:hidden;\n}\n\n#uc_post_blocks_elementor_694b05a .ue_post_blocks_image\n{\n  overflow:hidden;\n}\n#uc_post_blocks_elementor_694b05a .ue_post_blocks_image img\n{\n  width:100%;\n  display:block;\n}\n#uc_post_blocks_elementor_694b05a .ue_post_blocks_link a\n{\n  display:inline-block;\n  text-decoration:none;\n  text-align:center;\n}\n\n\n#uc_post_blocks_elementor_694b05a .ue-grid-item-meta-data\n{\n  display:inlin-flex;\n  flex-wrap: wrap;\n}\n\n.ue-grid-item-meta-data\n{\n  font-size:12px;\n}\n\n#uc_post_blocks_elementor_694b05a .ue-grid-item-meta-data-icon\n{\n  line-height:1em;\n}\n\n#uc_post_blocks_elementor_694b05a .ue-grid-item-meta-data-icon svg\n{\n  width:1em;\n  height:1em;\n}\n\n#uc_post_blocks_elementor_694b05a .ue_post_blocks_box{\n  display: flex;\n  flex-direction: column;\n}\n#uc_post_blocks_elementor_694b05a .ue_post_blocks_content{\n display: flex; flex-grow: 1;\n flex-direction: column;\n}\n#uc_post_blocks_elementor_694b05a .ue_post_blocks_link{ margin-top: auto;\n}\n\n.ue-grid-item-category a\n{\n  display:inline-block;\n  font-size:10px;\n  text-transform:uppercase;\n}\n\n\n\n\n<\/style>\n\n<div id=\"uc_post_blocks_elementor_694b05a\" class=\"ue_post_blocks uc-items-wrapper \">\n    <div class=\"ue_post_blocks_box\">\n    <div class=\"ue_post_blocks_image\">\n    <a href=\"https:\/\/ekowatt.cz\/index.php\/2023\/12\/19\/administrativni-budova-florenc-office-center\/\" style=\"display:block;\"><img loading=\"lazy\" decoding=\"async\" src=\"https:\/\/ekowatt.cz\/wp-content\/uploads\/2023\/12\/blog-1.png\" alt=\"blog 1\" width=\"420\" height=\"280\"><\/a>\n  <\/div>\n    <div class=\"ue_post_blocks_content\">\n      \n     \n         \n    <div class=\"ue_post_blocks_title\"><a href=\"https:\/\/ekowatt.cz\/index.php\/2023\/12\/19\/administrativni-budova-florenc-office-center\/\">Admin\u00adis\u00adtra\u00adtivn\u00ed budo\u00adva Flo\u00adrenc Office Center<\/a><\/div>    \n        \n    \n    <div class=\"ue_post_blocks_text\">Admin\u00adis\u00adtra\u00adtivn\u00ed budo\u00adva Flo\u00adrenc Office Cen\u00adter\n\n\n\n\nBudo\u00adva z&nbsp;roku\u2026<\/div>        \t<div class=\"ue_post_blocks_link\">\n          <a class=\" \" href=\"https:\/\/ekowatt.cz\/index.php\/2023\/12\/19\/administrativni-budova-florenc-office-center\/\">\u010c\u00edst v\u00edce<\/a>\n    \t<\/div>\n      <\/div>\n<\/div>\n<div class=\"ue_post_blocks_box\">\n    <div class=\"ue_post_blocks_image\">\n    <a href=\"https:\/\/ekowatt.cz\/index.php\/2023\/12\/19\/administrativne-obchodni-centrum-myslbek\/\" style=\"display:block;\"><img loading=\"lazy\" decoding=\"async\" src=\"https:\/\/ekowatt.cz\/wp-content\/uploads\/2023\/12\/blog-24-1.jpg\" alt=\"blog 24\" width=\"420\" height=\"280\"><\/a>\n  <\/div>\n    <div class=\"ue_post_blocks_content\">\n      \n     \n         \n    <div class=\"ue_post_blocks_title\"><a href=\"https:\/\/ekowatt.cz\/index.php\/2023\/12\/19\/administrativne-obchodni-centrum-myslbek\/\">Admin\u00adis\u00adtra\u00adtivn\u011b obchod\u00adn\u00ed cen\u00adtrum Myslbek<\/a><\/div>    \n        \n    \n    <div class=\"ue_post_blocks_text\">Admin\u00adis\u00adtra\u00adtivn\u011b obchod\u00adn\u00ed cen\u00adtrum Myslbek\n\n\n\n\nSedmipodla\u017en\u00ed\u2026<\/div>        \t<div class=\"ue_post_blocks_link\">\n          <a class=\" \" href=\"https:\/\/ekowatt.cz\/index.php\/2023\/12\/19\/administrativne-obchodni-centrum-myslbek\/\">\u010c\u00edst v\u00edce<\/a>\n    \t<\/div>\n      <\/div>\n<\/div>\n<div class=\"ue_post_blocks_box\">\n    <div class=\"ue_post_blocks_image\">\n    <a href=\"https:\/\/ekowatt.cz\/index.php\/2023\/12\/19\/administrativne-obchodni-centrum-ibc-international-business-center\/\" style=\"display:block;\"><img loading=\"lazy\" decoding=\"async\" src=\"https:\/\/ekowatt.cz\/wp-content\/uploads\/2023\/12\/blog-23.jpg\" alt=\"blog 23\" width=\"420\" height=\"280\"><\/a>\n  <\/div>\n    <div class=\"ue_post_blocks_content\">\n      \n     \n         \n    <div class=\"ue_post_blocks_title\"><a href=\"https:\/\/ekowatt.cz\/index.php\/2023\/12\/19\/administrativne-obchodni-centrum-ibc-international-business-center\/\">Admin\u00adis\u00adtra\u00adtivn\u011b obchod\u00adn\u00ed cen\u00adtrum IBC (Inter\u00adna\u00adtion\u00adal Busi\u00adness Center)<\/a><\/div>    \n        \n    \n    <div class=\"ue_post_blocks_text\">Admin\u00adis\u00adtra\u00adtivn\u011b obchod\u00adn\u00ed cen\u00adtrum IBC (Inter\u00adna\u00adtion\u00adal Business\u2026<\/div>        \t<div class=\"ue_post_blocks_link\">\n          <a class=\" \" href=\"https:\/\/ekowatt.cz\/index.php\/2023\/12\/19\/administrativne-obchodni-centrum-ibc-international-business-center\/\">\u010c\u00edst v\u00edce<\/a>\n    \t<\/div>\n      <\/div>\n<\/div>\n\n<\/div>\n<!-- end Post Blocks -->\t\t\t\t<\/div>\n\t\t\t\t<\/div>\n\t\t\t\t<div class=\"elementor-element elementor-element-70cc2618 elementor-align-center elementor-widget elementor-widget-button\" data-id=\"70cc2618\" data-element_type=\"widget\" data-widget_type=\"button.default\">\n\t\t\t\t<div class=\"elementor-widget-container\">\n\t\t\t\t\t\t\t\t\t<div class=\"elementor-button-wrapper\">\n\t\t\t\t\t<a class=\"elementor-button elementor-button-link elementor-size-sm\" href=\"https:\/\/ekowatt.cz\/index.php\/reference\/\">\n\t\t\t\t\t\t<span class=\"elementor-button-content-wrapper\">\n\t\t\t\t\t\t\t\t\t<span class=\"elementor-button-text\">V\u0161ech\u00adny reference<\/span>\n\t\t\t\t\t<\/span>\n\t\t\t\t\t<\/a>\n\t\t\t\t<\/div>\n\t\t\t\t\t\t\t\t<\/div>\n\t\t\t\t<\/div>\n\t\t\t\t\t<\/div>\n\t\t\t\t<\/div>\n\t\t<div class=\"elementor-element elementor-element-76f38c3b e-flex e-con-boxed e-con e-parent\" data-id=\"76f38c3b\" data-element_type=\"container\" data-settings=\"{&quot;background_background&quot;:&quot;classic&quot;}\">\n\t\t\t\t\t<div class=\"e-con-inner\">\n\t\t\t\t<div class=\"elementor-element elementor-element-2389eb3e elementor-widget elementor-widget-heading\" data-id=\"2389eb3e\" data-element_type=\"widget\" data-widget_type=\"heading.default\">\n\t\t\t\t<div class=\"elementor-widget-container\">\n\t\t\t\t\t<h2 class=\"elementor-heading-title elementor-size-default\">M\u00e1te z\u00e1jem o&nbsp;na\u0161e slu\u017eby?<\/h2>\t\t\t\t<\/div>\n\t\t\t\t<\/div>\n\t\t\t\t<div class=\"elementor-element elementor-element-82eb6f7 elementor-widget elementor-widget-text-editor\" data-id=\"82eb6f7\" data-element_type=\"widget\" data-widget_type=\"text-editor.default\">\n\t\t\t\t<div class=\"elementor-widget-container\">\n\t\t\t\t\t\t\t\t\t<p>Napi\u0161te n\u00e1m nebo zav\u00adole\u00adjte, r\u00e1di v\u00e1m pom\u016f\u017eeme.<\/p>\t\t\t\t\t\t\t\t<\/div>\n\t\t\t\t<\/div>\n\t\t\t\t<div class=\"elementor-element elementor-element-27e80f24 elementor-align-center elementor-widget elementor-widget-button\" data-id=\"27e80f24\" data-element_type=\"widget\" data-widget_type=\"button.default\">\n\t\t\t\t<div class=\"elementor-widget-container\">\n\t\t\t\t\t\t\t\t\t<div class=\"elementor-button-wrapper\">\n\t\t\t\t\t<a class=\"elementor-button elementor-button-link elementor-size-sm\" href=\"https:\/\/ekowatt.cz\/index.php\/kontakt\/\">\n\t\t\t\t\t\t<span class=\"elementor-button-content-wrapper\">\n\t\t\t\t\t\t\t\t\t<span class=\"elementor-button-text\">Kon\u00adtakt<\/span>\n\t\t\t\t\t<\/span>\n\t\t\t\t\t<\/a>\n\t\t\t\t<\/div>\n\t\t\t\t\t\t\t\t<\/div>\n\t\t\t\t<\/div>\n\t\t\t\t\t<\/div>\n\t\t\t\t<\/div>\n\t\t\t\t<\/div>\n\t\t","protected":false},"excerpt":{"rendered":"<p>Ostat\u00adn\u00ed poraden\u00adsk\u00e9 slu\u017e\u00adby Posky\u00adtu\u00adjeme celou \u0159adu dal\u0161\u00edch slu\u017eeb, kter\u00e9 \u0161ijeme na m\u00edru z\u00e1kazn\u00edk\u016fm. Pro ten\u00adto \u00fa\u010del je ide\u00e1l\u00adn\u00edm vstup\u00adn\u00edm m\u00edstem na\u0161e Porad\u00adna. Kter\u00e1 ZDARMA posky\u00adtu\u00adje poraden\u00adstv\u00ed pro ve\u0159e\u00adjnost v&nbsp;oblasti \u00faspor energie a&nbsp;vyu\u017e\u00edv\u00e1n\u00ed obnovitel\u00adn\u00fdch zdro\u00adj\u016f energie. Porad\u00adna je sou\u010d\u00e1st\u00ed s\u00edt\u011b EKIS (Ener\u00adget\u00adick\u00e1 konzul\u00adta\u010dn\u00ed a&nbsp;infor\u00adma\u010dn\u00ed st\u0159ediska), kter\u00e1 provozu\u00adjeme s&nbsp;dota\u010dn\u00ed pod\u00adporou MPO v&nbsp;na\u0161ich pobo\u010dk\u00e1ch \u010cesk\u00e9 Bud\u011bjovice, Plze\u0148 a&nbsp;Praha.&nbsp;[\u2026]<\/p>\n","protected":false},"author":1,"featured_media":0,"parent":0,"menu_order":0,"comment_status":"closed","ping_status":"closed","template":"","meta":{"wp_typography_post_enhancements_disabled":false,"site-sidebar-layout":"no-sidebar","site-content-layout":"","ast-site-content-layout":"full-width-container","site-content-style":"default","site-sidebar-style":"default","ast-global-header-display":"","ast-banner-title-visibility":"","ast-main-header-display":"","ast-hfb-above-header-display":"","ast-hfb-below-header-display":"","ast-hfb-mobile-header-display":"","site-post-title":"disabled","ast-breadcrumbs-content":"","ast-featured-img":"disabled","footer-sml-layout":"","ast-disable-related-posts":"","theme-transparent-header-meta":"","adv-header-id-meta":"","stick-header-meta":"","header-above-stick-meta":"","header-main-stick-meta":"","header-below-stick-meta":"","astra-migrate-meta-layouts":"default","ast-page-background-enabled":"default","ast-page-background-meta":{"desktop":{"background-color":"var(--ast-global-color-4)","background-image":"","background-repeat":"repeat","background-position":"center center","background-size":"auto","background-attachment":"scroll","background-type":"","background-media":"","overlay-type":"","overlay-color":"","overlay-opacity":"","overlay-gradient":""},"tablet":{"background-color":"","background-image":"","background-repeat":"repeat","background-position":"center center","background-size":"auto","background-attachment":"scroll","background-type":"","background-media":"","overlay-type":"","overlay-color":"","overlay-opacity":"","overlay-gradient":""},"mobile":{"background-color":"","background-image":"","background-repeat":"repeat","background-position":"center center","background-size":"auto","background-attachment":"scroll","background-type":"","background-media":"","overlay-type":"","overlay-color":"","overlay-opacity":"","overlay-gradient":""}},"ast-content-background-meta":{"desktop":{"background-color":"var(--ast-global-color-5)","background-image":"","background-repeat":"repeat","background-position":"center center","background-size":"auto","background-attachment":"scroll","background-type":"","background-media":"","overlay-type":"","overlay-color":"","overlay-opacity":"","overlay-gradient":""},"tablet":{"background-color":"var(--ast-global-color-5)","background-image":"","background-repeat":"repeat","background-position":"center center","background-size":"auto","background-attachment":"scroll","background-type":"","background-media":"","overlay-type":"","overlay-color":"","overlay-opacity":"","overlay-gradient":""},"mobile":{"background-color":"var(--ast-global-color-5)","background-image":"","background-repeat":"repeat","background-position":"center center","background-size":"auto","background-attachment":"scroll","background-type":"","background-media":"","overlay-type":"","overlay-color":"","overlay-opacity":"","overlay-gradient":""}},"footnotes":""},"class_list":["post-636","page","type-page","status-publish","hentry"],"_links":{"self":[{"href":"https:\/\/ekowatt.cz\/index.php\/wp-json\/wp\/v2\/pages\/636","targetHints":{"allow":["GET"]}}],"collection":[{"href":"https:\/\/ekowatt.cz\/index.php\/wp-json\/wp\/v2\/pages"}],"about":[{"href":"https:\/\/ekowatt.cz\/index.php\/wp-json\/wp\/v2\/types\/page"}],"author":[{"embeddable":true,"href":"https:\/\/ekowatt.cz\/index.php\/wp-json\/wp\/v2\/users\/1"}],"replies":[{"embeddable":true,"href":"https:\/\/ekowatt.cz\/index.php\/wp-json\/wp\/v2\/comments?post=636"}],"version-history":[{"count":74,"href":"https:\/\/ekowatt.cz\/index.php\/wp-json\/wp\/v2\/pages\/636\/revisions"}],"predecessor-version":[{"id":2794,"href":"https:\/\/ekowatt.cz\/index.php\/wp-json\/wp\/v2\/pages\/636\/revisions\/2794"}],"wp:attachment":[{"href":"https:\/\/ekowatt.cz\/index.php\/wp-json\/wp\/v2\/media?parent=636"}],"curies":[{"name":"wp","href":"https:\/\/api.w.org\/{rel}","templated":true}]}}